{"id":1882,"date":"2026-02-19T16:24:15","date_gmt":"2026-02-19T16:24:15","guid":{"rendered":"https:\/\/ksroom.at\/info\/?page_id=1882"},"modified":"2026-02-19T17:45:47","modified_gmt":"2026-02-19T17:45:47","slug":"listening-to-carrots-grow","status":"publish","type":"page","link":"https:\/\/ksroom.at\/info\/archiv\/2021-2\/listening-to-carrots-grow\/","title":{"rendered":"Listening to carrots grow"},"content":{"rendered":"\n<p>Er\u00f6ffnung Freitag, August 6th 2021, 17.00<\/p>\n\n\n\n<h4 class=\"wp-block-heading\">Performance von Darja Shatalova, Manuel Cyrill Bachinger &amp; Alexander Martinz<br>ab 17:00 Uhr<\/h4>\n\n\n\n<p><em>Manuel Cyrill Bachinger, Felix Dennhardt, Nicholas Hoffman, Rashi Rajguru, Ulla Rauter, Darja Shatalova, Benjamin Tomasi &amp; Bernhard Garnicnig.<\/em><\/p>\n\n\n\n<p>Wie h\u00f6ren wir Landschaft r\u00fcckw\u00e4rts? Wie klingt Zeit in organische Formen gegossen? Wie f\u00fchlt es sich an, einer \u00dcbersetzung von Wind zu lauschen? Wie laut kann Stille sein und wie klingen&nbsp;<br>Geschichten, erz\u00e4hlt von Karotten?<\/p>\n\n\n\n<p>Fragen wie diese stellen wir uns mit Listening to carrots grow. Der KS Room wird als Klang- und Erfahrungsraum erschlossen, in dem die Werke Fragen aus den Feldern Natur\/Kultur,&nbsp;<br>Kunst\/Wissenschaft, Sprache\/Verst\u00e4ndigung aufgreifen und verschr\u00e4nken, und durch die Kombination der Positionen potenziell neue Perspektiven auf die einzelnen Themenbereiche er\u00f6ffnen. In korrespondierenden k\u00fcnstlerischen Praktiken und dialogischen Konstellationen befragen sich die Arbeiten auch in Hinblick auf Relationen und Bedingtheiten von Technologien, Materialien und ihr Potenzial ephemerer Entfaltung.<\/p>\n\n\n\n<p>So wird in der Ausstellung sinnliches Terrain erkundet, auf dem mediale Grenzen verschwimmen, unsere Wahrnehmung herausgefordert wird und sich poetische M\u00f6glichkeiten im Miteinander der, an den versammelten Werken erprobten, (klang)k\u00fcnstlerischen Interpretations-, Translations- und Transformationsprozesse auftun.<\/p>\n\n\n\n<p>Eingeladen von Slogans Will Change<br><\/p>\n\n\n\n<figure class=\"wp-block-gallery has-nested-images columns-default is-cropped wp-block-gallery-1 is-layout-flex wp-block-gallery-is-layout-flex\">\n<figure class=\"wp-block-image size-large\"><img loading=\"lazy\" decoding=\"async\" width=\"897\" height=\"641\" data-attachment-id=\"1884\" data-permalink=\"https:\/\/ksroom.at\/info\/archiv\/2021-2\/listening-to-carrots-grow\/c6f1716a-5882-a01b-7ec7-250f4c425b7d\/\" data-orig-file=\"https:\/\/i0.wp.com\/ksroom.at\/info\/wp-content\/uploads\/2026\/02\/c6f1716a-5882-a01b-7ec7-250f4c425b7d-scaled.jpg?fit=2560%2C1829&amp;ssl=1\" data-orig-size=\"2560,1829\" data-comments-opened=\"0\" data-image-meta=\"{&quot;aperture&quot;:&quot;22&quot;,&quot;credit&quot;:&quot;&quot;,&quot;camera&quot;:&quot;ILCE-7M2&quot;,&quot;caption&quot;:&quot;&quot;,&quot;created_timestamp&quot;:&quot;1627994309&quot;,&quot;copyright&quot;:&quot;&quot;,&quot;focal_length&quot;:&quot;28&quot;,&quot;iso&quot;:&quot;100&quot;,&quot;shutter_speed&quot;:&quot;0.33333333333333&quot;,&quot;title&quot;:&quot;&quot;,&quot;orientation&quot;:&quot;0&quot;}\" data-image-title=\"c6f1716a-5882-a01b-7ec7-250f4c425b7d\" data-image-description=\"\" data-image-caption=\"\" data-medium-file=\"https:\/\/i0.wp.com\/ksroom.at\/info\/wp-content\/uploads\/2026\/02\/c6f1716a-5882-a01b-7ec7-250f4c425b7d-scaled.jpg?fit=300%2C214&amp;ssl=1\" data-large-file=\"https:\/\/i0.wp.com\/ksroom.at\/info\/wp-content\/uploads\/2026\/02\/c6f1716a-5882-a01b-7ec7-250f4c425b7d-scaled.jpg?fit=897%2C641&amp;ssl=1\" data-id=\"1884\" src=\"https:\/\/i0.wp.com\/ksroom.at\/info\/wp-content\/uploads\/2026\/02\/c6f1716a-5882-a01b-7ec7-250f4c425b7d-897x641.jpg?resize=897%2C641&#038;ssl=1\" alt=\"\" class=\"wp-image-1884\" srcset=\"https:\/\/i0.wp.com\/ksroom.at\/info\/wp-content\/uploads\/2026\/02\/c6f1716a-5882-a01b-7ec7-250f4c425b7d-scaled.jpg?resize=897%2C641&amp;ssl=1 897w, https:\/\/i0.wp.com\/ksroom.at\/info\/wp-content\/uploads\/2026\/02\/c6f1716a-5882-a01b-7ec7-250f4c425b7d-scaled.jpg?resize=300%2C214&amp;ssl=1 300w, https:\/\/i0.wp.com\/ksroom.at\/info\/wp-content\/uploads\/2026\/02\/c6f1716a-5882-a01b-7ec7-250f4c425b7d-scaled.jpg?resize=1536%2C1097&amp;ssl=1 1536w, https:\/\/i0.wp.com\/ksroom.at\/info\/wp-content\/uploads\/2026\/02\/c6f1716a-5882-a01b-7ec7-250f4c425b7d-scaled.jpg?resize=2048%2C1463&amp;ssl=1 2048w\" sizes=\"(max-width: 897px) 100vw, 897px\" data-recalc-dims=\"1\" \/><\/figure>\n\n\n\n<figure class=\"wp-block-image size-large\"><img loading=\"lazy\" decoding=\"async\" width=\"427\" height=\"641\" data-attachment-id=\"1420\" data-permalink=\"https:\/\/ksroom.at\/info\/archiv\/2025-2\/listening-the-carrots-grow\/performance-17\/\" data-orig-file=\"https:\/\/i0.wp.com\/ksroom.at\/info\/wp-content\/uploads\/2024\/06\/Performance-17-scaled.jpg?fit=1707%2C2560&amp;ssl=1\" data-orig-size=\"1707,2560\" data-comments-opened=\"0\" data-image-meta=\"{&quot;aperture&quot;:&quot;8&quot;,&quot;credit&quot;:&quot;&quot;,&quot;camera&quot;:&quot;ILCE-7M2&quot;,&quot;caption&quot;:&quot;&quot;,&quot;created_timestamp&quot;:&quot;1628272750&quot;,&quot;copyright&quot;:&quot;&quot;,&quot;focal_length&quot;:&quot;70&quot;,&quot;iso&quot;:&quot;1000&quot;,&quot;shutter_speed&quot;:&quot;0.011111111111111&quot;,&quot;title&quot;:&quot;&quot;,&quot;orientation&quot;:&quot;0&quot;}\" data-image-title=\"Performance-17\" data-image-description=\"\" data-image-caption=\"\" data-medium-file=\"https:\/\/i0.wp.com\/ksroom.at\/info\/wp-content\/uploads\/2024\/06\/Performance-17-scaled.jpg?fit=200%2C300&amp;ssl=1\" data-large-file=\"https:\/\/i0.wp.com\/ksroom.at\/info\/wp-content\/uploads\/2024\/06\/Performance-17-scaled.jpg?fit=427%2C641&amp;ssl=1\" data-id=\"1420\" src=\"https:\/\/i0.wp.com\/ksroom.at\/info\/wp-content\/uploads\/2024\/06\/Performance-17-427x641.jpg?resize=427%2C641&#038;ssl=1\" alt=\"\" class=\"wp-image-1420\" srcset=\"https:\/\/i0.wp.com\/ksroom.at\/info\/wp-content\/uploads\/2024\/06\/Performance-17-scaled.jpg?resize=427%2C641&amp;ssl=1 427w, https:\/\/i0.wp.com\/ksroom.at\/info\/wp-content\/uploads\/2024\/06\/Performance-17-scaled.jpg?resize=200%2C300&amp;ssl=1 200w, https:\/\/i0.wp.com\/ksroom.at\/info\/wp-content\/uploads\/2024\/06\/Performance-17-scaled.jpg?resize=1024%2C1536&amp;ssl=1 1024w, https:\/\/i0.wp.com\/ksroom.at\/info\/wp-content\/uploads\/2024\/06\/Performance-17-scaled.jpg?resize=1365%2C2048&amp;ssl=1 1365w, https:\/\/i0.wp.com\/ksroom.at\/info\/wp-content\/uploads\/2024\/06\/Performance-17-scaled.jpg?w=1707&amp;ssl=1 1707w\" sizes=\"(max-width: 427px) 100vw, 427px\" data-recalc-dims=\"1\" \/><\/figure>\n\n\n\n<figure class=\"wp-block-image size-large\"><img loading=\"lazy\" decoding=\"async\" width=\"427\" height=\"641\" data-attachment-id=\"1417\" data-permalink=\"https:\/\/ksroom.at\/info\/archiv\/2025-2\/listening-the-carrots-grow\/performance-38-large\/\" data-orig-file=\"https:\/\/i0.wp.com\/ksroom.at\/info\/wp-content\/uploads\/2024\/06\/Performance-38-Large.jpeg?fit=853%2C1280&amp;ssl=1\" data-orig-size=\"853,1280\" data-comments-opened=\"0\" data-image-meta=\"{&quot;aperture&quot;:&quot;8&quot;,&quot;credit&quot;:&quot;&quot;,&quot;camera&quot;:&quot;ILCE-7M2&quot;,&quot;caption&quot;:&quot;&quot;,&quot;created_timestamp&quot;:&quot;1628273603&quot;,&quot;copyright&quot;:&quot;&quot;,&quot;focal_length&quot;:&quot;55&quot;,&quot;iso&quot;:&quot;1000&quot;,&quot;shutter_speed&quot;:&quot;0.011111111111111&quot;,&quot;title&quot;:&quot;&quot;,&quot;orientation&quot;:&quot;1&quot;}\" data-image-title=\"Performance-38-Large\" data-image-description=\"\" data-image-caption=\"\" data-medium-file=\"https:\/\/i0.wp.com\/ksroom.at\/info\/wp-content\/uploads\/2024\/06\/Performance-38-Large.jpeg?fit=200%2C300&amp;ssl=1\" data-large-file=\"https:\/\/i0.wp.com\/ksroom.at\/info\/wp-content\/uploads\/2024\/06\/Performance-38-Large.jpeg?fit=427%2C641&amp;ssl=1\" data-id=\"1417\" src=\"https:\/\/i0.wp.com\/ksroom.at\/info\/wp-content\/uploads\/2024\/06\/Performance-38-Large-427x641.jpeg?resize=427%2C641&#038;ssl=1\" alt=\"\" class=\"wp-image-1417\" srcset=\"https:\/\/i0.wp.com\/ksroom.at\/info\/wp-content\/uploads\/2024\/06\/Performance-38-Large.jpeg?resize=427%2C641&amp;ssl=1 427w, https:\/\/i0.wp.com\/ksroom.at\/info\/wp-content\/uploads\/2024\/06\/Performance-38-Large.jpeg?resize=200%2C300&amp;ssl=1 200w, https:\/\/i0.wp.com\/ksroom.at\/info\/wp-content\/uploads\/2024\/06\/Performance-38-Large.jpeg?w=853&amp;ssl=1 853w\" sizes=\"(max-width: 427px) 100vw, 427px\" data-recalc-dims=\"1\" \/><\/figure>\n\n\n\n<figure class=\"wp-block-image size-large\"><img loading=\"lazy\" decoding=\"async\" width=\"962\" height=\"641\" data-attachment-id=\"1415\" data-permalink=\"https:\/\/ksroom.at\/info\/archiv\/2025-2\/listening-the-carrots-grow\/performance-34-large\/\" data-orig-file=\"https:\/\/i0.wp.com\/ksroom.at\/info\/wp-content\/uploads\/2024\/06\/Performance-34-Large.jpeg?fit=1280%2C853&amp;ssl=1\" data-orig-size=\"1280,853\" data-comments-opened=\"0\" data-image-meta=\"{&quot;aperture&quot;:&quot;8&quot;,&quot;credit&quot;:&quot;&quot;,&quot;camera&quot;:&quot;ILCE-7M2&quot;,&quot;caption&quot;:&quot;&quot;,&quot;created_timestamp&quot;:&quot;1628273554&quot;,&quot;copyright&quot;:&quot;&quot;,&quot;focal_length&quot;:&quot;64&quot;,&quot;iso&quot;:&quot;1000&quot;,&quot;shutter_speed&quot;:&quot;0.011111111111111&quot;,&quot;title&quot;:&quot;&quot;,&quot;orientation&quot;:&quot;1&quot;}\" data-image-title=\"Performance-34-Large\" data-image-description=\"\" data-image-caption=\"\" data-medium-file=\"https:\/\/i0.wp.com\/ksroom.at\/info\/wp-content\/uploads\/2024\/06\/Performance-34-Large.jpeg?fit=300%2C200&amp;ssl=1\" data-large-file=\"https:\/\/i0.wp.com\/ksroom.at\/info\/wp-content\/uploads\/2024\/06\/Performance-34-Large.jpeg?fit=962%2C641&amp;ssl=1\" data-id=\"1415\" src=\"https:\/\/i0.wp.com\/ksroom.at\/info\/wp-content\/uploads\/2024\/06\/Performance-34-Large-962x641.jpeg?resize=962%2C641&#038;ssl=1\" alt=\"\" class=\"wp-image-1415\" srcset=\"https:\/\/i0.wp.com\/ksroom.at\/info\/wp-content\/uploads\/2024\/06\/Performance-34-Large.jpeg?resize=962%2C641&amp;ssl=1 962w, https:\/\/i0.wp.com\/ksroom.at\/info\/wp-content\/uploads\/2024\/06\/Performance-34-Large.jpeg?resize=300%2C200&amp;ssl=1 300w, https:\/\/i0.wp.com\/ksroom.at\/info\/wp-content\/uploads\/2024\/06\/Performance-34-Large.jpeg?w=1280&amp;ssl=1 1280w\" sizes=\"(max-width: 962px) 100vw, 962px\" data-recalc-dims=\"1\" \/><\/figure>\n\n\n\n<figure class=\"wp-block-image size-large\"><img loading=\"lazy\" decoding=\"async\" width=\"1037\" height=\"641\" data-attachment-id=\"1398\" data-permalink=\"https:\/\/ksroom.at\/info\/archiv\/2025-2\/listening-the-carrots-grow\/performance-15-large\/\" data-orig-file=\"https:\/\/i0.wp.com\/ksroom.at\/info\/wp-content\/uploads\/2024\/06\/Performance-15-Large.jpeg?fit=1280%2C791&amp;ssl=1\" data-orig-size=\"1280,791\" data-comments-opened=\"0\" data-image-meta=\"{&quot;aperture&quot;:&quot;8&quot;,&quot;credit&quot;:&quot;&quot;,&quot;camera&quot;:&quot;ILCE-7M2&quot;,&quot;caption&quot;:&quot;&quot;,&quot;created_timestamp&quot;:&quot;1628272704&quot;,&quot;copyright&quot;:&quot;&quot;,&quot;focal_length&quot;:&quot;31&quot;,&quot;iso&quot;:&quot;1000&quot;,&quot;shutter_speed&quot;:&quot;0.011111111111111&quot;,&quot;title&quot;:&quot;&quot;,&quot;orientation&quot;:&quot;1&quot;}\" data-image-title=\"Performance-15-Large\" data-image-description=\"\" data-image-caption=\"\" data-medium-file=\"https:\/\/i0.wp.com\/ksroom.at\/info\/wp-content\/uploads\/2024\/06\/Performance-15-Large.jpeg?fit=300%2C185&amp;ssl=1\" data-large-file=\"https:\/\/i0.wp.com\/ksroom.at\/info\/wp-content\/uploads\/2024\/06\/Performance-15-Large.jpeg?fit=1037%2C641&amp;ssl=1\" data-id=\"1398\" src=\"https:\/\/i0.wp.com\/ksroom.at\/info\/wp-content\/uploads\/2024\/06\/Performance-15-Large-1037x641.jpeg?resize=1037%2C641&#038;ssl=1\" alt=\"\" class=\"wp-image-1398\" srcset=\"https:\/\/i0.wp.com\/ksroom.at\/info\/wp-content\/uploads\/2024\/06\/Performance-15-Large.jpeg?resize=1037%2C641&amp;ssl=1 1037w, https:\/\/i0.wp.com\/ksroom.at\/info\/wp-content\/uploads\/2024\/06\/Performance-15-Large.jpeg?resize=300%2C185&amp;ssl=1 300w, https:\/\/i0.wp.com\/ksroom.at\/info\/wp-content\/uploads\/2024\/06\/Performance-15-Large.jpeg?w=1280&amp;ssl=1 1280w\" sizes=\"(max-width: 1000px) 100vw, 1000px\" data-recalc-dims=\"1\" \/><\/figure>\n<\/figure>\n\n\n\n<figure class=\"wp-block-image size-large is-resized\"><img loading=\"lazy\" decoding=\"async\" width=\"344\" height=\"641\" data-attachment-id=\"1883\" data-permalink=\"https:\/\/ksroom.at\/info\/archiv\/2021-2\/listening-to-carrots-grow\/8e8a1123-535a-0f36-8572-ed466f290347\/\" data-orig-file=\"https:\/\/i0.wp.com\/ksroom.at\/info\/wp-content\/uploads\/2026\/02\/8e8a1123-535a-0f36-8572-ed466f290347.png?fit=644%2C1200&amp;ssl=1\" data-orig-size=\"644,1200\" data-comments-opened=\"0\" data-image-meta=\"{&quot;aperture&quot;:&quot;0&quot;,&quot;credit&quot;:&quot;&quot;,&quot;camera&quot;:&quot;&quot;,&quot;caption&quot;:&quot;&quot;,&quot;created_timestamp&quot;:&quot;0&quot;,&quot;copyright&quot;:&quot;&quot;,&quot;focal_length&quot;:&quot;0&quot;,&quot;iso&quot;:&quot;0&quot;,&quot;shutter_speed&quot;:&quot;0&quot;,&quot;title&quot;:&quot;&quot;,&quot;orientation&quot;:&quot;0&quot;}\" data-image-title=\"8e8a1123-535a-0f36-8572-ed466f290347\" data-image-description=\"\" data-image-caption=\"\" data-medium-file=\"https:\/\/i0.wp.com\/ksroom.at\/info\/wp-content\/uploads\/2026\/02\/8e8a1123-535a-0f36-8572-ed466f290347.png?fit=161%2C300&amp;ssl=1\" data-large-file=\"https:\/\/i0.wp.com\/ksroom.at\/info\/wp-content\/uploads\/2026\/02\/8e8a1123-535a-0f36-8572-ed466f290347.png?fit=344%2C641&amp;ssl=1\" src=\"https:\/\/i0.wp.com\/ksroom.at\/info\/wp-content\/uploads\/2026\/02\/8e8a1123-535a-0f36-8572-ed466f290347-344x641.png?resize=344%2C641&#038;ssl=1\" alt=\"\" class=\"wp-image-1883\" style=\"width:126px;height:auto\" srcset=\"https:\/\/i0.wp.com\/ksroom.at\/info\/wp-content\/uploads\/2026\/02\/8e8a1123-535a-0f36-8572-ed466f290347.png?resize=344%2C641&amp;ssl=1 344w, https:\/\/i0.wp.com\/ksroom.at\/info\/wp-content\/uploads\/2026\/02\/8e8a1123-535a-0f36-8572-ed466f290347.png?resize=161%2C300&amp;ssl=1 161w, https:\/\/i0.wp.com\/ksroom.at\/info\/wp-content\/uploads\/2026\/02\/8e8a1123-535a-0f36-8572-ed466f290347.png?w=644&amp;ssl=1 644w\" sizes=\"(max-width: 344px) 100vw, 344px\" data-recalc-dims=\"1\" \/><\/figure>\n\n\n\n<p><\/p>\n","protected":false},"excerpt":{"rendered":"<p>Er\u00f6ffnung Freitag, August 6th 2021, 17.00 Performance von Darja Shatalova, Manuel Cyrill Bachinger &amp; Alexander Martinzab 17:00 Uhr Manuel Cyrill Bachinger, Felix Dennhardt, Nicholas Hoffman, Rashi Rajguru, Ulla Rauter, Darja Shatalova, Benjamin Tomasi &amp; Bernhard Garnicnig. Wie h\u00f6ren wir Landschaft r\u00fcckw\u00e4rts? Wie klingt Zeit in organische Formen gegossen? Wie f\u00fchlt es sich an, einer \u00dcbersetzung [&hellip;]<\/p>\n","protected":false},"author":4,"featured_media":0,"parent":944,"menu_order":0,"comment_status":"closed","ping_status":"closed","template":"","meta":{"jetpack_post_was_ever_published":false,"footnotes":""},"class_list":["post-1882","page","type-page","status-publish","hentry"],"jetpack_sharing_enabled":true,"jetpack_shortlink":"https:\/\/wp.me\/P7jCLD-um","jetpack-related-posts":[],"jetpack_likes_enabled":true,"_links":{"self":[{"href":"https:\/\/ksroom.at\/info\/wp-json\/wp\/v2\/pages\/1882"}],"collection":[{"href":"https:\/\/ksroom.at\/info\/wp-json\/wp\/v2\/pages"}],"about":[{"href":"https:\/\/ksroom.at\/info\/wp-json\/wp\/v2\/types\/page"}],"author":[{"embeddable":true,"href":"https:\/\/ksroom.at\/info\/wp-json\/wp\/v2\/users\/4"}],"replies":[{"embeddable":true,"href":"https:\/\/ksroom.at\/info\/wp-json\/wp\/v2\/comments?post=1882"}],"version-history":[{"count":1,"href":"https:\/\/ksroom.at\/info\/wp-json\/wp\/v2\/pages\/1882\/revisions"}],"predecessor-version":[{"id":1885,"href":"https:\/\/ksroom.at\/info\/wp-json\/wp\/v2\/pages\/1882\/revisions\/1885"}],"up":[{"embeddable":true,"href":"https:\/\/ksroom.at\/info\/wp-json\/wp\/v2\/pages\/944"}],"wp:attachment":[{"href":"https:\/\/ksroom.at\/info\/wp-json\/wp\/v2\/media?parent=1882"}],"curies":[{"name":"wp","href":"https:\/\/api.w.org\/{rel}","templated":true}]}}