{"id":1391,"date":"2024-06-12T10:34:53","date_gmt":"2024-06-12T10:34:53","guid":{"rendered":"http:\/\/ksroom.at\/info\/?page_id=1391"},"modified":"2026-02-19T18:11:01","modified_gmt":"2026-02-19T18:11:01","slug":"listening-the-carrots-grow","status":"publish","type":"page","link":"https:\/\/ksroom.at\/info\/archiv\/2025-2\/listening-the-carrots-grow\/","title":{"rendered":"Spielesalon Reloaded"},"content":{"rendered":"\n<div style=\"height:61px\" aria-hidden=\"true\" class=\"wp-block-spacer\"><\/div>\n\n\n\n<p class=\"has-text-align-left\">Opening: 21.04. 16:00<br><br><strong>22.04. -17.05.2025<\/strong><br><br>Ehemaliges Kino Feldbach<br>Vogelsanggasse 3<br>8330 Feldbach <\/p>\n\n\n\n<p class=\"has-text-align-left\">Infos und \u00d6ffnungszeiten unter:<strong>\u00a0<a href=\"http:\/\/spielsalon-reloaded.neocities.org\/\">spielsalon-reloaded.neocities.org<\/a><\/strong><br><\/p>\n\n\n\n<div style=\"height:40px\" aria-hidden=\"true\" class=\"wp-block-spacer\"><\/div>\n\n\n\n<p><strong>SpieleSalon Reloaded<\/strong> ist eine\u00a0interaktive, von Besuchenden bespielbare\u00a0und\u00a0ver\u00e4nderbare Ausstellung, die sich mit dem digitalen k\u00fcnstlerischen\u00a0Medium\u00a0des Computerspiels\u00a0auseinandersetzt.\u00a0Im Fr\u00fchjahr 2025 werden\u00a0hierf\u00fcr die R\u00e4umlichkeiten des ehemaligen Kinos in Feldbach\u00a0wiederbelebt, und so ein historischer Bezug zu den Anf\u00e4ngen von\u00a0digitalen Kulturen in l\u00e4ndlichen Gebieten\u00a0hergestellt.\u00a0Um diesen Bezug im Ausstellungs-Design wieder zu spiegeln, bauen die Kurator*innen sechs \u201cGaming-Stations\u201d im Foyer des Kinos auf, die in ihrer Form an Jugendzimmer-Schreibtische aus den sp\u00e4ten 1990ern bzw. fr\u00fchen 2000ern erinnern. Jeder Tisch beherbergt ein spielbares, teilweise in seiner Programmierung ver\u00e4nderbares Computerspiel der ausgew\u00e4hlten und mitwirkenden Kunstschaffenden. Dieser \u00e4sthetische Zeitrahmen, sowie der Titel der Ausstellung sind bewusst gew\u00e4hlt um an den ehemaligen \u201cSpielsalon\u201d in Feldbach zu erinnern, der einer der ersten Orte in der Umgebung war die sich mit digitalen Gaming auseinandersetzen und den Leuten diese Welten n\u00e4her brachten.<\/p>\n\n\n\n<p>In \u201cSpieleSalon Reloaded\u201d muss man zwar keinen Schilling mehr einwerfen, um die dargebotenen Spiele zu erforschen, allerdings fordert die Ausstellung ihre Besuchenden dazu auf, die Hintergr\u00fcnde der Spieleentwicklung zu untersuchen. Mit sogenannten \u201canalogen Easter Eggs\u201d (physische Gegenst\u00e4nde auf den Tischen, die durch einfache Elektronik mit den digitalen Computerspielen verbunden sind und diese manipulieren) sowie die M\u00f6glichkeit \u201chinter die Fassade\u201d, also in die&nbsp;Spieleprogrammierung&nbsp;zu blicken, soll das Interesse der Besuchenden wecken.<\/p>\n\n\n\n<p>Idealerweise k\u00f6nnen so&nbsp;kritische Dialoge \u00fcber&nbsp;Software\/Hardware Diskrepanzen,&nbsp;medienkritische&nbsp;Zug\u00e4nge&nbsp;im Gaming und eine Bekanntmachung mit der&nbsp;Indie-Gaming Community&nbsp;stattfinden. Die eingeladenen Kunstschaffenden sind teilweise schon l\u00e4nger bedeutende Mitwirkende dieser Welten und wollen gemeinsam mit den Kurator*innen versuchen, vor allem mit einem j\u00fcngeren Publikum, \u00fcber diese Themen zu vernetzen. Um dieses Vorhaben noch zu intensivieren, wird&nbsp;ein&nbsp;Indie-Game-Development-Workshop&nbsp;mit einer Klasse des BORG Feldbachs stattfinden.&nbsp;<\/p>\n\n\n\n<div style=\"height:40px\" aria-hidden=\"true\" class=\"wp-block-spacer\"><\/div>\n\n\n\n<figure class=\"wp-block-gallery has-nested-images columns-default is-cropped wp-block-gallery-1 is-layout-flex wp-block-gallery-is-layout-flex\">\n<figure class=\"wp-block-image size-large\"><img loading=\"lazy\" decoding=\"async\" width=\"855\" height=\"641\" data-attachment-id=\"1615\" data-permalink=\"https:\/\/ksroom.at\/info\/archiv\/2025-2\/listening-the-carrots-grow\/img_7603-2\/\" data-orig-file=\"https:\/\/i0.wp.com\/ksroom.at\/info\/wp-content\/uploads\/2025\/07\/IMG_7603-2-scaled.jpg?fit=2560%2C1920&amp;ssl=1\" data-orig-size=\"2560,1920\" data-comments-opened=\"0\" data-image-meta=\"{&quot;aperture&quot;:&quot;1.5&quot;,&quot;credit&quot;:&quot;&quot;,&quot;camera&quot;:&quot;iPhone 14&quot;,&quot;caption&quot;:&quot;&quot;,&quot;created_timestamp&quot;:&quot;1747512715&quot;,&quot;copyright&quot;:&quot;&quot;,&quot;focal_length&quot;:&quot;5.7&quot;,&quot;iso&quot;:&quot;400&quot;,&quot;shutter_speed&quot;:&quot;0.03030303030303&quot;,&quot;title&quot;:&quot;&quot;,&quot;orientation&quot;:&quot;1&quot;}\" data-image-title=\"IMG_7603 2\" data-image-description=\"\" data-image-caption=\"\" data-medium-file=\"https:\/\/i0.wp.com\/ksroom.at\/info\/wp-content\/uploads\/2025\/07\/IMG_7603-2-scaled.jpg?fit=300%2C225&amp;ssl=1\" data-large-file=\"https:\/\/i0.wp.com\/ksroom.at\/info\/wp-content\/uploads\/2025\/07\/IMG_7603-2-scaled.jpg?fit=855%2C641&amp;ssl=1\" data-id=\"1615\" src=\"https:\/\/i0.wp.com\/ksroom.at\/info\/wp-content\/uploads\/2025\/07\/IMG_7603-2.jpg?resize=855%2C641\" alt=\"\" class=\"wp-image-1615\" srcset=\"https:\/\/i0.wp.com\/ksroom.at\/info\/wp-content\/uploads\/2025\/07\/IMG_7603-2-scaled.jpg?resize=855%2C641&amp;ssl=1 855w, https:\/\/i0.wp.com\/ksroom.at\/info\/wp-content\/uploads\/2025\/07\/IMG_7603-2-scaled.jpg?resize=300%2C225&amp;ssl=1 300w, https:\/\/i0.wp.com\/ksroom.at\/info\/wp-content\/uploads\/2025\/07\/IMG_7603-2-scaled.jpg?resize=1536%2C1152&amp;ssl=1 1536w, https:\/\/i0.wp.com\/ksroom.at\/info\/wp-content\/uploads\/2025\/07\/IMG_7603-2-scaled.jpg?resize=2048%2C1536&amp;ssl=1 2048w\" sizes=\"(max-width: 855px) 100vw, 855px\" data-recalc-dims=\"1\" \/><\/figure>\n\n\n\n<figure class=\"wp-block-image size-large\"><img loading=\"lazy\" decoding=\"async\" width=\"481\" height=\"641\" data-attachment-id=\"1613\" data-permalink=\"https:\/\/ksroom.at\/info\/archiv\/2025-2\/listening-the-carrots-grow\/img_7079\/\" data-orig-file=\"https:\/\/i0.wp.com\/ksroom.at\/info\/wp-content\/uploads\/2025\/07\/IMG_7079-scaled.jpg?fit=1920%2C2560&amp;ssl=1\" data-orig-size=\"1920,2560\" data-comments-opened=\"0\" data-image-meta=\"{&quot;aperture&quot;:&quot;1.5&quot;,&quot;credit&quot;:&quot;&quot;,&quot;camera&quot;:&quot;iPhone 14&quot;,&quot;caption&quot;:&quot;&quot;,&quot;created_timestamp&quot;:&quot;1745254518&quot;,&quot;copyright&quot;:&quot;&quot;,&quot;focal_length&quot;:&quot;5.7&quot;,&quot;iso&quot;:&quot;500&quot;,&quot;shutter_speed&quot;:&quot;0.03030303030303&quot;,&quot;title&quot;:&quot;&quot;,&quot;orientation&quot;:&quot;1&quot;}\" data-image-title=\"IMG_7079\" data-image-description=\"\" data-image-caption=\"\" data-medium-file=\"https:\/\/i0.wp.com\/ksroom.at\/info\/wp-content\/uploads\/2025\/07\/IMG_7079-scaled.jpg?fit=225%2C300&amp;ssl=1\" data-large-file=\"https:\/\/i0.wp.com\/ksroom.at\/info\/wp-content\/uploads\/2025\/07\/IMG_7079-scaled.jpg?fit=481%2C641&amp;ssl=1\" data-id=\"1613\" src=\"https:\/\/i0.wp.com\/ksroom.at\/info\/wp-content\/uploads\/2025\/07\/IMG_7079.jpg?resize=481%2C641\" alt=\"\" class=\"wp-image-1613\" srcset=\"https:\/\/i0.wp.com\/ksroom.at\/info\/wp-content\/uploads\/2025\/07\/IMG_7079-scaled.jpg?resize=481%2C641&amp;ssl=1 481w, https:\/\/i0.wp.com\/ksroom.at\/info\/wp-content\/uploads\/2025\/07\/IMG_7079-scaled.jpg?resize=225%2C300&amp;ssl=1 225w, https:\/\/i0.wp.com\/ksroom.at\/info\/wp-content\/uploads\/2025\/07\/IMG_7079-scaled.jpg?resize=1152%2C1536&amp;ssl=1 1152w, https:\/\/i0.wp.com\/ksroom.at\/info\/wp-content\/uploads\/2025\/07\/IMG_7079-scaled.jpg?resize=1536%2C2048&amp;ssl=1 1536w, https:\/\/i0.wp.com\/ksroom.at\/info\/wp-content\/uploads\/2025\/07\/IMG_7079-scaled.jpg?w=1920&amp;ssl=1 1920w\" sizes=\"(max-width: 481px) 100vw, 481px\" data-recalc-dims=\"1\" \/><\/figure>\n\n\n\n<figure class=\"wp-block-image size-large\"><img loading=\"lazy\" decoding=\"async\" width=\"855\" height=\"641\" data-attachment-id=\"1614\" data-permalink=\"https:\/\/ksroom.at\/info\/archiv\/2025-2\/listening-the-carrots-grow\/img_7518\/\" data-orig-file=\"https:\/\/i0.wp.com\/ksroom.at\/info\/wp-content\/uploads\/2025\/07\/IMG_7518-scaled.jpg?fit=2560%2C1920&amp;ssl=1\" data-orig-size=\"2560,1920\" data-comments-opened=\"0\" data-image-meta=\"{&quot;aperture&quot;:&quot;1.5&quot;,&quot;credit&quot;:&quot;&quot;,&quot;camera&quot;:&quot;iPhone 14&quot;,&quot;caption&quot;:&quot;&quot;,&quot;created_timestamp&quot;:&quot;1747512250&quot;,&quot;copyright&quot;:&quot;&quot;,&quot;focal_length&quot;:&quot;5.7&quot;,&quot;iso&quot;:&quot;500&quot;,&quot;shutter_speed&quot;:&quot;0.03030303030303&quot;,&quot;title&quot;:&quot;&quot;,&quot;orientation&quot;:&quot;1&quot;}\" data-image-title=\"IMG_7518\" data-image-description=\"\" data-image-caption=\"\" data-medium-file=\"https:\/\/i0.wp.com\/ksroom.at\/info\/wp-content\/uploads\/2025\/07\/IMG_7518-scaled.jpg?fit=300%2C225&amp;ssl=1\" data-large-file=\"https:\/\/i0.wp.com\/ksroom.at\/info\/wp-content\/uploads\/2025\/07\/IMG_7518-scaled.jpg?fit=855%2C641&amp;ssl=1\" data-id=\"1614\" src=\"https:\/\/i0.wp.com\/ksroom.at\/info\/wp-content\/uploads\/2025\/07\/IMG_7518.jpg?resize=855%2C641\" alt=\"\" class=\"wp-image-1614\" srcset=\"https:\/\/i0.wp.com\/ksroom.at\/info\/wp-content\/uploads\/2025\/07\/IMG_7518-scaled.jpg?resize=855%2C641&amp;ssl=1 855w, https:\/\/i0.wp.com\/ksroom.at\/info\/wp-content\/uploads\/2025\/07\/IMG_7518-scaled.jpg?resize=300%2C225&amp;ssl=1 300w, https:\/\/i0.wp.com\/ksroom.at\/info\/wp-content\/uploads\/2025\/07\/IMG_7518-scaled.jpg?resize=1536%2C1152&amp;ssl=1 1536w, https:\/\/i0.wp.com\/ksroom.at\/info\/wp-content\/uploads\/2025\/07\/IMG_7518-scaled.jpg?resize=2048%2C1536&amp;ssl=1 2048w\" sizes=\"(max-width: 855px) 100vw, 855px\" data-recalc-dims=\"1\" \/><\/figure>\n\n\n\n<figure class=\"wp-block-image size-large\"><img loading=\"lazy\" decoding=\"async\" width=\"481\" height=\"641\" data-attachment-id=\"1612\" data-permalink=\"https:\/\/ksroom.at\/info\/archiv\/2025-2\/listening-the-carrots-grow\/img_7088\/\" data-orig-file=\"https:\/\/i0.wp.com\/ksroom.at\/info\/wp-content\/uploads\/2025\/07\/IMG_7088-scaled.jpg?fit=1920%2C2560&amp;ssl=1\" data-orig-size=\"1920,2560\" data-comments-opened=\"0\" data-image-meta=\"{&quot;aperture&quot;:&quot;1.5&quot;,&quot;credit&quot;:&quot;&quot;,&quot;camera&quot;:&quot;iPhone 14&quot;,&quot;caption&quot;:&quot;&quot;,&quot;created_timestamp&quot;:&quot;1745254585&quot;,&quot;copyright&quot;:&quot;&quot;,&quot;focal_length&quot;:&quot;5.7&quot;,&quot;iso&quot;:&quot;500&quot;,&quot;shutter_speed&quot;:&quot;0.03030303030303&quot;,&quot;title&quot;:&quot;&quot;,&quot;orientation&quot;:&quot;1&quot;}\" data-image-title=\"IMG_7088\" data-image-description=\"\" data-image-caption=\"\" data-medium-file=\"https:\/\/i0.wp.com\/ksroom.at\/info\/wp-content\/uploads\/2025\/07\/IMG_7088-scaled.jpg?fit=225%2C300&amp;ssl=1\" data-large-file=\"https:\/\/i0.wp.com\/ksroom.at\/info\/wp-content\/uploads\/2025\/07\/IMG_7088-scaled.jpg?fit=481%2C641&amp;ssl=1\" data-id=\"1612\" src=\"https:\/\/i0.wp.com\/ksroom.at\/info\/wp-content\/uploads\/2025\/07\/IMG_7088.jpg?resize=481%2C641\" alt=\"\" class=\"wp-image-1612\" srcset=\"https:\/\/i0.wp.com\/ksroom.at\/info\/wp-content\/uploads\/2025\/07\/IMG_7088-scaled.jpg?resize=481%2C641&amp;ssl=1 481w, https:\/\/i0.wp.com\/ksroom.at\/info\/wp-content\/uploads\/2025\/07\/IMG_7088-scaled.jpg?resize=225%2C300&amp;ssl=1 225w, https:\/\/i0.wp.com\/ksroom.at\/info\/wp-content\/uploads\/2025\/07\/IMG_7088-scaled.jpg?resize=1152%2C1536&amp;ssl=1 1152w, https:\/\/i0.wp.com\/ksroom.at\/info\/wp-content\/uploads\/2025\/07\/IMG_7088-scaled.jpg?resize=1536%2C2048&amp;ssl=1 1536w, https:\/\/i0.wp.com\/ksroom.at\/info\/wp-content\/uploads\/2025\/07\/IMG_7088-scaled.jpg?w=1920&amp;ssl=1 1920w\" sizes=\"(max-width: 481px) 100vw, 481px\" data-recalc-dims=\"1\" \/><\/figure>\n\n\n\n<figure class=\"wp-block-image size-large\"><img loading=\"lazy\" decoding=\"async\" width=\"481\" height=\"641\" data-attachment-id=\"1616\" data-permalink=\"https:\/\/ksroom.at\/info\/archiv\/2025-2\/listening-the-carrots-grow\/img_7077\/\" data-orig-file=\"https:\/\/i0.wp.com\/ksroom.at\/info\/wp-content\/uploads\/2025\/07\/IMG_7077-scaled.jpg?fit=1920%2C2560&amp;ssl=1\" data-orig-size=\"1920,2560\" data-comments-opened=\"0\" data-image-meta=\"{&quot;aperture&quot;:&quot;1.5&quot;,&quot;credit&quot;:&quot;&quot;,&quot;camera&quot;:&quot;iPhone 14&quot;,&quot;caption&quot;:&quot;&quot;,&quot;created_timestamp&quot;:&quot;1745254511&quot;,&quot;copyright&quot;:&quot;&quot;,&quot;focal_length&quot;:&quot;5.7&quot;,&quot;iso&quot;:&quot;160&quot;,&quot;shutter_speed&quot;:&quot;0.02&quot;,&quot;title&quot;:&quot;&quot;,&quot;orientation&quot;:&quot;1&quot;}\" data-image-title=\"IMG_7077\" data-image-description=\"\" data-image-caption=\"\" data-medium-file=\"https:\/\/i0.wp.com\/ksroom.at\/info\/wp-content\/uploads\/2025\/07\/IMG_7077-scaled.jpg?fit=225%2C300&amp;ssl=1\" data-large-file=\"https:\/\/i0.wp.com\/ksroom.at\/info\/wp-content\/uploads\/2025\/07\/IMG_7077-scaled.jpg?fit=481%2C641&amp;ssl=1\" data-id=\"1616\" src=\"https:\/\/i0.wp.com\/ksroom.at\/info\/wp-content\/uploads\/2025\/07\/IMG_7077.jpg?resize=481%2C641\" alt=\"\" class=\"wp-image-1616\" srcset=\"https:\/\/i0.wp.com\/ksroom.at\/info\/wp-content\/uploads\/2025\/07\/IMG_7077-scaled.jpg?resize=481%2C641&amp;ssl=1 481w, https:\/\/i0.wp.com\/ksroom.at\/info\/wp-content\/uploads\/2025\/07\/IMG_7077-scaled.jpg?resize=225%2C300&amp;ssl=1 225w, https:\/\/i0.wp.com\/ksroom.at\/info\/wp-content\/uploads\/2025\/07\/IMG_7077-scaled.jpg?resize=1152%2C1536&amp;ssl=1 1152w, https:\/\/i0.wp.com\/ksroom.at\/info\/wp-content\/uploads\/2025\/07\/IMG_7077-scaled.jpg?resize=1536%2C2048&amp;ssl=1 1536w, https:\/\/i0.wp.com\/ksroom.at\/info\/wp-content\/uploads\/2025\/07\/IMG_7077-scaled.jpg?w=1920&amp;ssl=1 1920w\" sizes=\"(max-width: 481px) 100vw, 481px\" data-recalc-dims=\"1\" \/><\/figure>\n\n\n\n<figure class=\"wp-block-image size-large\"><img loading=\"lazy\" decoding=\"async\" width=\"855\" height=\"641\" data-attachment-id=\"1611\" data-permalink=\"https:\/\/ksroom.at\/info\/archiv\/2025-2\/listening-the-carrots-grow\/img_7542\/\" data-orig-file=\"https:\/\/i0.wp.com\/ksroom.at\/info\/wp-content\/uploads\/2025\/07\/IMG_7542-scaled.jpg?fit=2560%2C1920&amp;ssl=1\" data-orig-size=\"2560,1920\" data-comments-opened=\"0\" data-image-meta=\"{&quot;aperture&quot;:&quot;1.5&quot;,&quot;credit&quot;:&quot;&quot;,&quot;camera&quot;:&quot;iPhone 14&quot;,&quot;caption&quot;:&quot;&quot;,&quot;created_timestamp&quot;:&quot;1747512391&quot;,&quot;copyright&quot;:&quot;&quot;,&quot;focal_length&quot;:&quot;5.7&quot;,&quot;iso&quot;:&quot;320&quot;,&quot;shutter_speed&quot;:&quot;0.02&quot;,&quot;title&quot;:&quot;&quot;,&quot;orientation&quot;:&quot;1&quot;}\" data-image-title=\"IMG_7542\" data-image-description=\"\" data-image-caption=\"\" data-medium-file=\"https:\/\/i0.wp.com\/ksroom.at\/info\/wp-content\/uploads\/2025\/07\/IMG_7542-scaled.jpg?fit=300%2C225&amp;ssl=1\" data-large-file=\"https:\/\/i0.wp.com\/ksroom.at\/info\/wp-content\/uploads\/2025\/07\/IMG_7542-scaled.jpg?fit=855%2C641&amp;ssl=1\" data-id=\"1611\" src=\"https:\/\/i0.wp.com\/ksroom.at\/info\/wp-content\/uploads\/2025\/07\/IMG_7542.jpg?resize=855%2C641\" alt=\"\" class=\"wp-image-1611\" srcset=\"https:\/\/i0.wp.com\/ksroom.at\/info\/wp-content\/uploads\/2025\/07\/IMG_7542-scaled.jpg?resize=855%2C641&amp;ssl=1 855w, https:\/\/i0.wp.com\/ksroom.at\/info\/wp-content\/uploads\/2025\/07\/IMG_7542-scaled.jpg?resize=300%2C225&amp;ssl=1 300w, https:\/\/i0.wp.com\/ksroom.at\/info\/wp-content\/uploads\/2025\/07\/IMG_7542-scaled.jpg?resize=1536%2C1152&amp;ssl=1 1536w, https:\/\/i0.wp.com\/ksroom.at\/info\/wp-content\/uploads\/2025\/07\/IMG_7542-scaled.jpg?resize=2048%2C1536&amp;ssl=1 2048w\" sizes=\"(max-width: 855px) 100vw, 855px\" data-recalc-dims=\"1\" \/><\/figure>\n\n\n\n<figure class=\"wp-block-image size-large\"><img loading=\"lazy\" decoding=\"async\" width=\"361\" height=\"641\" data-attachment-id=\"1617\" data-permalink=\"https:\/\/ksroom.at\/info\/archiv\/2025-2\/listening-the-carrots-grow\/img_7086\/\" data-orig-file=\"https:\/\/i0.wp.com\/ksroom.at\/info\/wp-content\/uploads\/2025\/07\/IMG_7086-scaled.jpg?fit=1440%2C2560&amp;ssl=1\" data-orig-size=\"1440,2560\" data-comments-opened=\"0\" data-image-meta=\"{&quot;aperture&quot;:&quot;1.5&quot;,&quot;credit&quot;:&quot;&quot;,&quot;camera&quot;:&quot;iPhone 14&quot;,&quot;caption&quot;:&quot;&quot;,&quot;created_timestamp&quot;:&quot;1745254560&quot;,&quot;copyright&quot;:&quot;&quot;,&quot;focal_length&quot;:&quot;5.7&quot;,&quot;iso&quot;:&quot;1000&quot;,&quot;shutter_speed&quot;:&quot;0.02&quot;,&quot;title&quot;:&quot;&quot;,&quot;orientation&quot;:&quot;1&quot;}\" data-image-title=\"IMG_7086\" data-image-description=\"\" data-image-caption=\"\" data-medium-file=\"https:\/\/i0.wp.com\/ksroom.at\/info\/wp-content\/uploads\/2025\/07\/IMG_7086-scaled.jpg?fit=169%2C300&amp;ssl=1\" data-large-file=\"https:\/\/i0.wp.com\/ksroom.at\/info\/wp-content\/uploads\/2025\/07\/IMG_7086-scaled.jpg?fit=361%2C641&amp;ssl=1\" data-id=\"1617\" src=\"https:\/\/i0.wp.com\/ksroom.at\/info\/wp-content\/uploads\/2025\/07\/IMG_7086.jpg?resize=361%2C641\" alt=\"\" class=\"wp-image-1617\" srcset=\"https:\/\/i0.wp.com\/ksroom.at\/info\/wp-content\/uploads\/2025\/07\/IMG_7086-scaled.jpg?resize=361%2C641&amp;ssl=1 361w, https:\/\/i0.wp.com\/ksroom.at\/info\/wp-content\/uploads\/2025\/07\/IMG_7086-scaled.jpg?resize=169%2C300&amp;ssl=1 169w, https:\/\/i0.wp.com\/ksroom.at\/info\/wp-content\/uploads\/2025\/07\/IMG_7086-scaled.jpg?resize=864%2C1536&amp;ssl=1 864w, https:\/\/i0.wp.com\/ksroom.at\/info\/wp-content\/uploads\/2025\/07\/IMG_7086-scaled.jpg?resize=1152%2C2048&amp;ssl=1 1152w, https:\/\/i0.wp.com\/ksroom.at\/info\/wp-content\/uploads\/2025\/07\/IMG_7086-scaled.jpg?w=1440&amp;ssl=1 1440w\" sizes=\"(max-width: 361px) 100vw, 361px\" data-recalc-dims=\"1\" \/><\/figure>\n\n\n\n<figure class=\"wp-block-image size-large\"><img loading=\"lazy\" decoding=\"async\" width=\"481\" height=\"641\" data-attachment-id=\"1618\" data-permalink=\"https:\/\/ksroom.at\/info\/archiv\/2025-2\/listening-the-carrots-grow\/img_7090\/\" data-orig-file=\"https:\/\/i0.wp.com\/ksroom.at\/info\/wp-content\/uploads\/2025\/07\/IMG_7090-scaled.jpg?fit=1920%2C2560&amp;ssl=1\" data-orig-size=\"1920,2560\" data-comments-opened=\"0\" data-image-meta=\"{&quot;aperture&quot;:&quot;1.5&quot;,&quot;credit&quot;:&quot;&quot;,&quot;camera&quot;:&quot;iPhone 14&quot;,&quot;caption&quot;:&quot;&quot;,&quot;created_timestamp&quot;:&quot;1745254606&quot;,&quot;copyright&quot;:&quot;&quot;,&quot;focal_length&quot;:&quot;5.7&quot;,&quot;iso&quot;:&quot;320&quot;,&quot;shutter_speed&quot;:&quot;0.2&quot;,&quot;title&quot;:&quot;&quot;,&quot;orientation&quot;:&quot;1&quot;}\" data-image-title=\"IMG_7090\" data-image-description=\"\" data-image-caption=\"\" data-medium-file=\"https:\/\/i0.wp.com\/ksroom.at\/info\/wp-content\/uploads\/2025\/07\/IMG_7090-scaled.jpg?fit=225%2C300&amp;ssl=1\" data-large-file=\"https:\/\/i0.wp.com\/ksroom.at\/info\/wp-content\/uploads\/2025\/07\/IMG_7090-scaled.jpg?fit=481%2C641&amp;ssl=1\" data-id=\"1618\" src=\"https:\/\/i0.wp.com\/ksroom.at\/info\/wp-content\/uploads\/2025\/07\/IMG_7090.jpg?resize=481%2C641\" alt=\"\" class=\"wp-image-1618\" srcset=\"https:\/\/i0.wp.com\/ksroom.at\/info\/wp-content\/uploads\/2025\/07\/IMG_7090-scaled.jpg?resize=481%2C641&amp;ssl=1 481w, https:\/\/i0.wp.com\/ksroom.at\/info\/wp-content\/uploads\/2025\/07\/IMG_7090-scaled.jpg?resize=225%2C300&amp;ssl=1 225w, https:\/\/i0.wp.com\/ksroom.at\/info\/wp-content\/uploads\/2025\/07\/IMG_7090-scaled.jpg?resize=1152%2C1536&amp;ssl=1 1152w, https:\/\/i0.wp.com\/ksroom.at\/info\/wp-content\/uploads\/2025\/07\/IMG_7090-scaled.jpg?resize=1536%2C2048&amp;ssl=1 1536w, https:\/\/i0.wp.com\/ksroom.at\/info\/wp-content\/uploads\/2025\/07\/IMG_7090-scaled.jpg?w=1920&amp;ssl=1 1920w\" sizes=\"(max-width: 481px) 100vw, 481px\" data-recalc-dims=\"1\" \/><\/figure>\n\n\n\n<figure class=\"wp-block-image size-large\"><img loading=\"lazy\" decoding=\"async\" width=\"361\" height=\"641\" data-attachment-id=\"1619\" data-permalink=\"https:\/\/ksroom.at\/info\/archiv\/2025-2\/listening-the-carrots-grow\/img_7082\/\" data-orig-file=\"https:\/\/i0.wp.com\/ksroom.at\/info\/wp-content\/uploads\/2025\/07\/IMG_7082-scaled.jpg?fit=1440%2C2560&amp;ssl=1\" data-orig-size=\"1440,2560\" data-comments-opened=\"0\" data-image-meta=\"{&quot;aperture&quot;:&quot;1.5&quot;,&quot;credit&quot;:&quot;&quot;,&quot;camera&quot;:&quot;iPhone 14&quot;,&quot;caption&quot;:&quot;&quot;,&quot;created_timestamp&quot;:&quot;1745254546&quot;,&quot;copyright&quot;:&quot;&quot;,&quot;focal_length&quot;:&quot;5.7&quot;,&quot;iso&quot;:&quot;320&quot;,&quot;shutter_speed&quot;:&quot;0.016666666666667&quot;,&quot;title&quot;:&quot;&quot;,&quot;orientation&quot;:&quot;1&quot;}\" data-image-title=\"IMG_7082\" data-image-description=\"\" data-image-caption=\"\" data-medium-file=\"https:\/\/i0.wp.com\/ksroom.at\/info\/wp-content\/uploads\/2025\/07\/IMG_7082-scaled.jpg?fit=169%2C300&amp;ssl=1\" data-large-file=\"https:\/\/i0.wp.com\/ksroom.at\/info\/wp-content\/uploads\/2025\/07\/IMG_7082-scaled.jpg?fit=361%2C641&amp;ssl=1\" data-id=\"1619\" src=\"https:\/\/i0.wp.com\/ksroom.at\/info\/wp-content\/uploads\/2025\/07\/IMG_7082.jpg?resize=361%2C641\" alt=\"\" class=\"wp-image-1619\" srcset=\"https:\/\/i0.wp.com\/ksroom.at\/info\/wp-content\/uploads\/2025\/07\/IMG_7082-scaled.jpg?resize=361%2C641&amp;ssl=1 361w, https:\/\/i0.wp.com\/ksroom.at\/info\/wp-content\/uploads\/2025\/07\/IMG_7082-scaled.jpg?resize=169%2C300&amp;ssl=1 169w, https:\/\/i0.wp.com\/ksroom.at\/info\/wp-content\/uploads\/2025\/07\/IMG_7082-scaled.jpg?resize=864%2C1536&amp;ssl=1 864w, https:\/\/i0.wp.com\/ksroom.at\/info\/wp-content\/uploads\/2025\/07\/IMG_7082-scaled.jpg?resize=1152%2C2048&amp;ssl=1 1152w, https:\/\/i0.wp.com\/ksroom.at\/info\/wp-content\/uploads\/2025\/07\/IMG_7082-scaled.jpg?w=1440&amp;ssl=1 1440w\" sizes=\"(max-width: 361px) 100vw, 361px\" data-recalc-dims=\"1\" \/><\/figure>\n<\/figure>\n\n\n\n<figure class=\"wp-block-image size-large\"><img loading=\"lazy\" decoding=\"async\" width=\"638\" height=\"641\" data-attachment-id=\"1587\" data-permalink=\"https:\/\/ksroom.at\/info\/ksroom-2\/spielesalonreloaded\/\" data-orig-file=\"https:\/\/i0.wp.com\/ksroom.at\/info\/wp-content\/uploads\/2025\/04\/SpielesalonReloaded.png?fit=1433%2C1440&amp;ssl=1\" data-orig-size=\"1433,1440\" data-comments-opened=\"0\" data-image-meta=\"{&quot;aperture&quot;:&quot;0&quot;,&quot;credit&quot;:&quot;&quot;,&quot;camera&quot;:&quot;&quot;,&quot;caption&quot;:&quot;&quot;,&quot;created_timestamp&quot;:&quot;0&quot;,&quot;copyright&quot;:&quot;&quot;,&quot;focal_length&quot;:&quot;0&quot;,&quot;iso&quot;:&quot;0&quot;,&quot;shutter_speed&quot;:&quot;0&quot;,&quot;title&quot;:&quot;&quot;,&quot;orientation&quot;:&quot;0&quot;}\" data-image-title=\"SpielesalonReloaded\" data-image-description=\"\" data-image-caption=\"\" data-medium-file=\"https:\/\/i0.wp.com\/ksroom.at\/info\/wp-content\/uploads\/2025\/04\/SpielesalonReloaded.png?fit=300%2C300&amp;ssl=1\" data-large-file=\"https:\/\/i0.wp.com\/ksroom.at\/info\/wp-content\/uploads\/2025\/04\/SpielesalonReloaded.png?fit=638%2C641&amp;ssl=1\" src=\"https:\/\/i0.wp.com\/ksroom.at\/info\/wp-content\/uploads\/2025\/04\/SpielesalonReloaded.png?resize=638%2C641\" alt=\"\" class=\"wp-image-1587\" srcset=\"https:\/\/i0.wp.com\/ksroom.at\/info\/wp-content\/uploads\/2025\/04\/SpielesalonReloaded.png?resize=638%2C641&amp;ssl=1 638w, https:\/\/i0.wp.com\/ksroom.at\/info\/wp-content\/uploads\/2025\/04\/SpielesalonReloaded.png?resize=300%2C300&amp;ssl=1 300w, https:\/\/i0.wp.com\/ksroom.at\/info\/wp-content\/uploads\/2025\/04\/SpielesalonReloaded.png?resize=150%2C150&amp;ssl=1 150w, https:\/\/i0.wp.com\/ksroom.at\/info\/wp-content\/uploads\/2025\/04\/SpielesalonReloaded.png?w=1433&amp;ssl=1 1433w\" sizes=\"(max-width: 638px) 100vw, 638px\" data-recalc-dims=\"1\" \/><\/figure>\n","protected":false},"excerpt":{"rendered":"<p>Opening: 21.04. 16:00 22.04. -17.05.2025 Ehemaliges Kino FeldbachVogelsanggasse 38330 Feldbach Infos und \u00d6ffnungszeiten unter:\u00a0spielsalon-reloaded.neocities.org SpieleSalon Reloaded ist eine\u00a0interaktive, von Besuchenden bespielbare\u00a0und\u00a0ver\u00e4nderbare Ausstellung, die sich mit dem digitalen k\u00fcnstlerischen\u00a0Medium\u00a0des Computerspiels\u00a0auseinandersetzt.\u00a0Im Fr\u00fchjahr 2025 werden\u00a0hierf\u00fcr die R\u00e4umlichkeiten des ehemaligen Kinos in Feldbach\u00a0wiederbelebt, und so ein historischer Bezug zu den Anf\u00e4ngen von\u00a0digitalen Kulturen in l\u00e4ndlichen Gebieten\u00a0hergestellt.\u00a0Um diesen Bezug im [&hellip;]<\/p>\n","protected":false},"author":6,"featured_media":0,"parent":1600,"menu_order":0,"comment_status":"closed","ping_status":"closed","template":"","meta":{"jetpack_post_was_ever_published":false,"footnotes":""},"class_list":["post-1391","page","type-page","status-publish","hentry"],"jetpack_sharing_enabled":true,"jetpack_shortlink":"https:\/\/wp.me\/P7jCLD-mr","jetpack-related-posts":[],"jetpack_likes_enabled":true,"_links":{"self":[{"href":"https:\/\/ksroom.at\/info\/wp-json\/wp\/v2\/pages\/1391"}],"collection":[{"href":"https:\/\/ksroom.at\/info\/wp-json\/wp\/v2\/pages"}],"about":[{"href":"https:\/\/ksroom.at\/info\/wp-json\/wp\/v2\/types\/page"}],"author":[{"embeddable":true,"href":"https:\/\/ksroom.at\/info\/wp-json\/wp\/v2\/users\/6"}],"replies":[{"embeddable":true,"href":"https:\/\/ksroom.at\/info\/wp-json\/wp\/v2\/comments?post=1391"}],"version-history":[{"count":7,"href":"https:\/\/ksroom.at\/info\/wp-json\/wp\/v2\/pages\/1391\/revisions"}],"predecessor-version":[{"id":1822,"href":"https:\/\/ksroom.at\/info\/wp-json\/wp\/v2\/pages\/1391\/revisions\/1822"}],"up":[{"embeddable":true,"href":"https:\/\/ksroom.at\/info\/wp-json\/wp\/v2\/pages\/1600"}],"wp:attachment":[{"href":"https:\/\/ksroom.at\/info\/wp-json\/wp\/v2\/media?parent=1391"}],"curies":[{"name":"wp","href":"https:\/\/api.w.org\/{rel}","templated":true}]}}