{"id":1374,"date":"2024-06-12T10:10:01","date_gmt":"2024-06-12T10:10:01","guid":{"rendered":"http:\/\/ksroom.at\/info\/?page_id=1374"},"modified":"2026-02-19T17:56:06","modified_gmt":"2026-02-19T17:56:06","slug":"may-we-move-may-we-stay","status":"publish","type":"page","link":"https:\/\/ksroom.at\/info\/archiv\/2023-2\/may-we-move-may-we-stay\/","title":{"rendered":"May we move may we stay"},"content":{"rendered":"\n<p><br>Curated by <strong>Hanna Burkart<\/strong><br><br>Opening 18.11.2023<\/p>\n\n\n\n<p><strong>18.11.2023 &#8211; 18.01.2024<\/strong><br><br>KS Room<br>D\u00f6rfl 1<br>8333 Kornberg bei Riegersburg<\/p>\n\n\n\n<p><br>ER\u00d6FFNUNG UND PERFORMANCE<br><br><br>HANNA BURKART<br><br>MAY WE MOVE MAY WE STAY<br><br>Wir m\u00fcssen und m\u00f6gen nicht<br> Wir m\u00f6gen und d\u00fcrfen nicht<br> Wir d\u00fcrfen und konnen nicht<br> Wir k\u00f6nnen und wollen nicht.<br><br>In einer raumgreifenden Teppichinstallation thematisiert die K\u00fcnstlerin Hanna Burkart, die seit \u00fcber sieben Jahren ohne fixen Wohn- und Arbeitsplatz lebt, wie sehr das Thema Bewegung unser aller st\u00e4ndiger Begleiter ist. Weil wir m\u00fcssen oder wollen, bis wir nicht mehr k\u00f6nnen oder d\u00fcrfen.<br><br>Wie weit muss ich gehen, um zu weit zu gehen?<br>So weit muss ich gehen, um weiter zu gehen.<br><br>Wir wollen und k\u00f6nnen <br>Wir k\u00f6nnen und d\u00fcrfen <br>Wir d\u00fcrfen und m\u00f6gen <br>Wir m\u00f6gen und m\u00fcssen.<\/p>\n\n\n\n<p><\/p>\n\n\n\n<figure class=\"wp-block-gallery has-nested-images columns-default is-cropped wp-block-gallery-1 is-layout-flex wp-block-gallery-is-layout-flex\">\n<figure class=\"wp-block-image size-large\"><img decoding=\"async\" data-attachment-id=\"1377\" data-permalink=\"https:\/\/ksroom.at\/info\/archiv\/2023-2\/may-we-move-may-we-stay\/img_1377\/\" data-orig-file=\"https:\/\/i0.wp.com\/ksroom.at\/info\/wp-content\/uploads\/2024\/06\/IMG_1377.heic?fit=%2C&amp;ssl=1\" data-orig-size=\"\" data-comments-opened=\"0\" data-image-meta=\"[]\" data-image-title=\"IMG_1377\" data-image-description=\"\" data-image-caption=\"\" data-medium-file=\"https:\/\/i0.wp.com\/ksroom.at\/info\/wp-content\/uploads\/2024\/06\/IMG_1377.heic?fit=300%2C300&amp;ssl=1\" data-large-file=\"https:\/\/i0.wp.com\/ksroom.at\/info\/wp-content\/uploads\/2024\/06\/IMG_1377.heic?fit=1140%2C641&amp;ssl=1\" data-id=\"1377\" src=\"https:\/\/i0.wp.com\/ksroom.at\/info\/wp-content\/uploads\/2024\/06\/IMG_1377.heic\" alt=\"\" class=\"wp-image-1377\" data-recalc-dims=\"1\"\/><\/figure>\n\n\n\n<figure class=\"wp-block-image size-large\"><img decoding=\"async\" data-attachment-id=\"1382\" data-permalink=\"https:\/\/ksroom.at\/info\/archiv\/2023-2\/may-we-move-may-we-stay\/img_1391\/\" data-orig-file=\"https:\/\/i0.wp.com\/ksroom.at\/info\/wp-content\/uploads\/2024\/06\/IMG_1391.heic?fit=%2C&amp;ssl=1\" data-orig-size=\"\" data-comments-opened=\"0\" data-image-meta=\"[]\" data-image-title=\"IMG_1391\" data-image-description=\"\" data-image-caption=\"\" data-medium-file=\"https:\/\/i0.wp.com\/ksroom.at\/info\/wp-content\/uploads\/2024\/06\/IMG_1391.heic?fit=300%2C300&amp;ssl=1\" data-large-file=\"https:\/\/i0.wp.com\/ksroom.at\/info\/wp-content\/uploads\/2024\/06\/IMG_1391.heic?fit=1140%2C641&amp;ssl=1\" data-id=\"1382\" src=\"https:\/\/i0.wp.com\/ksroom.at\/info\/wp-content\/uploads\/2024\/06\/IMG_1391.heic\" alt=\"\" class=\"wp-image-1382\" data-recalc-dims=\"1\"\/><\/figure>\n\n\n\n<figure class=\"wp-block-image size-large\"><img decoding=\"async\" data-attachment-id=\"1380\" data-permalink=\"https:\/\/ksroom.at\/info\/archiv\/2023-2\/may-we-move-may-we-stay\/img_1396\/\" data-orig-file=\"https:\/\/i0.wp.com\/ksroom.at\/info\/wp-content\/uploads\/2024\/06\/IMG_1396.heic?fit=%2C&amp;ssl=1\" data-orig-size=\"\" data-comments-opened=\"0\" data-image-meta=\"[]\" data-image-title=\"IMG_1396\" data-image-description=\"\" data-image-caption=\"\" data-medium-file=\"https:\/\/i0.wp.com\/ksroom.at\/info\/wp-content\/uploads\/2024\/06\/IMG_1396.heic?fit=300%2C300&amp;ssl=1\" data-large-file=\"https:\/\/i0.wp.com\/ksroom.at\/info\/wp-content\/uploads\/2024\/06\/IMG_1396.heic?fit=1140%2C641&amp;ssl=1\" data-id=\"1380\" src=\"https:\/\/i0.wp.com\/ksroom.at\/info\/wp-content\/uploads\/2024\/06\/IMG_1396.heic\" alt=\"\" class=\"wp-image-1380\" data-recalc-dims=\"1\"\/><\/figure>\n\n\n\n<figure class=\"wp-block-image size-large\"><img decoding=\"async\" data-attachment-id=\"1381\" data-permalink=\"https:\/\/ksroom.at\/info\/archiv\/2023-2\/may-we-move-may-we-stay\/img_1399\/\" data-orig-file=\"https:\/\/i0.wp.com\/ksroom.at\/info\/wp-content\/uploads\/2024\/06\/IMG_1399.heic?fit=%2C&amp;ssl=1\" data-orig-size=\"\" data-comments-opened=\"0\" data-image-meta=\"[]\" data-image-title=\"IMG_1399\" data-image-description=\"\" data-image-caption=\"\" data-medium-file=\"https:\/\/i0.wp.com\/ksroom.at\/info\/wp-content\/uploads\/2024\/06\/IMG_1399.heic?fit=300%2C300&amp;ssl=1\" data-large-file=\"https:\/\/i0.wp.com\/ksroom.at\/info\/wp-content\/uploads\/2024\/06\/IMG_1399.heic?fit=1140%2C641&amp;ssl=1\" data-id=\"1381\" src=\"https:\/\/i0.wp.com\/ksroom.at\/info\/wp-content\/uploads\/2024\/06\/IMG_1399.heic\" alt=\"\" class=\"wp-image-1381\" data-recalc-dims=\"1\"\/><\/figure>\n\n\n\n<figure class=\"wp-block-image size-large\"><img loading=\"lazy\" decoding=\"async\" width=\"427\" height=\"641\" data-attachment-id=\"1376\" data-permalink=\"https:\/\/ksroom.at\/info\/archiv\/2023-2\/may-we-move-may-we-stay\/bed-slept-hanna-burkart\/\" data-orig-file=\"https:\/\/i0.wp.com\/ksroom.at\/info\/wp-content\/uploads\/2024\/06\/Bed-slept-\u00a9Hanna-Burkart.jpeg?fit=853%2C1280&amp;ssl=1\" data-orig-size=\"853,1280\" data-comments-opened=\"0\" data-image-meta=\"{&quot;aperture&quot;:&quot;4&quot;,&quot;credit&quot;:&quot;&quot;,&quot;camera&quot;:&quot;X-Pro2&quot;,&quot;caption&quot;:&quot;&quot;,&quot;created_timestamp&quot;:&quot;1697475661&quot;,&quot;copyright&quot;:&quot;&quot;,&quot;focal_length&quot;:&quot;16&quot;,&quot;iso&quot;:&quot;800&quot;,&quot;shutter_speed&quot;:&quot;0.0090909090909091&quot;,&quot;title&quot;:&quot;&quot;,&quot;orientation&quot;:&quot;0&quot;}\" data-image-title=\"Bed-slept-\u00a9Hanna-Burkart\" data-image-description=\"\" data-image-caption=\"\" data-medium-file=\"https:\/\/i0.wp.com\/ksroom.at\/info\/wp-content\/uploads\/2024\/06\/Bed-slept-\u00a9Hanna-Burkart.jpeg?fit=200%2C300&amp;ssl=1\" data-large-file=\"https:\/\/i0.wp.com\/ksroom.at\/info\/wp-content\/uploads\/2024\/06\/Bed-slept-\u00a9Hanna-Burkart.jpeg?fit=427%2C641&amp;ssl=1\" data-id=\"1376\" src=\"https:\/\/i0.wp.com\/ksroom.at\/info\/wp-content\/uploads\/2024\/06\/Bed-slept-\u00a9Hanna-Burkart.jpeg?resize=427%2C641\" alt=\"\" class=\"wp-image-1376\" srcset=\"https:\/\/i0.wp.com\/ksroom.at\/info\/wp-content\/uploads\/2024\/06\/Bed-slept-\u00a9Hanna-Burkart.jpeg?resize=427%2C641&amp;ssl=1 427w, https:\/\/i0.wp.com\/ksroom.at\/info\/wp-content\/uploads\/2024\/06\/Bed-slept-\u00a9Hanna-Burkart.jpeg?resize=200%2C300&amp;ssl=1 200w, https:\/\/i0.wp.com\/ksroom.at\/info\/wp-content\/uploads\/2024\/06\/Bed-slept-\u00a9Hanna-Burkart.jpeg?w=853&amp;ssl=1 853w\" sizes=\"(max-width: 427px) 100vw, 427px\" data-recalc-dims=\"1\" \/><\/figure>\n\n\n\n<figure class=\"wp-block-image size-large\"><img loading=\"lazy\" decoding=\"async\" width=\"481\" height=\"641\" data-attachment-id=\"1375\" data-permalink=\"https:\/\/ksroom.at\/info\/archiv\/2023-2\/may-we-move-may-we-stay\/carpet-bed-1-hanna-burkar\/\" data-orig-file=\"https:\/\/i0.wp.com\/ksroom.at\/info\/wp-content\/uploads\/2024\/06\/Carpet-Bed-1-\u00a9Hanna-Burkar.jpg?fit=853%2C1137&amp;ssl=1\" data-orig-size=\"853,1137\" data-comments-opened=\"0\" data-image-meta=\"{&quot;aperture&quot;:&quot;3.6&quot;,&quot;credit&quot;:&quot;&quot;,&quot;camera&quot;:&quot;X-Pro2&quot;,&quot;caption&quot;:&quot;&quot;,&quot;created_timestamp&quot;:&quot;1697660134&quot;,&quot;copyright&quot;:&quot;&quot;,&quot;focal_length&quot;:&quot;16&quot;,&quot;iso&quot;:&quot;1000&quot;,&quot;shutter_speed&quot;:&quot;0.0045454545454545&quot;,&quot;title&quot;:&quot;&quot;,&quot;orientation&quot;:&quot;1&quot;}\" data-image-title=\"Carpet-Bed-1-\u00a9Hanna-Burkar\" data-image-description=\"\" data-image-caption=\"\" data-medium-file=\"https:\/\/i0.wp.com\/ksroom.at\/info\/wp-content\/uploads\/2024\/06\/Carpet-Bed-1-\u00a9Hanna-Burkar.jpg?fit=225%2C300&amp;ssl=1\" data-large-file=\"https:\/\/i0.wp.com\/ksroom.at\/info\/wp-content\/uploads\/2024\/06\/Carpet-Bed-1-\u00a9Hanna-Burkar.jpg?fit=481%2C641&amp;ssl=1\" data-id=\"1375\" src=\"https:\/\/i0.wp.com\/ksroom.at\/info\/wp-content\/uploads\/2024\/06\/Carpet-Bed-1-\u00a9Hanna-Burkar.jpg?resize=481%2C641\" alt=\"\" class=\"wp-image-1375\" srcset=\"https:\/\/i0.wp.com\/ksroom.at\/info\/wp-content\/uploads\/2024\/06\/Carpet-Bed-1-\u00a9Hanna-Burkar.jpg?resize=481%2C641&amp;ssl=1 481w, https:\/\/i0.wp.com\/ksroom.at\/info\/wp-content\/uploads\/2024\/06\/Carpet-Bed-1-\u00a9Hanna-Burkar.jpg?resize=225%2C300&amp;ssl=1 225w, https:\/\/i0.wp.com\/ksroom.at\/info\/wp-content\/uploads\/2024\/06\/Carpet-Bed-1-\u00a9Hanna-Burkar.jpg?w=853&amp;ssl=1 853w\" sizes=\"(max-width: 481px) 100vw, 481px\" data-recalc-dims=\"1\" \/><\/figure>\n\n\n\n<figure class=\"wp-block-image size-large\"><img loading=\"lazy\" decoding=\"async\" width=\"427\" height=\"641\" data-attachment-id=\"1385\" data-permalink=\"https:\/\/ksroom.at\/info\/archiv\/2023-2\/may-we-move-may-we-stay\/chair-on-carpet-hanna-burkar\/\" data-orig-file=\"https:\/\/i0.wp.com\/ksroom.at\/info\/wp-content\/uploads\/2024\/06\/Chair-on-Carpet-\u00a9Hanna-Burkar-scaled.jpg?fit=1706%2C2560&amp;ssl=1\" data-orig-size=\"1706,2560\" data-comments-opened=\"0\" data-image-meta=\"{&quot;aperture&quot;:&quot;3.2&quot;,&quot;credit&quot;:&quot;&quot;,&quot;camera&quot;:&quot;X-Pro2&quot;,&quot;caption&quot;:&quot;&quot;,&quot;created_timestamp&quot;:&quot;1697614982&quot;,&quot;copyright&quot;:&quot;&quot;,&quot;focal_length&quot;:&quot;27&quot;,&quot;iso&quot;:&quot;1000&quot;,&quot;shutter_speed&quot;:&quot;0.0058823529411765&quot;,&quot;title&quot;:&quot;&quot;,&quot;orientation&quot;:&quot;1&quot;}\" data-image-title=\"Chair-on-Carpet-\u00a9Hanna-Burkar\" data-image-description=\"\" data-image-caption=\"\" data-medium-file=\"https:\/\/i0.wp.com\/ksroom.at\/info\/wp-content\/uploads\/2024\/06\/Chair-on-Carpet-\u00a9Hanna-Burkar-scaled.jpg?fit=200%2C300&amp;ssl=1\" data-large-file=\"https:\/\/i0.wp.com\/ksroom.at\/info\/wp-content\/uploads\/2024\/06\/Chair-on-Carpet-\u00a9Hanna-Burkar-scaled.jpg?fit=427%2C641&amp;ssl=1\" data-id=\"1385\" src=\"https:\/\/i0.wp.com\/ksroom.at\/info\/wp-content\/uploads\/2024\/06\/Chair-on-Carpet-\u00a9Hanna-Burkar.jpg?resize=427%2C641\" alt=\"\" class=\"wp-image-1385\" srcset=\"https:\/\/i0.wp.com\/ksroom.at\/info\/wp-content\/uploads\/2024\/06\/Chair-on-Carpet-\u00a9Hanna-Burkar-scaled.jpg?resize=427%2C641&amp;ssl=1 427w, https:\/\/i0.wp.com\/ksroom.at\/info\/wp-content\/uploads\/2024\/06\/Chair-on-Carpet-\u00a9Hanna-Burkar-scaled.jpg?resize=200%2C300&amp;ssl=1 200w, https:\/\/i0.wp.com\/ksroom.at\/info\/wp-content\/uploads\/2024\/06\/Chair-on-Carpet-\u00a9Hanna-Burkar-scaled.jpg?resize=1024%2C1536&amp;ssl=1 1024w, https:\/\/i0.wp.com\/ksroom.at\/info\/wp-content\/uploads\/2024\/06\/Chair-on-Carpet-\u00a9Hanna-Burkar-scaled.jpg?resize=1365%2C2048&amp;ssl=1 1365w, https:\/\/i0.wp.com\/ksroom.at\/info\/wp-content\/uploads\/2024\/06\/Chair-on-Carpet-\u00a9Hanna-Burkar-scaled.jpg?w=1706&amp;ssl=1 1706w\" sizes=\"(max-width: 427px) 100vw, 427px\" data-recalc-dims=\"1\" \/><\/figure>\n\n\n\n<figure class=\"wp-block-image size-large\"><img loading=\"lazy\" decoding=\"async\" width=\"427\" height=\"641\" data-attachment-id=\"1379\" data-permalink=\"https:\/\/ksroom.at\/info\/archiv\/2023-2\/may-we-move-may-we-stay\/hanna-move-hanna-burkarjpeg\/\" data-orig-file=\"https:\/\/i0.wp.com\/ksroom.at\/info\/wp-content\/uploads\/2024\/06\/Hanna-Move-\u00a9Hanna-BurkarJPEG.jpeg?fit=853%2C1280&amp;ssl=1\" data-orig-size=\"853,1280\" data-comments-opened=\"0\" data-image-meta=\"{&quot;aperture&quot;:&quot;3.2&quot;,&quot;credit&quot;:&quot;&quot;,&quot;camera&quot;:&quot;X-Pro2&quot;,&quot;caption&quot;:&quot;&quot;,&quot;created_timestamp&quot;:&quot;1697616736&quot;,&quot;copyright&quot;:&quot;&quot;,&quot;focal_length&quot;:&quot;27&quot;,&quot;iso&quot;:&quot;1000&quot;,&quot;shutter_speed&quot;:&quot;0.0066666666666667&quot;,&quot;title&quot;:&quot;&quot;,&quot;orientation&quot;:&quot;0&quot;}\" data-image-title=\"Hanna-Move-\u00a9Hanna-BurkarJPEG\" data-image-description=\"\" data-image-caption=\"\" data-medium-file=\"https:\/\/i0.wp.com\/ksroom.at\/info\/wp-content\/uploads\/2024\/06\/Hanna-Move-\u00a9Hanna-BurkarJPEG.jpeg?fit=200%2C300&amp;ssl=1\" data-large-file=\"https:\/\/i0.wp.com\/ksroom.at\/info\/wp-content\/uploads\/2024\/06\/Hanna-Move-\u00a9Hanna-BurkarJPEG.jpeg?fit=427%2C641&amp;ssl=1\" data-id=\"1379\" src=\"https:\/\/i0.wp.com\/ksroom.at\/info\/wp-content\/uploads\/2024\/06\/Hanna-Move-\u00a9Hanna-BurkarJPEG.jpeg?resize=427%2C641\" alt=\"\" class=\"wp-image-1379\" srcset=\"https:\/\/i0.wp.com\/ksroom.at\/info\/wp-content\/uploads\/2024\/06\/Hanna-Move-\u00a9Hanna-BurkarJPEG.jpeg?resize=427%2C641&amp;ssl=1 427w, https:\/\/i0.wp.com\/ksroom.at\/info\/wp-content\/uploads\/2024\/06\/Hanna-Move-\u00a9Hanna-BurkarJPEG.jpeg?resize=200%2C300&amp;ssl=1 200w, https:\/\/i0.wp.com\/ksroom.at\/info\/wp-content\/uploads\/2024\/06\/Hanna-Move-\u00a9Hanna-BurkarJPEG.jpeg?w=853&amp;ssl=1 853w\" sizes=\"(max-width: 427px) 100vw, 427px\" data-recalc-dims=\"1\" \/><\/figure>\n\n\n\n<figure class=\"wp-block-image size-large\"><img loading=\"lazy\" decoding=\"async\" width=\"962\" height=\"641\" data-attachment-id=\"1378\" data-permalink=\"https:\/\/ksroom.at\/info\/archiv\/2023-2\/may-we-move-may-we-stay\/hanna-portrait-hanna-burkar\/\" data-orig-file=\"https:\/\/i0.wp.com\/ksroom.at\/info\/wp-content\/uploads\/2024\/06\/Hanna-Portrait-\u00a9Hanna-Burkar.jpeg?fit=1280%2C853&amp;ssl=1\" data-orig-size=\"1280,853\" data-comments-opened=\"0\" data-image-meta=\"{&quot;aperture&quot;:&quot;3.2&quot;,&quot;credit&quot;:&quot;&quot;,&quot;camera&quot;:&quot;X-Pro2&quot;,&quot;caption&quot;:&quot;&quot;,&quot;created_timestamp&quot;:&quot;1697426172&quot;,&quot;copyright&quot;:&quot;&quot;,&quot;focal_length&quot;:&quot;27&quot;,&quot;iso&quot;:&quot;1250&quot;,&quot;shutter_speed&quot;:&quot;0.0090909090909091&quot;,&quot;title&quot;:&quot;&quot;,&quot;orientation&quot;:&quot;0&quot;}\" data-image-title=\"Hanna-Portrait-\u00a9Hanna-Burkar\" data-image-description=\"\" data-image-caption=\"\" data-medium-file=\"https:\/\/i0.wp.com\/ksroom.at\/info\/wp-content\/uploads\/2024\/06\/Hanna-Portrait-\u00a9Hanna-Burkar.jpeg?fit=300%2C200&amp;ssl=1\" data-large-file=\"https:\/\/i0.wp.com\/ksroom.at\/info\/wp-content\/uploads\/2024\/06\/Hanna-Portrait-\u00a9Hanna-Burkar.jpeg?fit=962%2C641&amp;ssl=1\" data-id=\"1378\" src=\"https:\/\/i0.wp.com\/ksroom.at\/info\/wp-content\/uploads\/2024\/06\/Hanna-Portrait-\u00a9Hanna-Burkar.jpeg?resize=962%2C641\" alt=\"\" class=\"wp-image-1378\" srcset=\"https:\/\/i0.wp.com\/ksroom.at\/info\/wp-content\/uploads\/2024\/06\/Hanna-Portrait-\u00a9Hanna-Burkar.jpeg?resize=962%2C641&amp;ssl=1 962w, https:\/\/i0.wp.com\/ksroom.at\/info\/wp-content\/uploads\/2024\/06\/Hanna-Portrait-\u00a9Hanna-Burkar.jpeg?resize=300%2C200&amp;ssl=1 300w, https:\/\/i0.wp.com\/ksroom.at\/info\/wp-content\/uploads\/2024\/06\/Hanna-Portrait-\u00a9Hanna-Burkar.jpeg?w=1280&amp;ssl=1 1280w\" sizes=\"(max-width: 962px) 100vw, 962px\" data-recalc-dims=\"1\" \/><\/figure>\n\n\n\n<figure class=\"wp-block-image size-large\"><img loading=\"lazy\" decoding=\"async\" width=\"422\" height=\"641\" data-attachment-id=\"1384\" data-permalink=\"https:\/\/ksroom.at\/info\/archiv\/2023-2\/may-we-move-may-we-stay\/screenshot\/\" data-orig-file=\"https:\/\/i0.wp.com\/ksroom.at\/info\/wp-content\/uploads\/2024\/06\/MAY-WE-MOVE.\u00a9Hanna-Burkar-1.jpg?fit=937%2C1424&amp;ssl=1\" data-orig-size=\"937,1424\" data-comments-opened=\"0\" data-image-meta=\"{&quot;aperture&quot;:&quot;0&quot;,&quot;credit&quot;:&quot;&quot;,&quot;camera&quot;:&quot;&quot;,&quot;caption&quot;:&quot;Screenshot&quot;,&quot;created_timestamp&quot;:&quot;1698460485&quot;,&quot;copyright&quot;:&quot;&quot;,&quot;focal_length&quot;:&quot;0&quot;,&quot;iso&quot;:&quot;0&quot;,&quot;shutter_speed&quot;:&quot;0&quot;,&quot;title&quot;:&quot;Screenshot&quot;,&quot;orientation&quot;:&quot;1&quot;}\" data-image-title=\"Screenshot\" data-image-description=\"\" data-image-caption=\"&lt;p&gt;Screenshot&lt;\/p&gt;\n\" data-medium-file=\"https:\/\/i0.wp.com\/ksroom.at\/info\/wp-content\/uploads\/2024\/06\/MAY-WE-MOVE.\u00a9Hanna-Burkar-1.jpg?fit=197%2C300&amp;ssl=1\" data-large-file=\"https:\/\/i0.wp.com\/ksroom.at\/info\/wp-content\/uploads\/2024\/06\/MAY-WE-MOVE.\u00a9Hanna-Burkar-1.jpg?fit=422%2C641&amp;ssl=1\" data-id=\"1384\" src=\"https:\/\/i0.wp.com\/ksroom.at\/info\/wp-content\/uploads\/2024\/06\/MAY-WE-MOVE.\u00a9Hanna-Burkar-1.jpg?resize=422%2C641\" alt=\"\" class=\"wp-image-1384\" srcset=\"https:\/\/i0.wp.com\/ksroom.at\/info\/wp-content\/uploads\/2024\/06\/MAY-WE-MOVE.\u00a9Hanna-Burkar-1.jpg?resize=422%2C641&amp;ssl=1 422w, https:\/\/i0.wp.com\/ksroom.at\/info\/wp-content\/uploads\/2024\/06\/MAY-WE-MOVE.\u00a9Hanna-Burkar-1.jpg?resize=197%2C300&amp;ssl=1 197w, https:\/\/i0.wp.com\/ksroom.at\/info\/wp-content\/uploads\/2024\/06\/MAY-WE-MOVE.\u00a9Hanna-Burkar-1.jpg?w=937&amp;ssl=1 937w\" sizes=\"(max-width: 422px) 100vw, 422px\" data-recalc-dims=\"1\" \/><\/figure>\n\n\n\n<figure class=\"wp-block-image size-large\"><img loading=\"lazy\" decoding=\"async\" width=\"427\" height=\"641\" data-attachment-id=\"1383\" data-permalink=\"https:\/\/ksroom.at\/info\/archiv\/2023-2\/may-we-move-may-we-stay\/shoes-hanna-burkar\/\" data-orig-file=\"https:\/\/i0.wp.com\/ksroom.at\/info\/wp-content\/uploads\/2024\/06\/Shoes-\u00a9Hanna-Burkar.jpeg?fit=853%2C1280&amp;ssl=1\" data-orig-size=\"853,1280\" data-comments-opened=\"0\" data-image-meta=\"{&quot;aperture&quot;:&quot;4.5&quot;,&quot;credit&quot;:&quot;&quot;,&quot;camera&quot;:&quot;X-Pro2&quot;,&quot;caption&quot;:&quot;&quot;,&quot;created_timestamp&quot;:&quot;1697421111&quot;,&quot;copyright&quot;:&quot;&quot;,&quot;focal_length&quot;:&quot;27&quot;,&quot;iso&quot;:&quot;1250&quot;,&quot;shutter_speed&quot;:&quot;0.02&quot;,&quot;title&quot;:&quot;&quot;,&quot;orientation&quot;:&quot;0&quot;}\" data-image-title=\"Shoes-\u00a9Hanna-Burkar\" data-image-description=\"\" data-image-caption=\"\" data-medium-file=\"https:\/\/i0.wp.com\/ksroom.at\/info\/wp-content\/uploads\/2024\/06\/Shoes-\u00a9Hanna-Burkar.jpeg?fit=200%2C300&amp;ssl=1\" data-large-file=\"https:\/\/i0.wp.com\/ksroom.at\/info\/wp-content\/uploads\/2024\/06\/Shoes-\u00a9Hanna-Burkar.jpeg?fit=427%2C641&amp;ssl=1\" data-id=\"1383\" src=\"https:\/\/i0.wp.com\/ksroom.at\/info\/wp-content\/uploads\/2024\/06\/Shoes-\u00a9Hanna-Burkar.jpeg?resize=427%2C641\" alt=\"\" class=\"wp-image-1383\" srcset=\"https:\/\/i0.wp.com\/ksroom.at\/info\/wp-content\/uploads\/2024\/06\/Shoes-\u00a9Hanna-Burkar.jpeg?resize=427%2C641&amp;ssl=1 427w, https:\/\/i0.wp.com\/ksroom.at\/info\/wp-content\/uploads\/2024\/06\/Shoes-\u00a9Hanna-Burkar.jpeg?resize=200%2C300&amp;ssl=1 200w, https:\/\/i0.wp.com\/ksroom.at\/info\/wp-content\/uploads\/2024\/06\/Shoes-\u00a9Hanna-Burkar.jpeg?w=853&amp;ssl=1 853w\" sizes=\"(max-width: 427px) 100vw, 427px\" data-recalc-dims=\"1\" \/><\/figure>\n<\/figure>\n","protected":false},"excerpt":{"rendered":"<p>Curated by Hanna Burkart Opening 18.11.2023 18.11.2023 &#8211; 18.01.2024 KS RoomD\u00f6rfl 18333 Kornberg bei Riegersburg ER\u00d6FFNUNG UND PERFORMANCE HANNA BURKART MAY WE MOVE MAY WE STAY Wir m\u00fcssen und m\u00f6gen nicht Wir m\u00f6gen und d\u00fcrfen nicht Wir d\u00fcrfen und konnen nicht Wir k\u00f6nnen und wollen nicht. In einer raumgreifenden Teppichinstallation thematisiert die K\u00fcnstlerin Hanna Burkart, [&hellip;]<\/p>\n","protected":false},"author":6,"featured_media":0,"parent":1152,"menu_order":0,"comment_status":"closed","ping_status":"closed","template":"","meta":{"jetpack_post_was_ever_published":false,"footnotes":""},"class_list":["post-1374","page","type-page","status-publish","hentry"],"jetpack_sharing_enabled":true,"jetpack_shortlink":"https:\/\/wp.me\/P7jCLD-ma","jetpack-related-posts":[],"jetpack_likes_enabled":true,"_links":{"self":[{"href":"https:\/\/ksroom.at\/info\/wp-json\/wp\/v2\/pages\/1374"}],"collection":[{"href":"https:\/\/ksroom.at\/info\/wp-json\/wp\/v2\/pages"}],"about":[{"href":"https:\/\/ksroom.at\/info\/wp-json\/wp\/v2\/types\/page"}],"author":[{"embeddable":true,"href":"https:\/\/ksroom.at\/info\/wp-json\/wp\/v2\/users\/6"}],"replies":[{"embeddable":true,"href":"https:\/\/ksroom.at\/info\/wp-json\/wp\/v2\/comments?post=1374"}],"version-history":[{"count":6,"href":"https:\/\/ksroom.at\/info\/wp-json\/wp\/v2\/pages\/1374\/revisions"}],"predecessor-version":[{"id":1906,"href":"https:\/\/ksroom.at\/info\/wp-json\/wp\/v2\/pages\/1374\/revisions\/1906"}],"up":[{"embeddable":true,"href":"https:\/\/ksroom.at\/info\/wp-json\/wp\/v2\/pages\/1152"}],"wp:attachment":[{"href":"https:\/\/ksroom.at\/info\/wp-json\/wp\/v2\/media?parent=1374"}],"curies":[{"name":"wp","href":"https:\/\/api.w.org\/{rel}","templated":true}]}}