{"id":1336,"date":"2024-06-12T10:03:33","date_gmt":"2024-06-12T10:03:33","guid":{"rendered":"http:\/\/ksroom.at\/info\/?page_id=1336"},"modified":"2026-02-19T18:04:51","modified_gmt":"2026-02-19T18:04:51","slug":"side-shadowing","status":"publish","type":"page","link":"https:\/\/ksroom.at\/info\/archiv\/2023-2\/side-shadowing\/","title":{"rendered":"Side-Shadowing"},"content":{"rendered":"\n<p><br>Curated by\u00a0<strong>Heimo Zobernig Klasse<\/strong><\/p>\n\n\n\n<p>Opening 24.06.2023 | 17:00<\/p>\n\n\n\n<p><strong>24.06.2023 &#8211; 16.07.2023<\/strong><\/p>\n\n\n\n<p>KS Room<br>D\u00f6rfl 1<br>8333 Kornberg bei RiegersburgCurated by&nbsp;<strong>Julia Aldrian<\/strong><\/p>\n\n\n\n<p><br><br>\u201cSide-Shadowing\u201d ist ein Begriff, den Gary Saul Morson und Michael Andr\u00e9 Bernstein in einem philosophischen Kontext zusammen erdacht haben. Er beschreibt im Gegensatz zu \u201cForeshadowing\u201d oder \u201cBack-shadowing\u201d, die die Auswirkungen von Zeit in linearer Weise und als direkte, unvermeidliche Folge darstellen, den seitlich geworfenen Schatten einer alternativen Gegenwart. Die Zeit selbst, wie sie schreiben, wird dadurch nicht nur zu einer Folge von aktuellen Zeitpunkten, sondern auch von M\u00f6glichkeitsfeldern.\u00a0 \u00a0<\/p>\n\n\n\n<p>In diesem Sinne bezieht sich der Titel zun\u00e4chst auf die m\u00f6gliche zweite Form der Abschlussarbeit der Studierenden, indem vielleicht Elemente ihrer Arbeit, die in der Diplomausstellung nicht sichtbar sind, aber doch zentrale Bedeutung in ihrer Arbeit haben, in dieser Ausstellung gezeigt werden k\u00f6nnten, oder ein m\u00f6glicher anderer Ausgang des selben Prozesses imaginiert werden kann. Der Titel kann aber auch als eine rein skulpturale Referenz verstanden werden, denn wo ein Schatten ist, ist meist auch ein Objekt, ein Lebewesen, oder irgendeine Art von dichterem Material im Raum, zwischen Lichtquelle und den Oberfl\u00e4chen der Umgebung. Wie Louis Zukofsky in einem Gedicht schrieb: \u201csee sun, and think shadow\u201d.<\/p>\n\n\n\n<p>Teilnehmer_innen:<br>Simone Bader, Vik Bayer, Emma Hummerhielm Carl\u00e9n, Nana Dahlin, Florian Hofer, Julia Karpov, Roland Kollnitz, Jusun Lee, ra\u00fal itamar lima, Taro Meissner, Fritjof Krabbe N\u00f8rretranders, Michael Reindel, Jakob Rockenschaub, Nora Schultz, Heimo Zobernig<\/p>\n\n\n\n<figure class=\"wp-block-gallery has-nested-images columns-default is-cropped wp-block-gallery-1 is-layout-flex wp-block-gallery-is-layout-flex\">\n<figure class=\"wp-block-image size-large\"><img decoding=\"async\" data-attachment-id=\"1365\" data-permalink=\"https:\/\/ksroom.at\/info\/archiv\/2023-2\/side-shadowing\/img_0576-1\/\" data-orig-file=\"https:\/\/i0.wp.com\/ksroom.at\/info\/wp-content\/uploads\/2024\/06\/IMG_0576-1.heic?fit=%2C&amp;ssl=1\" data-orig-size=\"\" data-comments-opened=\"0\" data-image-meta=\"[]\" data-image-title=\"IMG_0576-1\" data-image-description=\"\" data-image-caption=\"\" data-medium-file=\"https:\/\/i0.wp.com\/ksroom.at\/info\/wp-content\/uploads\/2024\/06\/IMG_0576-1.heic?fit=300%2C300&amp;ssl=1\" data-large-file=\"https:\/\/i0.wp.com\/ksroom.at\/info\/wp-content\/uploads\/2024\/06\/IMG_0576-1.heic?fit=1140%2C641&amp;ssl=1\" data-id=\"1365\" src=\"https:\/\/i0.wp.com\/ksroom.at\/info\/wp-content\/uploads\/2024\/06\/IMG_0576-1.heic?ssl=1\" alt=\"\" class=\"wp-image-1365\" data-recalc-dims=\"1\"\/><\/figure>\n\n\n\n<figure class=\"wp-block-image size-large\"><img decoding=\"async\" data-attachment-id=\"1366\" data-permalink=\"https:\/\/ksroom.at\/info\/archiv\/2023-2\/side-shadowing\/img_0574-1\/\" data-orig-file=\"https:\/\/i0.wp.com\/ksroom.at\/info\/wp-content\/uploads\/2024\/06\/IMG_0574-1.heic?fit=%2C&amp;ssl=1\" data-orig-size=\"\" data-comments-opened=\"0\" data-image-meta=\"[]\" data-image-title=\"IMG_0574-1\" data-image-description=\"\" data-image-caption=\"\" data-medium-file=\"https:\/\/i0.wp.com\/ksroom.at\/info\/wp-content\/uploads\/2024\/06\/IMG_0574-1.heic?fit=300%2C300&amp;ssl=1\" data-large-file=\"https:\/\/i0.wp.com\/ksroom.at\/info\/wp-content\/uploads\/2024\/06\/IMG_0574-1.heic?fit=1140%2C641&amp;ssl=1\" data-id=\"1366\" src=\"https:\/\/i0.wp.com\/ksroom.at\/info\/wp-content\/uploads\/2024\/06\/IMG_0574-1.heic?ssl=1\" alt=\"\" class=\"wp-image-1366\" data-recalc-dims=\"1\"\/><\/figure>\n\n\n\n<figure class=\"wp-block-image size-large\"><img decoding=\"async\" data-attachment-id=\"1367\" data-permalink=\"https:\/\/ksroom.at\/info\/archiv\/2023-2\/side-shadowing\/img_0577-1\/\" data-orig-file=\"https:\/\/i0.wp.com\/ksroom.at\/info\/wp-content\/uploads\/2024\/06\/IMG_0577-1.heic?fit=%2C&amp;ssl=1\" data-orig-size=\"\" data-comments-opened=\"0\" data-image-meta=\"[]\" data-image-title=\"IMG_0577-1\" data-image-description=\"\" data-image-caption=\"\" data-medium-file=\"https:\/\/i0.wp.com\/ksroom.at\/info\/wp-content\/uploads\/2024\/06\/IMG_0577-1.heic?fit=300%2C300&amp;ssl=1\" data-large-file=\"https:\/\/i0.wp.com\/ksroom.at\/info\/wp-content\/uploads\/2024\/06\/IMG_0577-1.heic?fit=1140%2C641&amp;ssl=1\" data-id=\"1367\" src=\"https:\/\/i0.wp.com\/ksroom.at\/info\/wp-content\/uploads\/2024\/06\/IMG_0577-1.heic?ssl=1\" alt=\"\" class=\"wp-image-1367\" data-recalc-dims=\"1\"\/><\/figure>\n\n\n\n<figure class=\"wp-block-image size-large\"><img decoding=\"async\" data-attachment-id=\"1369\" data-permalink=\"https:\/\/ksroom.at\/info\/archiv\/2023-2\/side-shadowing\/img_0591-1\/\" data-orig-file=\"https:\/\/i0.wp.com\/ksroom.at\/info\/wp-content\/uploads\/2024\/06\/IMG_0591-1.heic?fit=%2C&amp;ssl=1\" data-orig-size=\"\" data-comments-opened=\"0\" data-image-meta=\"[]\" data-image-title=\"IMG_0591-1\" data-image-description=\"\" data-image-caption=\"\" data-medium-file=\"https:\/\/i0.wp.com\/ksroom.at\/info\/wp-content\/uploads\/2024\/06\/IMG_0591-1.heic?fit=300%2C300&amp;ssl=1\" data-large-file=\"https:\/\/i0.wp.com\/ksroom.at\/info\/wp-content\/uploads\/2024\/06\/IMG_0591-1.heic?fit=1140%2C641&amp;ssl=1\" data-id=\"1369\" src=\"https:\/\/i0.wp.com\/ksroom.at\/info\/wp-content\/uploads\/2024\/06\/IMG_0591-1.heic?ssl=1\" alt=\"\" class=\"wp-image-1369\" data-recalc-dims=\"1\"\/><\/figure>\n\n\n\n<figure class=\"wp-block-image size-large\"><img decoding=\"async\" data-attachment-id=\"1370\" data-permalink=\"https:\/\/ksroom.at\/info\/archiv\/2023-2\/side-shadowing\/img_0589-1\/\" data-orig-file=\"https:\/\/i0.wp.com\/ksroom.at\/info\/wp-content\/uploads\/2024\/06\/IMG_0589-1.heic?fit=%2C&amp;ssl=1\" data-orig-size=\"\" data-comments-opened=\"0\" data-image-meta=\"[]\" data-image-title=\"IMG_0589-1\" data-image-description=\"\" data-image-caption=\"\" data-medium-file=\"https:\/\/i0.wp.com\/ksroom.at\/info\/wp-content\/uploads\/2024\/06\/IMG_0589-1.heic?fit=300%2C300&amp;ssl=1\" data-large-file=\"https:\/\/i0.wp.com\/ksroom.at\/info\/wp-content\/uploads\/2024\/06\/IMG_0589-1.heic?fit=1140%2C641&amp;ssl=1\" data-id=\"1370\" src=\"https:\/\/i0.wp.com\/ksroom.at\/info\/wp-content\/uploads\/2024\/06\/IMG_0589-1.heic?ssl=1\" alt=\"\" class=\"wp-image-1370\" data-recalc-dims=\"1\"\/><\/figure>\n<\/figure>\n\n\n\n<figure class=\"wp-block-image size-large\"><img loading=\"lazy\" decoding=\"async\" width=\"296\" height=\"641\" data-attachment-id=\"1909\" data-permalink=\"https:\/\/ksroom.at\/info\/archiv\/2023-2\/side-shadowing\/3ce4b340-56e1-fec4-f010-ccd09cc17eef\/\" data-orig-file=\"https:\/\/i0.wp.com\/ksroom.at\/info\/wp-content\/uploads\/2026\/02\/3ce4b340-56e1-fec4-f010-ccd09cc17eef.png?fit=1128%2C2445&amp;ssl=1\" data-orig-size=\"1128,2445\" data-comments-opened=\"0\" data-image-meta=\"{&quot;aperture&quot;:&quot;0&quot;,&quot;credit&quot;:&quot;&quot;,&quot;camera&quot;:&quot;&quot;,&quot;caption&quot;:&quot;&quot;,&quot;created_timestamp&quot;:&quot;0&quot;,&quot;copyright&quot;:&quot;&quot;,&quot;focal_length&quot;:&quot;0&quot;,&quot;iso&quot;:&quot;0&quot;,&quot;shutter_speed&quot;:&quot;0&quot;,&quot;title&quot;:&quot;&quot;,&quot;orientation&quot;:&quot;0&quot;}\" data-image-title=\"3ce4b340-56e1-fec4-f010-ccd09cc17eef\" data-image-description=\"\" data-image-caption=\"\" data-medium-file=\"https:\/\/i0.wp.com\/ksroom.at\/info\/wp-content\/uploads\/2026\/02\/3ce4b340-56e1-fec4-f010-ccd09cc17eef.png?fit=138%2C300&amp;ssl=1\" data-large-file=\"https:\/\/i0.wp.com\/ksroom.at\/info\/wp-content\/uploads\/2026\/02\/3ce4b340-56e1-fec4-f010-ccd09cc17eef.png?fit=296%2C641&amp;ssl=1\" src=\"https:\/\/i0.wp.com\/ksroom.at\/info\/wp-content\/uploads\/2026\/02\/3ce4b340-56e1-fec4-f010-ccd09cc17eef-296x641.png?resize=296%2C641&#038;ssl=1\" alt=\"\" class=\"wp-image-1909\" srcset=\"https:\/\/i0.wp.com\/ksroom.at\/info\/wp-content\/uploads\/2026\/02\/3ce4b340-56e1-fec4-f010-ccd09cc17eef.png?resize=296%2C641&amp;ssl=1 296w, https:\/\/i0.wp.com\/ksroom.at\/info\/wp-content\/uploads\/2026\/02\/3ce4b340-56e1-fec4-f010-ccd09cc17eef.png?resize=138%2C300&amp;ssl=1 138w, https:\/\/i0.wp.com\/ksroom.at\/info\/wp-content\/uploads\/2026\/02\/3ce4b340-56e1-fec4-f010-ccd09cc17eef.png?resize=709%2C1536&amp;ssl=1 709w, https:\/\/i0.wp.com\/ksroom.at\/info\/wp-content\/uploads\/2026\/02\/3ce4b340-56e1-fec4-f010-ccd09cc17eef.png?resize=945%2C2048&amp;ssl=1 945w, https:\/\/i0.wp.com\/ksroom.at\/info\/wp-content\/uploads\/2026\/02\/3ce4b340-56e1-fec4-f010-ccd09cc17eef.png?w=1128&amp;ssl=1 1128w\" sizes=\"(max-width: 296px) 100vw, 296px\" data-recalc-dims=\"1\" \/><\/figure>\n","protected":false},"excerpt":{"rendered":"<p>Curated by\u00a0Heimo Zobernig Klasse Opening 24.06.2023 | 17:00 24.06.2023 &#8211; 16.07.2023 KS RoomD\u00f6rfl 18333 Kornberg bei RiegersburgCurated by&nbsp;Julia Aldrian \u201cSide-Shadowing\u201d ist ein Begriff, den Gary Saul Morson und Michael Andr\u00e9 Bernstein in einem philosophischen Kontext zusammen erdacht haben. Er beschreibt im Gegensatz zu \u201cForeshadowing\u201d oder \u201cBack-shadowing\u201d, die die Auswirkungen von Zeit in linearer Weise und [&hellip;]<\/p>\n","protected":false},"author":6,"featured_media":0,"parent":1152,"menu_order":0,"comment_status":"closed","ping_status":"closed","template":"","meta":{"jetpack_post_was_ever_published":false,"footnotes":""},"class_list":["post-1336","page","type-page","status-publish","hentry"],"jetpack_sharing_enabled":true,"jetpack_shortlink":"https:\/\/wp.me\/P7jCLD-ly","jetpack-related-posts":[],"jetpack_likes_enabled":true,"_links":{"self":[{"href":"https:\/\/ksroom.at\/info\/wp-json\/wp\/v2\/pages\/1336"}],"collection":[{"href":"https:\/\/ksroom.at\/info\/wp-json\/wp\/v2\/pages"}],"about":[{"href":"https:\/\/ksroom.at\/info\/wp-json\/wp\/v2\/types\/page"}],"author":[{"embeddable":true,"href":"https:\/\/ksroom.at\/info\/wp-json\/wp\/v2\/users\/6"}],"replies":[{"embeddable":true,"href":"https:\/\/ksroom.at\/info\/wp-json\/wp\/v2\/comments?post=1336"}],"version-history":[{"count":5,"href":"https:\/\/ksroom.at\/info\/wp-json\/wp\/v2\/pages\/1336\/revisions"}],"predecessor-version":[{"id":1910,"href":"https:\/\/ksroom.at\/info\/wp-json\/wp\/v2\/pages\/1336\/revisions\/1910"}],"up":[{"embeddable":true,"href":"https:\/\/ksroom.at\/info\/wp-json\/wp\/v2\/pages\/1152"}],"wp:attachment":[{"href":"https:\/\/ksroom.at\/info\/wp-json\/wp\/v2\/media?parent=1336"}],"curies":[{"name":"wp","href":"https:\/\/api.w.org\/{rel}","templated":true}]}}