{"id":957,"date":"2021-05-05T11:30:19","date_gmt":"2021-05-05T11:30:19","guid":{"rendered":"http:\/\/ksroom.at\/info\/?page_id=957"},"modified":"2026-02-19T16:27:39","modified_gmt":"2026-02-19T16:27:39","slug":"overstrained","status":"publish","type":"page","link":"http:\/\/ksroom.at\/info\/archiv\/2020-2-2\/overstrained\/","title":{"rendered":"Overstrained"},"content":{"rendered":"<p>Overstrained &#8211; curated by Lena Czermak<\/p>\n<p>mit<\/p>\n<div class=\"page\" title=\"Page 1\">\n<div class=\"layoutArea\">\n<div class=\"column\">\n<p><strong>Raphael Haider<\/strong><\/p>\n<p><strong>Jana Kolbert<\/strong><\/p>\n<p><strong>Marlene Posch<\/strong><\/p>\n<p><strong>Daniel Stolzlederer <\/strong><\/p>\n<p><strong>Thomas Supper<\/strong><\/p>\n<\/div>\n<\/div>\n<\/div>\n<p>Er\u00f6ffnung: 12.09.2020\u00a0\/\u00a017 Uhr<\/p>\n<div class=\"text_exposed_show\">\n<p>Ausstellungsdauer: 12.09. &#8211; 11.10.2020<\/p>\n<\/div>\n<div class=\"page\" title=\"Page 1\">\n<div class=\"layoutArea\">\n<div class=\"column\">\n<p>Oftmals wird im Zusammenhang mit zeitgen\u00f6ssischer Kunst jener unterstellt, Anspruch darauf zu erheben die Zukunft zu kennen oder diese dem Betrachter vorzuhalten. Vielmehr zeigt sie die Gegenw\u00e4rtigkeit auf sowie ihre Verg\u00e4nglichkeit und kreiert damit einhergehend eine richtungsweisende Ebnung f\u00fcr Ver\u00e4nderung und das Neue. Dieses zentrale Element manifestiert sich in einer Distanz, die den Betrachtern aktiv durch die K\u00fcnstlerin auferlegt wird. Es hilft Gewohntes anzuzweifeln, neue Blickwinkel in Erw\u00e4gung zu ziehen und die Realit\u00e4t zu hinterfragen.<\/p>\n<p>Die Multimedia-Ausstellung overstrained vereint Kunstwerke der aufstrebenden K\u00fcnstlerinnen und K\u00fcnstler Raphael Haider, Jana Kolbert, Marlene Posch, Daniel Stolzlederer und Thomas Supper, die mit ihren Werken die Beziehung zwischen Material und Prozess evaluieren. Als Studentinnen und Studenten der transmedialen Klasse von Brigitte Kowanz an der Universit\u00e4t f\u00fcr Angewandte Kunst in Wien kommen sie im Kunstraum des KS-Room als Gegenwartsdiagnostiker zusammen und konzipieren eine Praxis der Kreativit\u00e4t und Kraft in der Kollaboration.<\/p>\n<p>Physische sowie intellektuelle Einstiegspunkte in eine Ausstellung sind essenzielle Entit\u00e4ten, die das Sichtfeld ver\u00e4ndern und Sensibilit\u00e4t aktivieren. Besucherinnen und Besucher einer Ausstellung k\u00f6nnen Ideen assoziieren oder zumindest Resonanzen zwischen jenen herstellen. Insbesondere in Verbindung mit transmedialer Kunst kommt es nicht zu einer einsamen Kommunikation mit dem Medium. Diese sind eng miteinander verkn\u00fcpft oder in ihre Einzelteile zerlegt. Sie sind unvollst\u00e4ndig oder in ihrer G\u00e4nze bearbeitet. Sie wehren sich gegen kulturhistorische und kunsttheoretische Einteilung oder nutzen gezielt die Kollaboration mit jener. Transmediale Kunst ist in ihrer Praxis als auch Theorie grenzenverzerrend sowie aufl\u00f6send und stagniert &#8211; allein durch das was sie ist- schlichtweg nie.<\/p>\n<p>Die K\u00fcnstlerinnen und K\u00fcnstler der Ausstellung overstrained n\u00fctzen bewusst diese Energie mit ihren Werken und ihrem Schaffen. In dieser Ausstellung werden die Urspr\u00fcnge des Zusammenwirkens thematisiert und sind zentrale Frage in der Untersuchung des Strapazierens von Materialien. Durch diese Methodik werden immer wieder neue Reize geweckt, die Auseinandersetzung mit dem Medium generieren und resultierend daraus kontinuierlich neue Verbindungselemente entdecken. Belastung, Verbindung und Bearbeitung von Materialien und Medien sowie die prozessuale Ver\u00e4nderung oder Instandhaltung appellieren zur Reflektion mit anderem, sich selbst und der Umwelt. Das ist beispielgebend f\u00fcr eine K\u00fcnstlergeneration, die gegen die hyperventilierende Suche nach st\u00e4ndiger Ver\u00e4nderung und Erneuerung steht. Diese ist mit hochmodernen Praktiken und Ideen f\u00fcr Entschleunigung in der Gesellschaft verantwortlich und widersetzt sich dem Stillstand. Die beschriebenen Prozesse sind nicht entgegengesetzt &#8211; sondern logische Konsequenz von transmedialer Kunst.<\/p>\n<\/div>\n<\/div>\n<\/div>\n<div class=\"page\" title=\"Page 2\">\n<div class=\"layoutArea\">\n<div class=\"column\">\n<p>Jana Kolbert setzt sich mit der \u00dcberarbeitung bereits abgeschlossener Werke in einer Vielzahl an Herangehensweisen auseinander. Das Projekt verhandelt die Grenzen der fertigen Arbeit durch Prozesse der \u00dcbermalung, Durchdruck, Faltung und dem Zeigen der Innenseite. Der Konflikt zwischen Zeigen und Verdecken des Vergangenen spiegelt sich auf der Bildfl\u00e4che wieder und ist eine Besch\u00e4ftigung mit pers\u00f6nlicher Identit\u00e4t und deren unweigerliche Ver\u00e4nderung im Laufe der Zeit.<\/p>\n<p>Die Arbeiten von Thomas Supper demonstrieren den willentlichen Impuls des Verfremdens, der aus profunden technischen Prozessen eine malerische Geste macht. Der Einsatz von Fett beleidigt und irritiert das Material, wie beispielsweise Titan oder Edelstahl, sodass eine Reflektion-, sowie Projektionsfl\u00e4che f\u00fcr Betrachter und dessen omnipr\u00e4sente Umwelt geschaffen wird. Es entsteht eine Innige Verbindung von Perspektive und Anordnung, ein ewiges Zwischenspiel aus Pr\u00e4senz und Au\u00dfenwelt.<\/p>\n<p>Die kollaborative Kunst von Raphael Haider und Marlene Posch arbeitet mit der Verschr\u00e4nkung von Material und teilt ein Interesse an der Deformation von jenen. Die Ver\u00e4nderung und das Kollabieren des Mediums bildet eine Schnittstelle ihrer Zusammenarbeit bei der Reaktion und das Ineinandergreifen der Materialien untersucht wird. Beispielsweise die \u00dcbertragung des Lichts auf die metallische Oberfl\u00e4che aber auch die Frage nach der Kr\u00e4fteverteilung zwischen diesen.<\/p>\n<p>Der Klangk\u00fcnstler, Musiker und Performancek\u00fcnstler Daniel Stolzlederer bat die Teilnehmenden K\u00fcnstler dieser Ausstellung mit ihren Kunstwerken zu interagieren und arrangiert und bearbeitet die dabei entstehenden Ger\u00e4usche zu einer 4-Kanal Audioinstallation. Durch die tonale \u00dcberstrapazierung werden Sounds dumpfer, verzerrter, l\u00e4nger, k\u00fcrzer, fremder, absto\u00dfender, bis das urspr\u00fcngliche Material vergessen ist. Die eigenh\u00e4ndige Erstellung und Verformung von bereits vorhandenen Klangentit\u00e4ten beschreibt Stolzlederer als skulpturalen freien Prozess der die Basis f\u00fcr seine Soundinstallationen und Konzeptalben ist.<\/p>\n<p>\u00a0<\/p>\n<\/div>\n<\/div>\n<\/div>\n<hr \/>\n\n\n<figure class=\"wp-block-gallery has-nested-images columns-default is-cropped wp-block-gallery-1 is-layout-flex wp-block-gallery-is-layout-flex\">\n<figure class=\"wp-block-image size-large\"><img loading=\"lazy\" decoding=\"async\" width=\"962\" height=\"641\" data-attachment-id=\"976\" data-permalink=\"http:\/\/ksroom.at\/info\/archiv\/2020-2-2\/overstrained\/over-com-27\/\" data-orig-file=\"https:\/\/i0.wp.com\/ksroom.at\/info\/wp-content\/uploads\/2021\/05\/over-com-27.jpeg?fit=6000%2C4000\" data-orig-size=\"6000,4000\" data-comments-opened=\"0\" data-image-meta=\"{&quot;aperture&quot;:&quot;6.7&quot;,&quot;credit&quot;:&quot;&quot;,&quot;camera&quot;:&quot;ILCE-7M2&quot;,&quot;caption&quot;:&quot;&quot;,&quot;created_timestamp&quot;:&quot;1602164775&quot;,&quot;copyright&quot;:&quot;&quot;,&quot;focal_length&quot;:&quot;70&quot;,&quot;iso&quot;:&quot;100&quot;,&quot;shutter_speed&quot;:&quot;0.033333333333333&quot;,&quot;title&quot;:&quot;&quot;,&quot;orientation&quot;:&quot;1&quot;}\" data-image-title=\"over-com-27\" data-image-description=\"\" data-image-caption=\"\" data-medium-file=\"https:\/\/i0.wp.com\/ksroom.at\/info\/wp-content\/uploads\/2021\/05\/over-com-27.jpeg?fit=300%2C200\" data-large-file=\"https:\/\/i0.wp.com\/ksroom.at\/info\/wp-content\/uploads\/2021\/05\/over-com-27.jpeg?fit=962%2C641\" data-id=\"976\" src=\"https:\/\/i0.wp.com\/ksroom.at\/info\/wp-content\/uploads\/2021\/05\/over-com-27-962x641.jpeg?resize=962%2C641&#038;ssl=1\" alt=\"\" class=\"wp-image-976\" srcset=\"https:\/\/i0.wp.com\/ksroom.at\/info\/wp-content\/uploads\/2021\/05\/over-com-27.jpeg?resize=962%2C641 962w, https:\/\/i0.wp.com\/ksroom.at\/info\/wp-content\/uploads\/2021\/05\/over-com-27.jpeg?resize=300%2C200 300w, https:\/\/i0.wp.com\/ksroom.at\/info\/wp-content\/uploads\/2021\/05\/over-com-27.jpeg?w=2000 2000w, https:\/\/i0.wp.com\/ksroom.at\/info\/wp-content\/uploads\/2021\/05\/over-com-27.jpeg?w=3000 3000w\" sizes=\"(max-width: 962px) 100vw, 962px\" data-recalc-dims=\"1\" \/><\/figure>\n\n\n\n<figure class=\"wp-block-image size-large\"><img loading=\"lazy\" decoding=\"async\" width=\"962\" height=\"641\" data-attachment-id=\"963\" data-permalink=\"http:\/\/ksroom.at\/info\/archiv\/2020-2-2\/overstrained\/over-com-12\/\" data-orig-file=\"https:\/\/i0.wp.com\/ksroom.at\/info\/wp-content\/uploads\/2021\/05\/over-com-12.jpeg?fit=6000%2C4000\" data-orig-size=\"6000,4000\" data-comments-opened=\"0\" data-image-meta=\"{&quot;aperture&quot;:&quot;8&quot;,&quot;credit&quot;:&quot;&quot;,&quot;camera&quot;:&quot;ILCE-7M2&quot;,&quot;caption&quot;:&quot;&quot;,&quot;created_timestamp&quot;:&quot;1602151608&quot;,&quot;copyright&quot;:&quot;&quot;,&quot;focal_length&quot;:&quot;70&quot;,&quot;iso&quot;:&quot;100&quot;,&quot;shutter_speed&quot;:&quot;0.033333333333333&quot;,&quot;title&quot;:&quot;&quot;,&quot;orientation&quot;:&quot;1&quot;}\" data-image-title=\"over-com-12\" data-image-description=\"\" data-image-caption=\"\" data-medium-file=\"https:\/\/i0.wp.com\/ksroom.at\/info\/wp-content\/uploads\/2021\/05\/over-com-12.jpeg?fit=300%2C200\" data-large-file=\"https:\/\/i0.wp.com\/ksroom.at\/info\/wp-content\/uploads\/2021\/05\/over-com-12.jpeg?fit=962%2C641\" data-id=\"963\" src=\"https:\/\/i0.wp.com\/ksroom.at\/info\/wp-content\/uploads\/2021\/05\/over-com-12-962x641.jpeg?resize=962%2C641&#038;ssl=1\" alt=\"\" class=\"wp-image-963\" srcset=\"https:\/\/i0.wp.com\/ksroom.at\/info\/wp-content\/uploads\/2021\/05\/over-com-12.jpeg?resize=962%2C641 962w, https:\/\/i0.wp.com\/ksroom.at\/info\/wp-content\/uploads\/2021\/05\/over-com-12.jpeg?resize=300%2C200 300w, https:\/\/i0.wp.com\/ksroom.at\/info\/wp-content\/uploads\/2021\/05\/over-com-12.jpeg?w=2000 2000w, https:\/\/i0.wp.com\/ksroom.at\/info\/wp-content\/uploads\/2021\/05\/over-com-12.jpeg?w=3000 3000w\" sizes=\"(max-width: 962px) 100vw, 962px\" data-recalc-dims=\"1\" \/><\/figure>\n\n\n\n<figure class=\"wp-block-image size-large\"><img loading=\"lazy\" decoding=\"async\" width=\"962\" height=\"641\" data-attachment-id=\"966\" data-permalink=\"http:\/\/ksroom.at\/info\/archiv\/2020-2-2\/overstrained\/over-com-15\/\" data-orig-file=\"https:\/\/i0.wp.com\/ksroom.at\/info\/wp-content\/uploads\/2021\/05\/over-com-15.jpeg?fit=6000%2C4000\" data-orig-size=\"6000,4000\" data-comments-opened=\"0\" data-image-meta=\"{&quot;aperture&quot;:&quot;16&quot;,&quot;credit&quot;:&quot;&quot;,&quot;camera&quot;:&quot;ILCE-7M2&quot;,&quot;caption&quot;:&quot;&quot;,&quot;created_timestamp&quot;:&quot;1602151955&quot;,&quot;copyright&quot;:&quot;&quot;,&quot;focal_length&quot;:&quot;28&quot;,&quot;iso&quot;:&quot;100&quot;,&quot;shutter_speed&quot;:&quot;0.033333333333333&quot;,&quot;title&quot;:&quot;&quot;,&quot;orientation&quot;:&quot;1&quot;}\" data-image-title=\"over-com-15\" data-image-description=\"\" data-image-caption=\"\" data-medium-file=\"https:\/\/i0.wp.com\/ksroom.at\/info\/wp-content\/uploads\/2021\/05\/over-com-15.jpeg?fit=300%2C200\" data-large-file=\"https:\/\/i0.wp.com\/ksroom.at\/info\/wp-content\/uploads\/2021\/05\/over-com-15.jpeg?fit=962%2C641\" data-id=\"966\" src=\"https:\/\/i0.wp.com\/ksroom.at\/info\/wp-content\/uploads\/2021\/05\/over-com-15-962x641.jpeg?resize=962%2C641&#038;ssl=1\" alt=\"\" class=\"wp-image-966\" srcset=\"https:\/\/i0.wp.com\/ksroom.at\/info\/wp-content\/uploads\/2021\/05\/over-com-15.jpeg?resize=962%2C641 962w, https:\/\/i0.wp.com\/ksroom.at\/info\/wp-content\/uploads\/2021\/05\/over-com-15.jpeg?resize=300%2C200 300w, https:\/\/i0.wp.com\/ksroom.at\/info\/wp-content\/uploads\/2021\/05\/over-com-15.jpeg?w=2000 2000w, https:\/\/i0.wp.com\/ksroom.at\/info\/wp-content\/uploads\/2021\/05\/over-com-15.jpeg?w=3000 3000w\" sizes=\"(max-width: 962px) 100vw, 962px\" data-recalc-dims=\"1\" \/><\/figure>\n\n\n\n<figure class=\"wp-block-image size-large\"><img loading=\"lazy\" decoding=\"async\" width=\"962\" height=\"641\" data-attachment-id=\"970\" data-permalink=\"http:\/\/ksroom.at\/info\/archiv\/2020-2-2\/overstrained\/over-com-20\/\" data-orig-file=\"https:\/\/i0.wp.com\/ksroom.at\/info\/wp-content\/uploads\/2021\/05\/over-com-20.jpeg?fit=6000%2C4000\" data-orig-size=\"6000,4000\" data-comments-opened=\"0\" data-image-meta=\"{&quot;aperture&quot;:&quot;3.5&quot;,&quot;credit&quot;:&quot;&quot;,&quot;camera&quot;:&quot;ILCE-7M2&quot;,&quot;caption&quot;:&quot;&quot;,&quot;created_timestamp&quot;:&quot;1602153351&quot;,&quot;copyright&quot;:&quot;&quot;,&quot;focal_length&quot;:&quot;28&quot;,&quot;iso&quot;:&quot;100&quot;,&quot;shutter_speed&quot;:&quot;0.011111111111111&quot;,&quot;title&quot;:&quot;&quot;,&quot;orientation&quot;:&quot;1&quot;}\" data-image-title=\"over-com-20\" data-image-description=\"\" data-image-caption=\"\" data-medium-file=\"https:\/\/i0.wp.com\/ksroom.at\/info\/wp-content\/uploads\/2021\/05\/over-com-20.jpeg?fit=300%2C200\" data-large-file=\"https:\/\/i0.wp.com\/ksroom.at\/info\/wp-content\/uploads\/2021\/05\/over-com-20.jpeg?fit=962%2C641\" data-id=\"970\" src=\"https:\/\/i0.wp.com\/ksroom.at\/info\/wp-content\/uploads\/2021\/05\/over-com-20-962x641.jpeg?resize=962%2C641&#038;ssl=1\" alt=\"\" class=\"wp-image-970\" srcset=\"https:\/\/i0.wp.com\/ksroom.at\/info\/wp-content\/uploads\/2021\/05\/over-com-20.jpeg?resize=962%2C641 962w, https:\/\/i0.wp.com\/ksroom.at\/info\/wp-content\/uploads\/2021\/05\/over-com-20.jpeg?resize=300%2C200 300w, https:\/\/i0.wp.com\/ksroom.at\/info\/wp-content\/uploads\/2021\/05\/over-com-20.jpeg?w=2000 2000w, https:\/\/i0.wp.com\/ksroom.at\/info\/wp-content\/uploads\/2021\/05\/over-com-20.jpeg?w=3000 3000w\" sizes=\"(max-width: 962px) 100vw, 962px\" data-recalc-dims=\"1\" \/><\/figure>\n\n\n\n<figure class=\"wp-block-image size-large\"><img loading=\"lazy\" decoding=\"async\" width=\"1140\" height=\"627\" data-attachment-id=\"960\" data-permalink=\"http:\/\/ksroom.at\/info\/archiv\/2020-2-2\/overstrained\/over-com-5\/\" data-orig-file=\"https:\/\/i0.wp.com\/ksroom.at\/info\/wp-content\/uploads\/2021\/05\/over-com-5.jpeg?fit=5858%2C3220\" data-orig-size=\"5858,3220\" data-comments-opened=\"0\" data-image-meta=\"{&quot;aperture&quot;:&quot;3.5&quot;,&quot;credit&quot;:&quot;&quot;,&quot;camera&quot;:&quot;ILCE-7M2&quot;,&quot;caption&quot;:&quot;&quot;,&quot;created_timestamp&quot;:&quot;1602152919&quot;,&quot;copyright&quot;:&quot;&quot;,&quot;focal_length&quot;:&quot;28&quot;,&quot;iso&quot;:&quot;100&quot;,&quot;shutter_speed&quot;:&quot;0.011111111111111&quot;,&quot;title&quot;:&quot;&quot;,&quot;orientation&quot;:&quot;1&quot;}\" data-image-title=\"over-com-5\" data-image-description=\"\" data-image-caption=\"\" data-medium-file=\"https:\/\/i0.wp.com\/ksroom.at\/info\/wp-content\/uploads\/2021\/05\/over-com-5.jpeg?fit=300%2C165\" data-large-file=\"https:\/\/i0.wp.com\/ksroom.at\/info\/wp-content\/uploads\/2021\/05\/over-com-5.jpeg?fit=1140%2C627\" data-id=\"960\" src=\"https:\/\/i0.wp.com\/ksroom.at\/info\/wp-content\/uploads\/2021\/05\/over-com-5-1140x627.jpeg?resize=1140%2C627&#038;ssl=1\" alt=\"\" class=\"wp-image-960\" srcset=\"https:\/\/i0.wp.com\/ksroom.at\/info\/wp-content\/uploads\/2021\/05\/over-com-5.jpeg?resize=1140%2C627 1140w, https:\/\/i0.wp.com\/ksroom.at\/info\/wp-content\/uploads\/2021\/05\/over-com-5.jpeg?resize=300%2C165 300w, https:\/\/i0.wp.com\/ksroom.at\/info\/wp-content\/uploads\/2021\/05\/over-com-5.jpeg?w=2000 2000w, https:\/\/i0.wp.com\/ksroom.at\/info\/wp-content\/uploads\/2021\/05\/over-com-5.jpeg?w=3000 3000w\" sizes=\"(max-width: 1000px) 100vw, 1000px\" data-recalc-dims=\"1\" \/><\/figure>\n\n\n\n<figure class=\"wp-block-image size-large\"><img loading=\"lazy\" decoding=\"async\" width=\"913\" height=\"641\" data-attachment-id=\"958\" data-permalink=\"http:\/\/ksroom.at\/info\/archiv\/2020-2-2\/overstrained\/over-com-6\/\" data-orig-file=\"https:\/\/i0.wp.com\/ksroom.at\/info\/wp-content\/uploads\/2021\/05\/over-com-6.jpeg?fit=5696%2C4000\" data-orig-size=\"5696,4000\" data-comments-opened=\"0\" data-image-meta=\"{&quot;aperture&quot;:&quot;5.6&quot;,&quot;credit&quot;:&quot;&quot;,&quot;camera&quot;:&quot;ILCE-7M2&quot;,&quot;caption&quot;:&quot;&quot;,&quot;created_timestamp&quot;:&quot;1602153125&quot;,&quot;copyright&quot;:&quot;&quot;,&quot;focal_length&quot;:&quot;67&quot;,&quot;iso&quot;:&quot;100&quot;,&quot;shutter_speed&quot;:&quot;0.011111111111111&quot;,&quot;title&quot;:&quot;&quot;,&quot;orientation&quot;:&quot;1&quot;}\" data-image-title=\"over-com-6\" data-image-description=\"\" data-image-caption=\"\" data-medium-file=\"https:\/\/i0.wp.com\/ksroom.at\/info\/wp-content\/uploads\/2021\/05\/over-com-6.jpeg?fit=300%2C211\" data-large-file=\"https:\/\/i0.wp.com\/ksroom.at\/info\/wp-content\/uploads\/2021\/05\/over-com-6.jpeg?fit=913%2C641\" data-id=\"958\" src=\"https:\/\/i0.wp.com\/ksroom.at\/info\/wp-content\/uploads\/2021\/05\/over-com-6-913x641.jpeg?resize=913%2C641&#038;ssl=1\" alt=\"\" class=\"wp-image-958\" srcset=\"https:\/\/i0.wp.com\/ksroom.at\/info\/wp-content\/uploads\/2021\/05\/over-com-6.jpeg?resize=913%2C641 913w, https:\/\/i0.wp.com\/ksroom.at\/info\/wp-content\/uploads\/2021\/05\/over-com-6.jpeg?resize=300%2C211 300w, https:\/\/i0.wp.com\/ksroom.at\/info\/wp-content\/uploads\/2021\/05\/over-com-6.jpeg?resize=155%2C110 155w, https:\/\/i0.wp.com\/ksroom.at\/info\/wp-content\/uploads\/2021\/05\/over-com-6.jpeg?resize=77%2C55 77w, https:\/\/i0.wp.com\/ksroom.at\/info\/wp-content\/uploads\/2021\/05\/over-com-6.jpeg?w=2000 2000w, https:\/\/i0.wp.com\/ksroom.at\/info\/wp-content\/uploads\/2021\/05\/over-com-6.jpeg?w=3000 3000w\" sizes=\"(max-width: 913px) 100vw, 913px\" data-recalc-dims=\"1\" \/><\/figure>\n\n\n\n<figure class=\"wp-block-image size-large\"><img loading=\"lazy\" decoding=\"async\" width=\"959\" height=\"641\" data-attachment-id=\"959\" data-permalink=\"http:\/\/ksroom.at\/info\/archiv\/2020-2-2\/overstrained\/over-com-4\/\" data-orig-file=\"https:\/\/i0.wp.com\/ksroom.at\/info\/wp-content\/uploads\/2021\/05\/over-com-4.jpeg?fit=5438%2C3635\" data-orig-size=\"5438,3635\" data-comments-opened=\"0\" data-image-meta=\"{&quot;aperture&quot;:&quot;6.7&quot;,&quot;credit&quot;:&quot;&quot;,&quot;camera&quot;:&quot;ILCE-7M2&quot;,&quot;caption&quot;:&quot;&quot;,&quot;created_timestamp&quot;:&quot;1602152824&quot;,&quot;copyright&quot;:&quot;&quot;,&quot;focal_length&quot;:&quot;28&quot;,&quot;iso&quot;:&quot;100&quot;,&quot;shutter_speed&quot;:&quot;0.05&quot;,&quot;title&quot;:&quot;&quot;,&quot;orientation&quot;:&quot;1&quot;}\" data-image-title=\"over-com-4\" data-image-description=\"\" data-image-caption=\"\" data-medium-file=\"https:\/\/i0.wp.com\/ksroom.at\/info\/wp-content\/uploads\/2021\/05\/over-com-4.jpeg?fit=300%2C201\" data-large-file=\"https:\/\/i0.wp.com\/ksroom.at\/info\/wp-content\/uploads\/2021\/05\/over-com-4.jpeg?fit=959%2C641\" data-id=\"959\" src=\"https:\/\/i0.wp.com\/ksroom.at\/info\/wp-content\/uploads\/2021\/05\/over-com-4-959x641.jpeg?resize=959%2C641&#038;ssl=1\" alt=\"\" class=\"wp-image-959\" srcset=\"https:\/\/i0.wp.com\/ksroom.at\/info\/wp-content\/uploads\/2021\/05\/over-com-4.jpeg?resize=959%2C641 959w, https:\/\/i0.wp.com\/ksroom.at\/info\/wp-content\/uploads\/2021\/05\/over-com-4.jpeg?resize=300%2C201 300w, https:\/\/i0.wp.com\/ksroom.at\/info\/wp-content\/uploads\/2021\/05\/over-com-4.jpeg?w=2000 2000w, https:\/\/i0.wp.com\/ksroom.at\/info\/wp-content\/uploads\/2021\/05\/over-com-4.jpeg?w=3000 3000w\" sizes=\"(max-width: 959px) 100vw, 959px\" data-recalc-dims=\"1\" \/><\/figure>\n<\/figure>\n","protected":false},"excerpt":{"rendered":"<p>Overstrained &#8211; curated by Lena Czermak mit Raphael Haider Jana Kolbert Marlene Posch Daniel Stolzlederer Thomas Supper Er\u00f6ffnung: 12.09.2020\u00a0\/\u00a017 Uhr Ausstellungsdauer: 12.09. &#8211; 11.10.2020 Oftmals wird im Zusammenhang mit zeitgen\u00f6ssischer Kunst jener unterstellt, Anspruch darauf zu erheben die Zukunft zu kennen oder diese dem Betrachter vorzuhalten. Vielmehr zeigt sie die Gegenw\u00e4rtigkeit auf sowie ihre Verg\u00e4nglichkeit [&hellip;]<\/p>\n","protected":false},"author":4,"featured_media":959,"parent":979,"menu_order":0,"comment_status":"closed","ping_status":"closed","template":"","meta":{"jetpack_post_was_ever_published":false,"footnotes":""},"class_list":["post-957","page","type-page","status-publish","has-post-thumbnail","hentry"],"jetpack_sharing_enabled":true,"jetpack_shortlink":"https:\/\/wp.me\/P7jCLD-fr","jetpack-related-posts":[],"jetpack_likes_enabled":true,"_links":{"self":[{"href":"http:\/\/ksroom.at\/info\/wp-json\/wp\/v2\/pages\/957"}],"collection":[{"href":"http:\/\/ksroom.at\/info\/wp-json\/wp\/v2\/pages"}],"about":[{"href":"http:\/\/ksroom.at\/info\/wp-json\/wp\/v2\/types\/page"}],"author":[{"embeddable":true,"href":"http:\/\/ksroom.at\/info\/wp-json\/wp\/v2\/users\/4"}],"replies":[{"embeddable":true,"href":"http:\/\/ksroom.at\/info\/wp-json\/wp\/v2\/comments?post=957"}],"version-history":[{"count":6,"href":"http:\/\/ksroom.at\/info\/wp-json\/wp\/v2\/pages\/957\/revisions"}],"predecessor-version":[{"id":1888,"href":"http:\/\/ksroom.at\/info\/wp-json\/wp\/v2\/pages\/957\/revisions\/1888"}],"up":[{"embeddable":true,"href":"http:\/\/ksroom.at\/info\/wp-json\/wp\/v2\/pages\/979"}],"wp:featuredmedia":[{"embeddable":true,"href":"http:\/\/ksroom.at\/info\/wp-json\/wp\/v2\/media\/959"}],"wp:attachment":[{"href":"http:\/\/ksroom.at\/info\/wp-json\/wp\/v2\/media?parent=957"}],"curies":[{"name":"wp","href":"https:\/\/api.w.org\/{rel}","templated":true}]}}