{"id":395,"date":"2016-04-13T11:54:35","date_gmt":"2016-04-13T11:54:35","guid":{"rendered":"http:\/\/ksroom.at\/info\/?page_id=395"},"modified":"2026-02-19T18:25:48","modified_gmt":"2026-02-19T18:25:48","slug":"resanita-nature-punk","status":"publish","type":"page","link":"http:\/\/ksroom.at\/info\/archiv\/2016-2\/resanita-nature-punk\/","title":{"rendered":"RESANITA &#8222;Nature Punk&#8220;"},"content":{"rendered":"<p>Eine Ausstellung von RESANITA (Anita Fuchs und Resa Pernthaller)<\/p>\n<p>www.resanita.at<\/p>\n<\/p>\n<p><strong>Er\u00f6ffnung: Ostersonntag, 27. M\u00e4rz 2016, 15:00<\/strong><br \/><strong>Ausstellungsdauer: 27. M\u00e4rz bis 15. Mai 2016<\/strong><br \/>Einf\u00fchrung von Alois K\u00f6lbl<\/p>\n\n\n<figure class=\"wp-block-gallery has-nested-images columns-default is-cropped wp-block-gallery-1 is-layout-flex wp-block-gallery-is-layout-flex\">\n<figure class=\"wp-block-image size-large\"><img loading=\"lazy\" decoding=\"async\" width=\"1024\" height=\"576\" data-attachment-id=\"399\" data-permalink=\"http:\/\/ksroom.at\/info\/1\/\" data-orig-file=\"https:\/\/i0.wp.com\/ksroom.at\/info\/wp-content\/uploads\/2016\/04\/1-e1460628137683.jpg?fit=1000%2C563\" data-orig-size=\"1000,563\" data-comments-opened=\"0\" data-image-meta=\"{&quot;aperture&quot;:&quot;0&quot;,&quot;credit&quot;:&quot;&quot;,&quot;camera&quot;:&quot;&quot;,&quot;caption&quot;:&quot;&quot;,&quot;created_timestamp&quot;:&quot;0&quot;,&quot;copyright&quot;:&quot;&quot;,&quot;focal_length&quot;:&quot;0&quot;,&quot;iso&quot;:&quot;0&quot;,&quot;shutter_speed&quot;:&quot;0&quot;,&quot;title&quot;:&quot;&quot;,&quot;orientation&quot;:&quot;1&quot;}\" data-image-title=\"1\" data-image-description=\"\" data-image-caption=\"\" data-medium-file=\"https:\/\/i0.wp.com\/ksroom.at\/info\/wp-content\/uploads\/2016\/04\/1-e1460628137683.jpg?fit=300%2C169\" data-large-file=\"https:\/\/i0.wp.com\/ksroom.at\/info\/wp-content\/uploads\/2016\/04\/1-e1460628137683.jpg?fit=1024%2C576\" data-id=\"399\" src=\"https:\/\/i0.wp.com\/ksroom.at\/info\/wp-content\/uploads\/2016\/04\/1-1024x576.jpg?resize=1024%2C576&#038;ssl=1\" alt=\"\" class=\"wp-image-399\" data-recalc-dims=\"1\"\/><\/figure>\n\n\n\n<figure class=\"wp-block-image size-large\"><img loading=\"lazy\" decoding=\"async\" width=\"1024\" height=\"576\" data-attachment-id=\"400\" data-permalink=\"http:\/\/ksroom.at\/info\/2\/\" data-orig-file=\"https:\/\/i0.wp.com\/ksroom.at\/info\/wp-content\/uploads\/2016\/04\/2-e1460628209597.jpg?fit=1000%2C563\" data-orig-size=\"1000,563\" data-comments-opened=\"0\" data-image-meta=\"{&quot;aperture&quot;:&quot;0&quot;,&quot;credit&quot;:&quot;&quot;,&quot;camera&quot;:&quot;&quot;,&quot;caption&quot;:&quot;&quot;,&quot;created_timestamp&quot;:&quot;0&quot;,&quot;copyright&quot;:&quot;&quot;,&quot;focal_length&quot;:&quot;0&quot;,&quot;iso&quot;:&quot;0&quot;,&quot;shutter_speed&quot;:&quot;0&quot;,&quot;title&quot;:&quot;&quot;,&quot;orientation&quot;:&quot;1&quot;}\" data-image-title=\"2\" data-image-description=\"\" data-image-caption=\"\" data-medium-file=\"https:\/\/i0.wp.com\/ksroom.at\/info\/wp-content\/uploads\/2016\/04\/2-e1460628209597.jpg?fit=300%2C169\" data-large-file=\"https:\/\/i0.wp.com\/ksroom.at\/info\/wp-content\/uploads\/2016\/04\/2-e1460628209597.jpg?fit=1024%2C576\" data-id=\"400\" src=\"https:\/\/i0.wp.com\/ksroom.at\/info\/wp-content\/uploads\/2016\/04\/2-1024x576.jpg?resize=1024%2C576&#038;ssl=1\" alt=\"\" class=\"wp-image-400\" data-recalc-dims=\"1\"\/><\/figure>\n\n\n\n<figure class=\"wp-block-image size-large\"><img loading=\"lazy\" decoding=\"async\" width=\"1024\" height=\"576\" data-attachment-id=\"402\" data-permalink=\"http:\/\/ksroom.at\/info\/4\/\" data-orig-file=\"https:\/\/i0.wp.com\/ksroom.at\/info\/wp-content\/uploads\/2016\/04\/4-e1460628102229.jpg?fit=1000%2C563\" data-orig-size=\"1000,563\" data-comments-opened=\"0\" data-image-meta=\"{&quot;aperture&quot;:&quot;0&quot;,&quot;credit&quot;:&quot;&quot;,&quot;camera&quot;:&quot;&quot;,&quot;caption&quot;:&quot;&quot;,&quot;created_timestamp&quot;:&quot;0&quot;,&quot;copyright&quot;:&quot;&quot;,&quot;focal_length&quot;:&quot;0&quot;,&quot;iso&quot;:&quot;0&quot;,&quot;shutter_speed&quot;:&quot;0&quot;,&quot;title&quot;:&quot;&quot;,&quot;orientation&quot;:&quot;1&quot;}\" data-image-title=\"4\" data-image-description=\"\" data-image-caption=\"\" data-medium-file=\"https:\/\/i0.wp.com\/ksroom.at\/info\/wp-content\/uploads\/2016\/04\/4-e1460628102229.jpg?fit=300%2C169\" data-large-file=\"https:\/\/i0.wp.com\/ksroom.at\/info\/wp-content\/uploads\/2016\/04\/4-e1460628102229.jpg?fit=1024%2C576\" data-id=\"402\" src=\"https:\/\/i0.wp.com\/ksroom.at\/info\/wp-content\/uploads\/2016\/04\/4-1024x576.jpg?resize=1024%2C576&#038;ssl=1\" alt=\"\" class=\"wp-image-402\" data-recalc-dims=\"1\"\/><\/figure>\n\n\n\n<figure class=\"wp-block-image size-large\"><img loading=\"lazy\" decoding=\"async\" width=\"1024\" height=\"576\" data-attachment-id=\"404\" data-permalink=\"http:\/\/ksroom.at\/info\/6\/\" data-orig-file=\"https:\/\/i0.wp.com\/ksroom.at\/info\/wp-content\/uploads\/2016\/04\/6-e1460628241456.jpg?fit=1000%2C563\" data-orig-size=\"1000,563\" data-comments-opened=\"0\" data-image-meta=\"{&quot;aperture&quot;:&quot;0&quot;,&quot;credit&quot;:&quot;&quot;,&quot;camera&quot;:&quot;&quot;,&quot;caption&quot;:&quot;&quot;,&quot;created_timestamp&quot;:&quot;0&quot;,&quot;copyright&quot;:&quot;&quot;,&quot;focal_length&quot;:&quot;0&quot;,&quot;iso&quot;:&quot;0&quot;,&quot;shutter_speed&quot;:&quot;0&quot;,&quot;title&quot;:&quot;&quot;,&quot;orientation&quot;:&quot;1&quot;}\" data-image-title=\"6\" data-image-description=\"\" data-image-caption=\"\" data-medium-file=\"https:\/\/i0.wp.com\/ksroom.at\/info\/wp-content\/uploads\/2016\/04\/6-e1460628241456.jpg?fit=300%2C169\" data-large-file=\"https:\/\/i0.wp.com\/ksroom.at\/info\/wp-content\/uploads\/2016\/04\/6-e1460628241456.jpg?fit=1024%2C576\" data-id=\"404\" src=\"https:\/\/i0.wp.com\/ksroom.at\/info\/wp-content\/uploads\/2016\/04\/6-1024x576.jpg?resize=1024%2C576&#038;ssl=1\" alt=\"\" class=\"wp-image-404\" data-recalc-dims=\"1\"\/><\/figure>\n\n\n\n<figure class=\"wp-block-image size-large\"><img loading=\"lazy\" decoding=\"async\" width=\"961\" height=\"641\" data-attachment-id=\"536\" data-permalink=\"http:\/\/ksroom.at\/info\/archiv\/2016-2\/resanita-nature-punk\/_dsf0115\/\" data-orig-file=\"https:\/\/i0.wp.com\/ksroom.at\/info\/wp-content\/uploads\/2016\/04\/DSF0115.jpeg?fit=1280%2C854\" data-orig-size=\"1280,854\" data-comments-opened=\"0\" data-image-meta=\"{&quot;aperture&quot;:&quot;0&quot;,&quot;credit&quot;:&quot;&quot;,&quot;camera&quot;:&quot;&quot;,&quot;caption&quot;:&quot;&quot;,&quot;created_timestamp&quot;:&quot;0&quot;,&quot;copyright&quot;:&quot;&quot;,&quot;focal_length&quot;:&quot;0&quot;,&quot;iso&quot;:&quot;0&quot;,&quot;shutter_speed&quot;:&quot;0&quot;,&quot;title&quot;:&quot;&quot;,&quot;orientation&quot;:&quot;0&quot;}\" data-image-title=\"\" data-image-description=\"\" data-image-caption=\"\" data-medium-file=\"https:\/\/i0.wp.com\/ksroom.at\/info\/wp-content\/uploads\/2016\/04\/DSF0115.jpeg?fit=300%2C200\" data-large-file=\"https:\/\/i0.wp.com\/ksroom.at\/info\/wp-content\/uploads\/2016\/04\/DSF0115.jpeg?fit=961%2C641\" data-id=\"536\" src=\"https:\/\/i0.wp.com\/ksroom.at\/info\/wp-content\/uploads\/2016\/04\/DSF0115-961x641.jpeg?resize=961%2C641&#038;ssl=1\" alt=\"\" class=\"wp-image-536\" srcset=\"https:\/\/i0.wp.com\/ksroom.at\/info\/wp-content\/uploads\/2016\/04\/DSF0115.jpeg?resize=961%2C641 961w, https:\/\/i0.wp.com\/ksroom.at\/info\/wp-content\/uploads\/2016\/04\/DSF0115.jpeg?resize=300%2C200 300w, https:\/\/i0.wp.com\/ksroom.at\/info\/wp-content\/uploads\/2016\/04\/DSF0115.jpeg?w=1280 1280w\" sizes=\"(max-width: 961px) 100vw, 961px\" data-recalc-dims=\"1\" \/><\/figure>\n\n\n\n<figure class=\"wp-block-image size-large\"><img decoding=\"async\" data-attachment-id=\"537\" data-permalink=\"http:\/\/ksroom.at\/info\/archiv\/2016-2\/resanita-nature-punk\/_dsf0167\/\" data-orig-file=\"https:\/\/i0.wp.com\/ksroom.at\/info\/wp-content\/uploads\/2016\/04\/DSF0167.jpg?fit=%2C\" data-orig-size=\"\" data-comments-opened=\"0\" data-image-meta=\"[]\" data-image-title=\"_dsf0167\" data-image-description=\"\" data-image-caption=\"\" data-medium-file=\"https:\/\/i0.wp.com\/ksroom.at\/info\/wp-content\/uploads\/2016\/04\/DSF0167.jpg?fit=300%2C300\" data-large-file=\"https:\/\/i0.wp.com\/ksroom.at\/info\/wp-content\/uploads\/2016\/04\/DSF0167.jpg?fit=1140%2C641\" data-id=\"537\" src=\"https:\/\/i0.wp.com\/ksroom.at\/info\/wp-content\/uploads\/2016\/04\/DSF0167.jpg?ssl=1\" alt=\"\" class=\"wp-image-537\" data-recalc-dims=\"1\"\/><\/figure>\n<\/figure>\n","protected":false},"excerpt":{"rendered":"<p>Eine Ausstellung von RESANITA (Anita Fuchs und Resa Pernthaller) www.resanita.at Er\u00f6ffnung: Ostersonntag, 27. M\u00e4rz 2016, 15:00Ausstellungsdauer: 27. M\u00e4rz bis 15. Mai 2016Einf\u00fchrung von Alois K\u00f6lbl<\/p>\n","protected":false},"author":1,"featured_media":537,"parent":392,"menu_order":0,"comment_status":"closed","ping_status":"closed","template":"","meta":{"jetpack_post_was_ever_published":false,"footnotes":""},"class_list":["post-395","page","type-page","status-publish","has-post-thumbnail","hentry"],"jetpack_sharing_enabled":true,"jetpack_shortlink":"https:\/\/wp.me\/P7jCLD-6n","jetpack-related-posts":[],"jetpack_likes_enabled":true,"_links":{"self":[{"href":"http:\/\/ksroom.at\/info\/wp-json\/wp\/v2\/pages\/395"}],"collection":[{"href":"http:\/\/ksroom.at\/info\/wp-json\/wp\/v2\/pages"}],"about":[{"href":"http:\/\/ksroom.at\/info\/wp-json\/wp\/v2\/types\/page"}],"author":[{"embeddable":true,"href":"http:\/\/ksroom.at\/info\/wp-json\/wp\/v2\/users\/1"}],"replies":[{"embeddable":true,"href":"http:\/\/ksroom.at\/info\/wp-json\/wp\/v2\/comments?post=395"}],"version-history":[{"count":14,"href":"http:\/\/ksroom.at\/info\/wp-json\/wp\/v2\/pages\/395\/revisions"}],"predecessor-version":[{"id":1928,"href":"http:\/\/ksroom.at\/info\/wp-json\/wp\/v2\/pages\/395\/revisions\/1928"}],"up":[{"embeddable":true,"href":"http:\/\/ksroom.at\/info\/wp-json\/wp\/v2\/pages\/392"}],"wp:featuredmedia":[{"embeddable":true,"href":"http:\/\/ksroom.at\/info\/wp-json\/wp\/v2\/media\/537"}],"wp:attachment":[{"href":"http:\/\/ksroom.at\/info\/wp-json\/wp\/v2\/media?parent=395"}],"curies":[{"name":"wp","href":"https:\/\/api.w.org\/{rel}","templated":true}]}}