{"id":343,"date":"2016-03-19T11:22:38","date_gmt":"2016-03-19T11:22:38","guid":{"rendered":"http:\/\/ksroom.at\/info\/?page_id=343"},"modified":"2024-05-29T12:45:20","modified_gmt":"2024-05-29T12:45:20","slug":"performance-white-for","status":"publish","type":"page","link":"http:\/\/ksroom.at\/info\/archiv\/2014-2\/performance-white-for\/","title":{"rendered":"Performance WHITE FOR"},"content":{"rendered":"<p>\u00a0<\/p>\n<p><iframe loading=\"lazy\" src=\"https:\/\/www.youtube.com\/embed\/1VVDnlrQ6gE?rel=0\" width=\"853\" height=\"480\" frameborder=\"0\" allowfullscreen=\"allowfullscreen\"><\/iframe><\/p>\n<p><strong><br \/>Konzept: Karl Karner und Linda Samaraweerov\u00e1<\/strong><br \/><strong>Mitwirkende K\u00fcnstlerInnen: Royl Culbertson, Rosi Rehformen, Karl Karner, Linda Samaraweerov\u00e1<\/strong><br \/><strong>Dramaturgie: Bruno Batinic und Laura Samaraweerov\u00e1<\/strong><\/p>\n<p style=\"text-align: justify;\">Gemeinsam mit den Soundk\u00fcnstlerInnen <strong>Rosi Rehformen<\/strong> und <strong>Royl Culbertson<\/strong> bringen <strong>Karner<\/strong> und <strong>Samaraweerov\u00e1<\/strong> die Dinge auf der B\u00fchne zum Sprechen: zwischen Bambusstangen, Plastikteilen, Katalysatoren und einem Mountainbike und in Interaktion mit den PerformerInnen entstehen Klanglandschaften und Strukturen, die absurd, angsteinfl\u00f6\u00dfend, poetisch und humorvoll zugleich sind.<\/p>\n<p style=\"text-align: justify;\">Seit 2005 agieren Karl Karner agieren Karl Karner und Linda Samaraweerov\u00e1 gattungs\u00fcbergreifend zwischen bildender und darstellender Kunst und entwickeln aus Skulptur, Installation, Performance, Tanz, Theater, Video und Film choreografische Arbeiten, die nicht selten Irritationen bis hin zur Ratlosigkeit ausl\u00f6sen, weil sich der Sinn, sobald er greifbar erscheit, immer wieder entzieht. Das eigentliche Thema sind jedoch nicht die Geschichten, sondern die Methode des Geschichten-Erz\u00e4hlens und -Lesens. Hier wird Strukturelles an sich verhandelt und Narration als eine \u201eIch-Verkl\u00e4rung\u201c enttarnt.<\/p>\n<p style=\"text-align: justify;\"><em>\u201eSinn was. Bewegter Kopf pfeift laut. Kaputtes Licht macht uns gl\u00fccklich. Weil Sehnsucht. Ein Klang w\u00e4chst und dann stellen wir uns eng zur Mauer (f\u00fcr en Winter). Richtig. \u2013 An des Schrittes vorbei. Dann wird es still und es pfeift nur noch im Kopf. Die Nabelschnur ruft leicht gereizt. Kr\u00e4ftiger Schlag auf die Wand wenn das Licht wieder platzt. Mit einem Moment ist es sichtbar. \u2013 Mit Holzschritten begeben wir uns auf den Boden. Der Ton rei\u00dft ein Loch der Ungeduld um sich. Wohin? Die Wand lacht sich krumm wenn das Licht wieder ausgeht. Wie tiefsinnig, wie erhaben! Mit dem Boten wird wild diskutiert bis der richtige Ton angeschlagen wird. Mein Gl\u00fcck. Mein Traum. \u2013 Sinn was. Weg heraus, breit, aus Holz. Die Nabelschnur pfeift uns vielleicht zur\u00fcck wenn der bestimmte Moment kommt. Bet\u00e4ubend f\u00fcr einen Moment. Das ist die Leere! \u2013 Und rechts ein Hinternis und links ein Missverst\u00e4ndnis bis der Kreis immer kleiner wird. Sich b\u00fccken (vor Pfeifen) hilft nicht. Die Wand lacht sich krumm wenn das Licht einmal zittrig wird. Hinaufgeweht gleichen Schrittes auf dem holzweg, ges\u00e4gt und ges\u00e4gt. \u2013 Der Ton schl\u00e4gt in den Schritt. Merklich ber\u00fchrt vom angespannten Atem und einem verlorenen Blick. Die Stelle sucht sich in einem Punkt, der nicht zur Ruhe kommt. Und rechts ein Hindernis undn links ein Missverst\u00e4ndnis bis der Kreis immer kleiner Wird.\u201c<\/em> \u2013 <strong>Bruno Batinic<\/strong><\/p>\n<p>\u00a0<\/p>\n<p>\u00a0<\/p>\n\n\n<div class=\"wp-block-jetpack-slideshow aligncenter\"><div data-effect=\"slide\"><div class=\"wp-block-jetpack-slideshow_container swiper-container\"><ul class=\"wp-block-jetpack-slideshow_swiper-wrapper swiper-wrapper\"><li class=\"wp-block-jetpack-slideshow_slide swiper-slide\"><figure><img loading=\"lazy\" decoding=\"async\" width=\"1024\" height=\"576\" alt=\"\" class=\"wp-block-jetpack-slideshow_image wp-image-249\" data-id=\"249\" src=\"https:\/\/i0.wp.com\/ksroom.at\/info\/wp-content\/uploads\/2016\/03\/Performance.jpg?resize=1024%2C576\" srcset=\"https:\/\/i0.wp.com\/ksroom.at\/info\/wp-content\/uploads\/2016\/03\/Performance.jpg?resize=1024%2C576 1024w, https:\/\/i0.wp.com\/ksroom.at\/info\/wp-content\/uploads\/2016\/03\/Performance.jpg?resize=300%2C169 300w, https:\/\/i0.wp.com\/ksroom.at\/info\/wp-content\/uploads\/2016\/03\/Performance.jpg?resize=768%2C432 768w, https:\/\/i0.wp.com\/ksroom.at\/info\/wp-content\/uploads\/2016\/03\/Performance.jpg?w=1920 1920w\" sizes=\"(max-width: 1000px) 100vw, 1000px\" data-recalc-dims=\"1\" \/><\/figure><\/li><\/ul><a class=\"wp-block-jetpack-slideshow_button-prev swiper-button-prev swiper-button-white\" role=\"button\"><\/a><a class=\"wp-block-jetpack-slideshow_button-next swiper-button-next swiper-button-white\" role=\"button\"><\/a><a aria-label=\"Pause Slideshow\" class=\"wp-block-jetpack-slideshow_button-pause\" role=\"button\"><\/a><div class=\"wp-block-jetpack-slideshow_pagination swiper-pagination swiper-pagination-white\"><\/div><\/div><\/div><\/div>\n","protected":false},"excerpt":{"rendered":"<p>\u00a0 Konzept: Karl Karner und Linda Samaraweerov\u00e1Mitwirkende K\u00fcnstlerInnen: Royl Culbertson, Rosi Rehformen, Karl Karner, Linda Samaraweerov\u00e1Dramaturgie: Bruno Batinic und Laura Samaraweerov\u00e1 Gemeinsam mit den Soundk\u00fcnstlerInnen Rosi Rehformen und Royl Culbertson bringen Karner und Samaraweerov\u00e1 die Dinge auf der B\u00fchne zum Sprechen: zwischen Bambusstangen, Plastikteilen, Katalysatoren und einem Mountainbike und in Interaktion mit den PerformerInnen entstehen [&hellip;]<\/p>\n","protected":false},"author":1,"featured_media":0,"parent":27,"menu_order":0,"comment_status":"closed","ping_status":"closed","template":"","meta":{"jetpack_post_was_ever_published":false,"footnotes":""},"class_list":["post-343","page","type-page","status-publish","hentry"],"jetpack_sharing_enabled":true,"jetpack_shortlink":"https:\/\/wp.me\/P7jCLD-5x","jetpack-related-posts":[],"jetpack_likes_enabled":true,"_links":{"self":[{"href":"http:\/\/ksroom.at\/info\/wp-json\/wp\/v2\/pages\/343"}],"collection":[{"href":"http:\/\/ksroom.at\/info\/wp-json\/wp\/v2\/pages"}],"about":[{"href":"http:\/\/ksroom.at\/info\/wp-json\/wp\/v2\/types\/page"}],"author":[{"embeddable":true,"href":"http:\/\/ksroom.at\/info\/wp-json\/wp\/v2\/users\/1"}],"replies":[{"embeddable":true,"href":"http:\/\/ksroom.at\/info\/wp-json\/wp\/v2\/comments?post=343"}],"version-history":[{"count":19,"href":"http:\/\/ksroom.at\/info\/wp-json\/wp\/v2\/pages\/343\/revisions"}],"predecessor-version":[{"id":1215,"href":"http:\/\/ksroom.at\/info\/wp-json\/wp\/v2\/pages\/343\/revisions\/1215"}],"up":[{"embeddable":true,"href":"http:\/\/ksroom.at\/info\/wp-json\/wp\/v2\/pages\/27"}],"wp:attachment":[{"href":"http:\/\/ksroom.at\/info\/wp-json\/wp\/v2\/media?parent=343"}],"curies":[{"name":"wp","href":"https:\/\/api.w.org\/{rel}","templated":true}]}}