{"id":340,"date":"2016-03-19T11:15:19","date_gmt":"2016-03-19T11:15:19","guid":{"rendered":"http:\/\/ksroom.at\/info\/?page_id=340"},"modified":"2024-05-29T12:49:47","modified_gmt":"2024-05-29T12:49:47","slug":"ronald-kodritsch-karl-karner","status":"publish","type":"page","link":"http:\/\/ksroom.at\/info\/archiv\/2015-2\/ronald-kodritsch-karl-karner\/","title":{"rendered":"Ronald Kodritsch &#038; Karl Karner"},"content":{"rendered":"<p><b>Gesteuerter Zufall und ironische Geste<\/b><\/p>\n<p>Neue Arbeiten von Karl Karner und Ronald Kodritsch im Dialog<\/p>\n<p>\u00a0<\/p>\n<p>Ein befruchtender Austausch: rohe, archaisch wirkende Skulpturen von Karl Karner treffen auf wundersam verspielte Malereien von Ronald Kodritsch. Karner setzt sich mit K\u00f6rper und Volumen, mit Materialit\u00e4t und ihren spezifischen Eigenschaften auseinander, Kodritsch experimentiert lustvoll und ironisch mit den malerischen M\u00f6glichkeiten von Abstraktion und Figuration, von Fl\u00e4che und Form. Wichtig sind: der geplante Zufall, das Sich-treiben-lassen, eine unakademische Formensprache oder auch die Spontanit\u00e4t und Freude, Neues auszuprobieren.<\/p>\n<p>\u00a0<\/p>\n<p><strong>Ausstellung: 2015<\/strong><\/p>\n\n\n<div class=\"wp-block-jetpack-slideshow aligncenter\"><div data-effect=\"slide\"><div class=\"wp-block-jetpack-slideshow_container swiper-container\"><ul class=\"wp-block-jetpack-slideshow_swiper-wrapper swiper-wrapper\"><li class=\"wp-block-jetpack-slideshow_slide swiper-slide\"><figure><img loading=\"lazy\" decoding=\"async\" width=\"1024\" height=\"576\" alt=\"\" class=\"wp-block-jetpack-slideshow_image wp-image-124\" data-id=\"124\" src=\"https:\/\/i0.wp.com\/ksroom.at\/info\/wp-content\/uploads\/2016\/03\/Kodritsch-Karner2.jpg?resize=1024%2C576\" srcset=\"https:\/\/i0.wp.com\/ksroom.at\/info\/wp-content\/uploads\/2016\/03\/Kodritsch-Karner2.jpg?resize=1024%2C576 1024w, https:\/\/i0.wp.com\/ksroom.at\/info\/wp-content\/uploads\/2016\/03\/Kodritsch-Karner2.jpg?resize=300%2C169 300w, https:\/\/i0.wp.com\/ksroom.at\/info\/wp-content\/uploads\/2016\/03\/Kodritsch-Karner2.jpg?resize=768%2C432 768w, https:\/\/i0.wp.com\/ksroom.at\/info\/wp-content\/uploads\/2016\/03\/Kodritsch-Karner2.jpg?w=1920 1920w\" sizes=\"(max-width: 1000px) 100vw, 1000px\" data-recalc-dims=\"1\" \/><\/figure><\/li><li class=\"wp-block-jetpack-slideshow_slide swiper-slide\"><figure><img loading=\"lazy\" decoding=\"async\" width=\"1024\" height=\"576\" alt=\"\" class=\"wp-block-jetpack-slideshow_image wp-image-123\" data-id=\"123\" src=\"https:\/\/i0.wp.com\/ksroom.at\/info\/wp-content\/uploads\/2016\/03\/Kodritsch-Karner1.jpg?resize=1024%2C576\" srcset=\"https:\/\/i0.wp.com\/ksroom.at\/info\/wp-content\/uploads\/2016\/03\/Kodritsch-Karner1.jpg?resize=1024%2C576 1024w, https:\/\/i0.wp.com\/ksroom.at\/info\/wp-content\/uploads\/2016\/03\/Kodritsch-Karner1.jpg?resize=300%2C169 300w, https:\/\/i0.wp.com\/ksroom.at\/info\/wp-content\/uploads\/2016\/03\/Kodritsch-Karner1.jpg?resize=768%2C432 768w, https:\/\/i0.wp.com\/ksroom.at\/info\/wp-content\/uploads\/2016\/03\/Kodritsch-Karner1.jpg?w=1920 1920w\" sizes=\"(max-width: 1000px) 100vw, 1000px\" data-recalc-dims=\"1\" \/><\/figure><\/li><li class=\"wp-block-jetpack-slideshow_slide swiper-slide\"><figure><img loading=\"lazy\" decoding=\"async\" width=\"1024\" height=\"576\" alt=\"\" class=\"wp-block-jetpack-slideshow_image wp-image-122\" data-id=\"122\" src=\"https:\/\/i0.wp.com\/ksroom.at\/info\/wp-content\/uploads\/2016\/03\/Kodritsch-Karner.jpg?resize=1024%2C576\" srcset=\"https:\/\/i0.wp.com\/ksroom.at\/info\/wp-content\/uploads\/2016\/03\/Kodritsch-Karner.jpg?resize=1024%2C576 1024w, https:\/\/i0.wp.com\/ksroom.at\/info\/wp-content\/uploads\/2016\/03\/Kodritsch-Karner.jpg?resize=300%2C169 300w, https:\/\/i0.wp.com\/ksroom.at\/info\/wp-content\/uploads\/2016\/03\/Kodritsch-Karner.jpg?resize=768%2C432 768w, https:\/\/i0.wp.com\/ksroom.at\/info\/wp-content\/uploads\/2016\/03\/Kodritsch-Karner.jpg?w=1920 1920w\" sizes=\"(max-width: 1000px) 100vw, 1000px\" data-recalc-dims=\"1\" \/><\/figure><\/li><\/ul><a class=\"wp-block-jetpack-slideshow_button-prev swiper-button-prev swiper-button-white\" role=\"button\"><\/a><a class=\"wp-block-jetpack-slideshow_button-next swiper-button-next swiper-button-white\" role=\"button\"><\/a><a aria-label=\"Pause Slideshow\" class=\"wp-block-jetpack-slideshow_button-pause\" role=\"button\"><\/a><div class=\"wp-block-jetpack-slideshow_pagination swiper-pagination swiper-pagination-white\"><\/div><\/div><\/div><\/div>\n","protected":false},"excerpt":{"rendered":"<p>Gesteuerter Zufall und ironische Geste Neue Arbeiten von Karl Karner und Ronald Kodritsch im Dialog \u00a0 Ein befruchtender Austausch: rohe, archaisch wirkende Skulpturen von Karl Karner treffen auf wundersam verspielte Malereien von Ronald Kodritsch. Karner setzt sich mit K\u00f6rper und Volumen, mit Materialit\u00e4t und ihren spezifischen Eigenschaften auseinander, Kodritsch experimentiert lustvoll und ironisch mit den [&hellip;]<\/p>\n","protected":false},"author":1,"featured_media":123,"parent":29,"menu_order":0,"comment_status":"closed","ping_status":"closed","template":"","meta":{"jetpack_post_was_ever_published":false,"footnotes":""},"class_list":["post-340","page","type-page","status-publish","has-post-thumbnail","hentry"],"jetpack_sharing_enabled":true,"jetpack_shortlink":"https:\/\/wp.me\/P7jCLD-5u","jetpack-related-posts":[],"jetpack_likes_enabled":true,"_links":{"self":[{"href":"http:\/\/ksroom.at\/info\/wp-json\/wp\/v2\/pages\/340"}],"collection":[{"href":"http:\/\/ksroom.at\/info\/wp-json\/wp\/v2\/pages"}],"about":[{"href":"http:\/\/ksroom.at\/info\/wp-json\/wp\/v2\/types\/page"}],"author":[{"embeddable":true,"href":"http:\/\/ksroom.at\/info\/wp-json\/wp\/v2\/users\/1"}],"replies":[{"embeddable":true,"href":"http:\/\/ksroom.at\/info\/wp-json\/wp\/v2\/comments?post=340"}],"version-history":[{"count":7,"href":"http:\/\/ksroom.at\/info\/wp-json\/wp\/v2\/pages\/340\/revisions"}],"predecessor-version":[{"id":1218,"href":"http:\/\/ksroom.at\/info\/wp-json\/wp\/v2\/pages\/340\/revisions\/1218"}],"up":[{"embeddable":true,"href":"http:\/\/ksroom.at\/info\/wp-json\/wp\/v2\/pages\/29"}],"wp:featuredmedia":[{"embeddable":true,"href":"http:\/\/ksroom.at\/info\/wp-json\/wp\/v2\/media\/123"}],"wp:attachment":[{"href":"http:\/\/ksroom.at\/info\/wp-json\/wp\/v2\/media?parent=340"}],"curies":[{"name":"wp","href":"https:\/\/api.w.org\/{rel}","templated":true}]}}