{"id":338,"date":"2016-03-19T11:17:06","date_gmt":"2016-03-19T11:17:06","guid":{"rendered":"http:\/\/ksroom.at\/info\/?page_id=338"},"modified":"2026-02-19T18:24:31","modified_gmt":"2026-02-19T18:24:31","slug":"franz-cserni-karl-karner","status":"publish","type":"page","link":"http:\/\/ksroom.at\/info\/archiv\/2015-2\/franz-cserni-karl-karner\/","title":{"rendered":"Franz Cserni &#038; Karl Karner"},"content":{"rendered":"<p>Die Schau von <strong>Karl Karner<\/strong> und <strong>Franz Cserni<\/strong> im <strong>KS Room<\/strong> ist der mittlerweile dritte Ausstellungsdialog, die dritte Gegen\u00fcberstellung von Gem\u00e4lden eines K\u00fcnstlerfreundes mit den Plastiken des Hausherrn in dieser noch jungen Institution. Der Mehrwert solcher Konfrontationen liegt in der Idee, \u00fcber die Dialektik des Unterschieds neue Sichtweisen auf das Werk des jeweilig anderen zu erm\u00f6glichen und gerade in Bezug auf Malerei und Skulptur, den Blick auf Plastizit\u00e4t und Raum in den Gem\u00e4lden und auf Textur und farbliche Qualit\u00e4ten in den Plastiken zu sch\u00e4rfen. Bereits ein erster Blick in die Ausstellung k\u00fcndet von abstrakten Formensprachen, die in wechselseitigen Bezug gesetzt wurden. Nun ist jedes Schreiben \u00fcber Kunst und im Speziellen \u00fcber Abstraktion immer eine \u00dcbersetzungsleistung, die von Anfang an mit dem Ungen\u00fcgen des zur Verf\u00fcgung stehenden Vokabulars zu k\u00e4mpfen hat. Die Erwartungshaltung des Betrachters ist immer, die ins Werk eingeschriebene Vieldeutigkeit zu mindern und die offene Konfiguration des Kunstwerks als Konzept zu lesen, um aufzuschl\u00fcsseln was das Werk schweigend bezeugt. Im Zeitalter des offenen Kunstwerks ist Sinn jedoch oftmals nicht a priori vorhanden, sondern unser Sehen generiert erst den Bildsinn, ohne aber je die Vieldeutigkeit der konstituierenden Elemente zu ersch\u00f6pfen. Nichtsdestoweniger muss man f\u00fcr eine Hinf\u00fchrung zum Werk gemeinhin den Blick sowohl zur\u00fcck in die Kunstgeschichte, zu den wesentlichen Traditionslinien der gew\u00e4hlten Ausdrucksmittel und Sujets lenken, als auch in die unmittelbare Gegenwart, zu den einpr\u00e4gsamen Erfahrungen des Hier und Jetzt.<\/p>\n<\/p>\n<p><strong>Ausstellungsdauer: 09.05. &#8211; 21.06.2015<\/strong><\/p>\n<\/p>\n\n\n<figure class=\"wp-block-image\"><img loading=\"lazy\" decoding=\"async\" width=\"576\" height=\"1024\" data-attachment-id=\"138\" data-permalink=\"http:\/\/ksroom.at\/info\/?attachment_id=138\" data-orig-file=\"https:\/\/i0.wp.com\/ksroom.at\/info\/wp-content\/uploads\/2016\/03\/Csernim-Karner2.jpg?fit=1080%2C1920\" data-orig-size=\"1080,1920\" data-comments-opened=\"1\" data-image-meta=\"{&quot;aperture&quot;:&quot;0&quot;,&quot;credit&quot;:&quot;&quot;,&quot;camera&quot;:&quot;&quot;,&quot;caption&quot;:&quot;&quot;,&quot;created_timestamp&quot;:&quot;0&quot;,&quot;copyright&quot;:&quot;&quot;,&quot;focal_length&quot;:&quot;0&quot;,&quot;iso&quot;:&quot;0&quot;,&quot;shutter_speed&quot;:&quot;0&quot;,&quot;title&quot;:&quot;&quot;,&quot;orientation&quot;:&quot;1&quot;}\" data-image-title=\"Csernim-Karner2\" data-image-description=\"\" data-image-caption=\"\" data-medium-file=\"https:\/\/i0.wp.com\/ksroom.at\/info\/wp-content\/uploads\/2016\/03\/Csernim-Karner2.jpg?fit=169%2C300\" data-large-file=\"https:\/\/i0.wp.com\/ksroom.at\/info\/wp-content\/uploads\/2016\/03\/Csernim-Karner2.jpg?fit=361%2C641\" src=\"https:\/\/i0.wp.com\/ksroom.at\/info\/wp-content\/uploads\/2016\/03\/Csernim-Karner2.jpg?resize=576%2C1024\" alt=\"\" class=\"wp-image-138\" srcset=\"https:\/\/i0.wp.com\/ksroom.at\/info\/wp-content\/uploads\/2016\/03\/Csernim-Karner2.jpg?resize=576%2C1024 576w, https:\/\/i0.wp.com\/ksroom.at\/info\/wp-content\/uploads\/2016\/03\/Csernim-Karner2.jpg?resize=169%2C300 169w, https:\/\/i0.wp.com\/ksroom.at\/info\/wp-content\/uploads\/2016\/03\/Csernim-Karner2.jpg?resize=768%2C1365 768w, https:\/\/i0.wp.com\/ksroom.at\/info\/wp-content\/uploads\/2016\/03\/Csernim-Karner2.jpg?w=1080 1080w\" sizes=\"(max-width: 576px) 100vw, 576px\" data-recalc-dims=\"1\" \/><\/figure>\n\n\n\n<figure class=\"wp-block-image\"><img loading=\"lazy\" decoding=\"async\" width=\"1024\" height=\"576\" data-attachment-id=\"137\" data-permalink=\"http:\/\/ksroom.at\/info\/?attachment_id=137\" data-orig-file=\"https:\/\/i0.wp.com\/ksroom.at\/info\/wp-content\/uploads\/2016\/03\/Csernim-Karner1.jpg?fit=1920%2C1080\" data-orig-size=\"1920,1080\" data-comments-opened=\"1\" data-image-meta=\"{&quot;aperture&quot;:&quot;0&quot;,&quot;credit&quot;:&quot;&quot;,&quot;camera&quot;:&quot;&quot;,&quot;caption&quot;:&quot;&quot;,&quot;created_timestamp&quot;:&quot;0&quot;,&quot;copyright&quot;:&quot;&quot;,&quot;focal_length&quot;:&quot;0&quot;,&quot;iso&quot;:&quot;0&quot;,&quot;shutter_speed&quot;:&quot;0&quot;,&quot;title&quot;:&quot;&quot;,&quot;orientation&quot;:&quot;1&quot;}\" data-image-title=\"Csernim-Karner1\" data-image-description=\"\" data-image-caption=\"\" data-medium-file=\"https:\/\/i0.wp.com\/ksroom.at\/info\/wp-content\/uploads\/2016\/03\/Csernim-Karner1.jpg?fit=300%2C169\" data-large-file=\"https:\/\/i0.wp.com\/ksroom.at\/info\/wp-content\/uploads\/2016\/03\/Csernim-Karner1.jpg?fit=1024%2C576\" src=\"https:\/\/i0.wp.com\/ksroom.at\/info\/wp-content\/uploads\/2016\/03\/Csernim-Karner1.jpg?resize=1024%2C576\" alt=\"\" class=\"wp-image-137\" srcset=\"https:\/\/i0.wp.com\/ksroom.at\/info\/wp-content\/uploads\/2016\/03\/Csernim-Karner1.jpg?resize=1024%2C576 1024w, https:\/\/i0.wp.com\/ksroom.at\/info\/wp-content\/uploads\/2016\/03\/Csernim-Karner1.jpg?resize=300%2C169 300w, https:\/\/i0.wp.com\/ksroom.at\/info\/wp-content\/uploads\/2016\/03\/Csernim-Karner1.jpg?resize=768%2C432 768w, https:\/\/i0.wp.com\/ksroom.at\/info\/wp-content\/uploads\/2016\/03\/Csernim-Karner1.jpg?w=1920 1920w\" sizes=\"(max-width: 1000px) 100vw, 1000px\" data-recalc-dims=\"1\" \/><\/figure>\n\n\n\n<figure class=\"wp-block-image\"><img loading=\"lazy\" decoding=\"async\" width=\"1024\" height=\"576\" data-attachment-id=\"139\" data-permalink=\"http:\/\/ksroom.at\/info\/?attachment_id=139\" data-orig-file=\"https:\/\/i0.wp.com\/ksroom.at\/info\/wp-content\/uploads\/2016\/03\/Csernim-Karner3.jpg?fit=1920%2C1080\" data-orig-size=\"1920,1080\" data-comments-opened=\"1\" data-image-meta=\"{&quot;aperture&quot;:&quot;0&quot;,&quot;credit&quot;:&quot;&quot;,&quot;camera&quot;:&quot;&quot;,&quot;caption&quot;:&quot;&quot;,&quot;created_timestamp&quot;:&quot;0&quot;,&quot;copyright&quot;:&quot;&quot;,&quot;focal_length&quot;:&quot;0&quot;,&quot;iso&quot;:&quot;0&quot;,&quot;shutter_speed&quot;:&quot;0&quot;,&quot;title&quot;:&quot;&quot;,&quot;orientation&quot;:&quot;1&quot;}\" data-image-title=\"Csernim-Karner3\" data-image-description=\"\" data-image-caption=\"\" data-medium-file=\"https:\/\/i0.wp.com\/ksroom.at\/info\/wp-content\/uploads\/2016\/03\/Csernim-Karner3.jpg?fit=300%2C169\" data-large-file=\"https:\/\/i0.wp.com\/ksroom.at\/info\/wp-content\/uploads\/2016\/03\/Csernim-Karner3.jpg?fit=1024%2C576\" src=\"https:\/\/i0.wp.com\/ksroom.at\/info\/wp-content\/uploads\/2016\/03\/Csernim-Karner3.jpg?resize=1024%2C576\" alt=\"\" class=\"wp-image-139\" srcset=\"https:\/\/i0.wp.com\/ksroom.at\/info\/wp-content\/uploads\/2016\/03\/Csernim-Karner3.jpg?resize=1024%2C576 1024w, https:\/\/i0.wp.com\/ksroom.at\/info\/wp-content\/uploads\/2016\/03\/Csernim-Karner3.jpg?resize=300%2C169 300w, https:\/\/i0.wp.com\/ksroom.at\/info\/wp-content\/uploads\/2016\/03\/Csernim-Karner3.jpg?resize=768%2C432 768w, https:\/\/i0.wp.com\/ksroom.at\/info\/wp-content\/uploads\/2016\/03\/Csernim-Karner3.jpg?w=1920 1920w\" sizes=\"(max-width: 1000px) 100vw, 1000px\" data-recalc-dims=\"1\" \/><\/figure>\n","protected":false},"excerpt":{"rendered":"<p>Die Schau von Karl Karner und Franz Cserni im KS Room ist der mittlerweile dritte Ausstellungsdialog, die dritte Gegen\u00fcberstellung von Gem\u00e4lden eines K\u00fcnstlerfreundes mit den Plastiken des Hausherrn in dieser noch jungen Institution. Der Mehrwert solcher Konfrontationen liegt in der Idee, \u00fcber die Dialektik des Unterschieds neue Sichtweisen auf das Werk des jeweilig anderen zu [&hellip;]<\/p>\n","protected":false},"author":1,"featured_media":139,"parent":29,"menu_order":0,"comment_status":"closed","ping_status":"closed","template":"","meta":{"jetpack_post_was_ever_published":false,"footnotes":""},"class_list":["post-338","page","type-page","status-publish","has-post-thumbnail","hentry"],"jetpack_sharing_enabled":true,"jetpack_shortlink":"https:\/\/wp.me\/P7jCLD-5s","jetpack-related-posts":[],"jetpack_likes_enabled":true,"_links":{"self":[{"href":"http:\/\/ksroom.at\/info\/wp-json\/wp\/v2\/pages\/338"}],"collection":[{"href":"http:\/\/ksroom.at\/info\/wp-json\/wp\/v2\/pages"}],"about":[{"href":"http:\/\/ksroom.at\/info\/wp-json\/wp\/v2\/types\/page"}],"author":[{"embeddable":true,"href":"http:\/\/ksroom.at\/info\/wp-json\/wp\/v2\/users\/1"}],"replies":[{"embeddable":true,"href":"http:\/\/ksroom.at\/info\/wp-json\/wp\/v2\/comments?post=338"}],"version-history":[{"count":7,"href":"http:\/\/ksroom.at\/info\/wp-json\/wp\/v2\/pages\/338\/revisions"}],"predecessor-version":[{"id":1926,"href":"http:\/\/ksroom.at\/info\/wp-json\/wp\/v2\/pages\/338\/revisions\/1926"}],"up":[{"embeddable":true,"href":"http:\/\/ksroom.at\/info\/wp-json\/wp\/v2\/pages\/29"}],"wp:featuredmedia":[{"embeddable":true,"href":"http:\/\/ksroom.at\/info\/wp-json\/wp\/v2\/media\/139"}],"wp:attachment":[{"href":"http:\/\/ksroom.at\/info\/wp-json\/wp\/v2\/media?parent=338"}],"curies":[{"name":"wp","href":"https:\/\/api.w.org\/{rel}","templated":true}]}}