{"id":334,"date":"2016-03-19T11:03:13","date_gmt":"2016-03-19T11:03:13","guid":{"rendered":"http:\/\/ksroom.at\/info\/?page_id=334"},"modified":"2026-02-19T18:23:09","modified_gmt":"2026-02-19T18:23:09","slug":"christina-zurfluh-karl-karner","status":"publish","type":"page","link":"http:\/\/ksroom.at\/info\/archiv\/2014-2\/christina-zurfluh-karl-karner\/","title":{"rendered":"Christina Zurfluh &#038; Karl Karner"},"content":{"rendered":"<p>Die Werke von Karner und Zurfluh entwickeln sowohl aus der Fernsicht wie auch aus der Nahsicht eine ungemeine Anziehungskraft. Der synthetische Blick aus der Distanz sieht das gro\u00dfe Ganze, das vibrierende Str\u00f6men von Zurfluhs Malerei sowie die anthropomorphen und zoomorphen Gestalten von Karner, wohingegen der analytische Blick aus der N\u00e4he die einzelnen Elemente, den ungemeinen Detailreichtum und die Farb- und Formenvielfalt in den Fokus nimmt.<\/p>\n<p style=\"text-align: justify;\">Durch die spezifische Materialit\u00e4t und Prozessualit\u00e4t, die den Arbeiten eingeschrieben sind, sind jedem einzelnen Werk unz\u00e4hlige Implikationen eingefaltet. Diese einzeln auszubreiten und zu explizieren ist kaum m\u00f6glich, denn was bei diesen Vielf\u00e4ltigkeiten zum Tragen kommt, sind nicht nur die einzelnen Bestandteile oder Bedingungen, sondern auch die Beziehungen zwischen ihnen bzw. ihre Disparit\u00e4ten. Ein \u201evielf\u00e4ltiges\u201c Werk ist so beschaffen, dass man es nie g\u00e4nzlich entfalten oder endg\u00fcltig explizieren kann, weil das Entfalten oder Explizieren wiederum ein Falten oder Komplizieren bedeuten w\u00fcrde. Die Kunstwerke von Karner und Zurfluh sind in diesem Sinne nicht explizierbar, werden also niemals restlos zu erkl\u00e4ren sein. Das macht ihren Reiz aus und ihre Qualit\u00e4t. &#8211; <b>Roman Grabner<\/b><\/p>\n<\/p>\n<p><strong>Ausstellungsdauer: 26.04. &#8211; 29.06.2014<\/strong><\/p>\n\n\n<figure class=\"wp-block-gallery has-nested-images columns-default is-cropped wp-block-gallery-1 is-layout-flex wp-block-gallery-is-layout-flex\">\n<figure class=\"wp-block-image size-large\"><img loading=\"lazy\" decoding=\"async\" width=\"576\" height=\"1024\" data-attachment-id=\"146\" data-permalink=\"http:\/\/ksroom.at\/info\/zurfluh-karner4\/\" data-orig-file=\"https:\/\/i0.wp.com\/ksroom.at\/info\/wp-content\/uploads\/2016\/03\/Zurfluh-Karner4.jpg?fit=1080%2C1920\" data-orig-size=\"1080,1920\" data-comments-opened=\"1\" data-image-meta=\"{&quot;aperture&quot;:&quot;0&quot;,&quot;credit&quot;:&quot;&quot;,&quot;camera&quot;:&quot;&quot;,&quot;caption&quot;:&quot;&quot;,&quot;created_timestamp&quot;:&quot;0&quot;,&quot;copyright&quot;:&quot;&quot;,&quot;focal_length&quot;:&quot;0&quot;,&quot;iso&quot;:&quot;0&quot;,&quot;shutter_speed&quot;:&quot;0&quot;,&quot;title&quot;:&quot;&quot;,&quot;orientation&quot;:&quot;1&quot;}\" data-image-title=\"Zurfluh-Karner4\" data-image-description=\"\" data-image-caption=\"\" data-medium-file=\"https:\/\/i0.wp.com\/ksroom.at\/info\/wp-content\/uploads\/2016\/03\/Zurfluh-Karner4.jpg?fit=169%2C300\" data-large-file=\"https:\/\/i0.wp.com\/ksroom.at\/info\/wp-content\/uploads\/2016\/03\/Zurfluh-Karner4.jpg?fit=361%2C641\" data-id=\"146\" src=\"https:\/\/i0.wp.com\/ksroom.at\/info\/wp-content\/uploads\/2016\/03\/Zurfluh-Karner4-576x1024.jpg?resize=576%2C1024&#038;ssl=1\" alt=\"\" class=\"wp-image-146\" srcset=\"https:\/\/i0.wp.com\/ksroom.at\/info\/wp-content\/uploads\/2016\/03\/Zurfluh-Karner4.jpg?resize=576%2C1024 576w, https:\/\/i0.wp.com\/ksroom.at\/info\/wp-content\/uploads\/2016\/03\/Zurfluh-Karner4.jpg?resize=169%2C300 169w, https:\/\/i0.wp.com\/ksroom.at\/info\/wp-content\/uploads\/2016\/03\/Zurfluh-Karner4.jpg?resize=768%2C1365 768w, https:\/\/i0.wp.com\/ksroom.at\/info\/wp-content\/uploads\/2016\/03\/Zurfluh-Karner4.jpg?w=1080 1080w\" sizes=\"(max-width: 576px) 100vw, 576px\" data-recalc-dims=\"1\" \/><\/figure>\n\n\n\n<figure class=\"wp-block-image size-large\"><img loading=\"lazy\" decoding=\"async\" width=\"1024\" height=\"576\" data-attachment-id=\"145\" data-permalink=\"http:\/\/ksroom.at\/info\/zurfluh-karner3\/\" data-orig-file=\"https:\/\/i0.wp.com\/ksroom.at\/info\/wp-content\/uploads\/2016\/03\/Zurfluh-Karner3.jpg?fit=1920%2C1080\" data-orig-size=\"1920,1080\" data-comments-opened=\"1\" data-image-meta=\"{&quot;aperture&quot;:&quot;0&quot;,&quot;credit&quot;:&quot;&quot;,&quot;camera&quot;:&quot;&quot;,&quot;caption&quot;:&quot;&quot;,&quot;created_timestamp&quot;:&quot;0&quot;,&quot;copyright&quot;:&quot;&quot;,&quot;focal_length&quot;:&quot;0&quot;,&quot;iso&quot;:&quot;0&quot;,&quot;shutter_speed&quot;:&quot;0&quot;,&quot;title&quot;:&quot;&quot;,&quot;orientation&quot;:&quot;1&quot;}\" data-image-title=\"Zurfluh-Karner3\" data-image-description=\"\" data-image-caption=\"\" data-medium-file=\"https:\/\/i0.wp.com\/ksroom.at\/info\/wp-content\/uploads\/2016\/03\/Zurfluh-Karner3.jpg?fit=300%2C169\" data-large-file=\"https:\/\/i0.wp.com\/ksroom.at\/info\/wp-content\/uploads\/2016\/03\/Zurfluh-Karner3.jpg?fit=1024%2C576\" data-id=\"145\" src=\"https:\/\/i0.wp.com\/ksroom.at\/info\/wp-content\/uploads\/2016\/03\/Zurfluh-Karner3-1024x576.jpg?resize=1024%2C576&#038;ssl=1\" alt=\"\" class=\"wp-image-145\" srcset=\"https:\/\/i0.wp.com\/ksroom.at\/info\/wp-content\/uploads\/2016\/03\/Zurfluh-Karner3.jpg?resize=1024%2C576 1024w, https:\/\/i0.wp.com\/ksroom.at\/info\/wp-content\/uploads\/2016\/03\/Zurfluh-Karner3.jpg?resize=300%2C169 300w, https:\/\/i0.wp.com\/ksroom.at\/info\/wp-content\/uploads\/2016\/03\/Zurfluh-Karner3.jpg?resize=768%2C432 768w, https:\/\/i0.wp.com\/ksroom.at\/info\/wp-content\/uploads\/2016\/03\/Zurfluh-Karner3.jpg?w=1920 1920w\" sizes=\"(max-width: 1000px) 100vw, 1000px\" data-recalc-dims=\"1\" \/><\/figure>\n\n\n\n<figure class=\"wp-block-image size-large\"><img loading=\"lazy\" decoding=\"async\" width=\"1024\" height=\"576\" data-attachment-id=\"144\" data-permalink=\"http:\/\/ksroom.at\/info\/zurfluh-karner2\/\" data-orig-file=\"https:\/\/i0.wp.com\/ksroom.at\/info\/wp-content\/uploads\/2016\/03\/Zurfluh-Karner2.jpg?fit=1920%2C1080\" data-orig-size=\"1920,1080\" data-comments-opened=\"1\" data-image-meta=\"{&quot;aperture&quot;:&quot;0&quot;,&quot;credit&quot;:&quot;&quot;,&quot;camera&quot;:&quot;&quot;,&quot;caption&quot;:&quot;&quot;,&quot;created_timestamp&quot;:&quot;0&quot;,&quot;copyright&quot;:&quot;&quot;,&quot;focal_length&quot;:&quot;0&quot;,&quot;iso&quot;:&quot;0&quot;,&quot;shutter_speed&quot;:&quot;0&quot;,&quot;title&quot;:&quot;&quot;,&quot;orientation&quot;:&quot;1&quot;}\" data-image-title=\"Zurfluh-Karner2\" data-image-description=\"\" data-image-caption=\"\" data-medium-file=\"https:\/\/i0.wp.com\/ksroom.at\/info\/wp-content\/uploads\/2016\/03\/Zurfluh-Karner2.jpg?fit=300%2C169\" data-large-file=\"https:\/\/i0.wp.com\/ksroom.at\/info\/wp-content\/uploads\/2016\/03\/Zurfluh-Karner2.jpg?fit=1024%2C576\" data-id=\"144\" src=\"https:\/\/i0.wp.com\/ksroom.at\/info\/wp-content\/uploads\/2016\/03\/Zurfluh-Karner2-1024x576.jpg?resize=1024%2C576&#038;ssl=1\" alt=\"\" class=\"wp-image-144\" srcset=\"https:\/\/i0.wp.com\/ksroom.at\/info\/wp-content\/uploads\/2016\/03\/Zurfluh-Karner2.jpg?resize=1024%2C576 1024w, https:\/\/i0.wp.com\/ksroom.at\/info\/wp-content\/uploads\/2016\/03\/Zurfluh-Karner2.jpg?resize=300%2C169 300w, https:\/\/i0.wp.com\/ksroom.at\/info\/wp-content\/uploads\/2016\/03\/Zurfluh-Karner2.jpg?resize=768%2C432 768w, https:\/\/i0.wp.com\/ksroom.at\/info\/wp-content\/uploads\/2016\/03\/Zurfluh-Karner2.jpg?w=1920 1920w\" sizes=\"(max-width: 1000px) 100vw, 1000px\" data-recalc-dims=\"1\" \/><\/figure>\n\n\n\n<figure class=\"wp-block-image size-large\"><img loading=\"lazy\" decoding=\"async\" width=\"1024\" height=\"576\" data-attachment-id=\"143\" data-permalink=\"http:\/\/ksroom.at\/info\/zurfluh-karner1\/\" data-orig-file=\"https:\/\/i0.wp.com\/ksroom.at\/info\/wp-content\/uploads\/2016\/03\/Zurfluh-Karner1.jpg?fit=1920%2C1080\" data-orig-size=\"1920,1080\" data-comments-opened=\"1\" data-image-meta=\"{&quot;aperture&quot;:&quot;0&quot;,&quot;credit&quot;:&quot;&quot;,&quot;camera&quot;:&quot;&quot;,&quot;caption&quot;:&quot;&quot;,&quot;created_timestamp&quot;:&quot;0&quot;,&quot;copyright&quot;:&quot;&quot;,&quot;focal_length&quot;:&quot;0&quot;,&quot;iso&quot;:&quot;0&quot;,&quot;shutter_speed&quot;:&quot;0&quot;,&quot;title&quot;:&quot;&quot;,&quot;orientation&quot;:&quot;1&quot;}\" data-image-title=\"Zurfluh-Karner1\" data-image-description=\"\" data-image-caption=\"\" data-medium-file=\"https:\/\/i0.wp.com\/ksroom.at\/info\/wp-content\/uploads\/2016\/03\/Zurfluh-Karner1.jpg?fit=300%2C169\" data-large-file=\"https:\/\/i0.wp.com\/ksroom.at\/info\/wp-content\/uploads\/2016\/03\/Zurfluh-Karner1.jpg?fit=1024%2C576\" data-id=\"143\" src=\"https:\/\/i0.wp.com\/ksroom.at\/info\/wp-content\/uploads\/2016\/03\/Zurfluh-Karner1-1024x576.jpg?resize=1024%2C576&#038;ssl=1\" alt=\"\" class=\"wp-image-143\" srcset=\"https:\/\/i0.wp.com\/ksroom.at\/info\/wp-content\/uploads\/2016\/03\/Zurfluh-Karner1.jpg?resize=1024%2C576 1024w, https:\/\/i0.wp.com\/ksroom.at\/info\/wp-content\/uploads\/2016\/03\/Zurfluh-Karner1.jpg?resize=300%2C169 300w, https:\/\/i0.wp.com\/ksroom.at\/info\/wp-content\/uploads\/2016\/03\/Zurfluh-Karner1.jpg?resize=768%2C432 768w, https:\/\/i0.wp.com\/ksroom.at\/info\/wp-content\/uploads\/2016\/03\/Zurfluh-Karner1.jpg?w=1920 1920w\" sizes=\"(max-width: 1000px) 100vw, 1000px\" data-recalc-dims=\"1\" \/><\/figure>\n\n\n\n<figure class=\"wp-block-image size-large\"><img loading=\"lazy\" decoding=\"async\" width=\"1024\" height=\"576\" data-attachment-id=\"142\" data-permalink=\"http:\/\/ksroom.at\/info\/zurfluh-karner\/\" data-orig-file=\"https:\/\/i0.wp.com\/ksroom.at\/info\/wp-content\/uploads\/2016\/03\/Zurfluh-Karner.jpg?fit=1920%2C1080\" data-orig-size=\"1920,1080\" data-comments-opened=\"1\" data-image-meta=\"{&quot;aperture&quot;:&quot;0&quot;,&quot;credit&quot;:&quot;&quot;,&quot;camera&quot;:&quot;&quot;,&quot;caption&quot;:&quot;&quot;,&quot;created_timestamp&quot;:&quot;0&quot;,&quot;copyright&quot;:&quot;&quot;,&quot;focal_length&quot;:&quot;0&quot;,&quot;iso&quot;:&quot;0&quot;,&quot;shutter_speed&quot;:&quot;0&quot;,&quot;title&quot;:&quot;&quot;,&quot;orientation&quot;:&quot;1&quot;}\" data-image-title=\"Zurfluh-Karner\" data-image-description=\"\" data-image-caption=\"\" data-medium-file=\"https:\/\/i0.wp.com\/ksroom.at\/info\/wp-content\/uploads\/2016\/03\/Zurfluh-Karner.jpg?fit=300%2C169\" data-large-file=\"https:\/\/i0.wp.com\/ksroom.at\/info\/wp-content\/uploads\/2016\/03\/Zurfluh-Karner.jpg?fit=1024%2C576\" data-id=\"142\" src=\"https:\/\/i0.wp.com\/ksroom.at\/info\/wp-content\/uploads\/2016\/03\/Zurfluh-Karner-1024x576.jpg?resize=1024%2C576&#038;ssl=1\" alt=\"\" class=\"wp-image-142\" srcset=\"https:\/\/i0.wp.com\/ksroom.at\/info\/wp-content\/uploads\/2016\/03\/Zurfluh-Karner.jpg?resize=1024%2C576 1024w, https:\/\/i0.wp.com\/ksroom.at\/info\/wp-content\/uploads\/2016\/03\/Zurfluh-Karner.jpg?resize=300%2C169 300w, https:\/\/i0.wp.com\/ksroom.at\/info\/wp-content\/uploads\/2016\/03\/Zurfluh-Karner.jpg?resize=768%2C432 768w, https:\/\/i0.wp.com\/ksroom.at\/info\/wp-content\/uploads\/2016\/03\/Zurfluh-Karner.jpg?w=1920 1920w\" sizes=\"(max-width: 1000px) 100vw, 1000px\" data-recalc-dims=\"1\" \/><\/figure>\n<\/figure>\n","protected":false},"excerpt":{"rendered":"<p>Die Werke von Karner und Zurfluh entwickeln sowohl aus der Fernsicht wie auch aus der Nahsicht eine ungemeine Anziehungskraft. Der synthetische Blick aus der Distanz sieht das gro\u00dfe Ganze, das vibrierende Str\u00f6men von Zurfluhs Malerei sowie die anthropomorphen und zoomorphen Gestalten von Karner, wohingegen der analytische Blick aus der N\u00e4he die einzelnen Elemente, den ungemeinen [&hellip;]<\/p>\n","protected":false},"author":1,"featured_media":144,"parent":27,"menu_order":0,"comment_status":"closed","ping_status":"closed","template":"","meta":{"jetpack_post_was_ever_published":false,"footnotes":""},"class_list":["post-334","page","type-page","status-publish","has-post-thumbnail","hentry"],"jetpack_sharing_enabled":true,"jetpack_shortlink":"https:\/\/wp.me\/P7jCLD-5o","jetpack-related-posts":[],"jetpack_likes_enabled":true,"_links":{"self":[{"href":"http:\/\/ksroom.at\/info\/wp-json\/wp\/v2\/pages\/334"}],"collection":[{"href":"http:\/\/ksroom.at\/info\/wp-json\/wp\/v2\/pages"}],"about":[{"href":"http:\/\/ksroom.at\/info\/wp-json\/wp\/v2\/types\/page"}],"author":[{"embeddable":true,"href":"http:\/\/ksroom.at\/info\/wp-json\/wp\/v2\/users\/1"}],"replies":[{"embeddable":true,"href":"http:\/\/ksroom.at\/info\/wp-json\/wp\/v2\/comments?post=334"}],"version-history":[{"count":10,"href":"http:\/\/ksroom.at\/info\/wp-json\/wp\/v2\/pages\/334\/revisions"}],"predecessor-version":[{"id":1924,"href":"http:\/\/ksroom.at\/info\/wp-json\/wp\/v2\/pages\/334\/revisions\/1924"}],"up":[{"embeddable":true,"href":"http:\/\/ksroom.at\/info\/wp-json\/wp\/v2\/pages\/27"}],"wp:featuredmedia":[{"embeddable":true,"href":"http:\/\/ksroom.at\/info\/wp-json\/wp\/v2\/media\/144"}],"wp:attachment":[{"href":"http:\/\/ksroom.at\/info\/wp-json\/wp\/v2\/media?parent=334"}],"curies":[{"name":"wp","href":"https:\/\/api.w.org\/{rel}","templated":true}]}}