{"id":161,"date":"2016-03-08T19:44:44","date_gmt":"2016-03-08T19:44:44","guid":{"rendered":"http:\/\/ksroom.at\/info\/?page_id=161"},"modified":"2025-07-17T14:20:21","modified_gmt":"2025-07-17T14:20:21","slug":"ueber-uns","status":"publish","type":"page","link":"http:\/\/ksroom.at\/info\/ueber-uns\/","title":{"rendered":"\u00dcber Uns"},"content":{"rendered":"<p>KS Contemporary ist ein gemeinn\u00fctziger Verein zur F\u00f6rderung und Vermittlung zeitgen\u00f6ssischer Kunst und Kultur mit Sitz in der S\u00fcdoststeiermark. Das f\u00fcnfk\u00f6pfige Team \u2013 bestehend aus Lisa-Maria Schmidt, Julia Aldrian, Kibo Flitsch, Karl Karner und Herbert De Colle \u2013 pr\u00e4sentiert j\u00e4hrlich Ausstellungen im KS Room und veranstaltet zus\u00e4tzlich weitere Projekte an wechselnden Orten. Wir verstehen uns als Teil einer lebendigen Kunsttradition im s\u00fcd\u00f6stlichen Raum \u00d6sterreichs &#8211; eines vielschichtigen Netzwerks, zu dessen Weiterbestehen wir beitragen m\u00f6chten und dem wir uns auch mit kritischem Blick n\u00e4hern. Wir sehen es als unsere Verantwortung, die kulturelle Tradition und Identit\u00e4t der S\u00fcdoststeiermark zu hinterfragen und aktiv mitzugestalten.<\/p>\n<p>Der KS Room wurde 2013 von Karl Karner und Linda Samaraweerov\u00e0 in einem ehemaligen Stallungsgeb\u00e4ude des Schloss Kornbergs gegr\u00fcndet und befindet sich auf einem Feld mitten in der Natur. Neben den regelm\u00e4\u00dfigen Ausstellungen initiiert KS Contemporary auch weitere Veranstaltungen wie Performances, Konzerte, k\u00fcnstlerische Interventionen, Pop-Up Ausstellungen und vieles mehr. Ziel ist es, alternative R\u00e4ume f\u00fcr experimentelle, zeitgen\u00f6ssische Projekte und Dialoge zu schaffen und gezielt fernab der gro\u00dfen Kunstmetropolen zu pr\u00e4sentieren.<\/p>\n<p>Unsere Zusammenarbeit wird gepr\u00e4gt durch die, f\u00fcr uns untrennbare, Kombination von Praxis und Theorie. Was uns verbindet, sind interdisziplin\u00e4re Perspektiven und Herangehensweisen, die in unserer kuratorischen Arbeit, k\u00fcnstlerischen Praxis sowie in der Vermittlung sichtbar werden.<span class=\"Apple-converted-space\">\u00a0<\/span><\/p>\n<p>Wir verstehen Diversit\u00e4t als grundlegenden Wert: in Perspektiven, Inhalten, Ausdrucksformen und Lebensrealit\u00e4ten und versuchen diese mit lokaler Verankerung zu verkn\u00fcpfen. Die Zusammenarbeit mit den Menschen und Gegebenheiten vor Ort ist zentral f\u00fcr unsere Arbeit &#8211; sie pr\u00e4gt nicht nur unsere Inhalte, sondern auch unsere Haltungen. Besonderen Wert legen wir dabei auf faire Bezahlung: Fair Pay ist f\u00fcr uns ein unverzichtbarer Bestandteil einer verantwortungsvollen und nachhaltigen Kulturarbeit. Das Team arbeitet mit dem Wissen, das aus der Besch\u00e4ftigung mit unserer Umgebung hervorgeht und schafft so ein Fundament, auf dem unsere k\u00fcnstlerische und kuratorische Praxis aufbaut, ebenso wie unser Selbstverst\u00e4ndnis als Plattform f\u00fcr kritischen Austausch.<\/p>\n<p><img loading=\"lazy\" decoding=\"async\" data-attachment-id=\"861\" data-permalink=\"http:\/\/ksroom.at\/info\/archiv\/2019-2\/blackout\/club-fortuna-ks-room-4-2200x1464\/\" data-orig-file=\"https:\/\/i0.wp.com\/ksroom.at\/info\/wp-content\/uploads\/2019\/08\/Club-Fortuna-@-KS-Room-4-2200x1464.jpg?fit=2200%2C1464\" data-orig-size=\"2200,1464\" data-comments-opened=\"0\" data-image-meta=\"{&quot;aperture&quot;:&quot;2&quot;,&quot;credit&quot;:&quot;&quot;,&quot;camera&quot;:&quot;NIKON Z 6&quot;,&quot;caption&quot;:&quot;&quot;,&quot;created_timestamp&quot;:&quot;1561222836&quot;,&quot;copyright&quot;:&quot;&quot;,&quot;focal_length&quot;:&quot;24&quot;,&quot;iso&quot;:&quot;100&quot;,&quot;shutter_speed&quot;:&quot;0.0015625&quot;,&quot;title&quot;:&quot;&quot;,&quot;orientation&quot;:&quot;1&quot;}\" data-image-title=\"club-fortuna-ks-room-4-2200&#215;1464\" data-image-description=\"\" data-image-caption=\"\" data-medium-file=\"https:\/\/i0.wp.com\/ksroom.at\/info\/wp-content\/uploads\/2019\/08\/Club-Fortuna-@-KS-Room-4-2200x1464.jpg?fit=300%2C200\" data-large-file=\"https:\/\/i0.wp.com\/ksroom.at\/info\/wp-content\/uploads\/2019\/08\/Club-Fortuna-@-KS-Room-4-2200x1464.jpg?fit=963%2C641\" class=\"alignnone wp-image-861 size-full\" src=\"https:\/\/i0.wp.com\/ksroom.at\/info\/wp-content\/uploads\/2019\/08\/Club-Fortuna-@-KS-Room-4-2200x1464.jpg?resize=2200%2C1464\" alt=\"\" width=\"2200\" height=\"1464\" srcset=\"https:\/\/i0.wp.com\/ksroom.at\/info\/wp-content\/uploads\/2019\/08\/Club-Fortuna-@-KS-Room-4-2200x1464.jpg?resize=2200%2C1464 2200w, https:\/\/i0.wp.com\/ksroom.at\/info\/wp-content\/uploads\/2019\/08\/Club-Fortuna-@-KS-Room-4-2200x1464.jpg?resize=300%2C200 300w, https:\/\/i0.wp.com\/ksroom.at\/info\/wp-content\/uploads\/2019\/08\/Club-Fortuna-@-KS-Room-4-2200x1464.jpg?resize=963%2C641 963w, https:\/\/i0.wp.com\/ksroom.at\/info\/wp-content\/uploads\/2019\/08\/Club-Fortuna-@-KS-Room-4-2200x1464.jpg?w=2000 2000w\" sizes=\"(max-width: 1000px) 100vw, 1000px\" data-recalc-dims=\"1\" \/><\/p>\n","protected":false},"excerpt":{"rendered":"<p>KS Contemporary ist ein gemeinn\u00fctziger Verein zur F\u00f6rderung und Vermittlung zeitgen\u00f6ssischer Kunst und Kultur mit Sitz in der S\u00fcdoststeiermark. Das f\u00fcnfk\u00f6pfige Team \u2013 bestehend aus Lisa-Maria Schmidt, Julia Aldrian, Kibo Flitsch, Karl Karner und Herbert De Colle \u2013 pr\u00e4sentiert j\u00e4hrlich Ausstellungen im KS Room und veranstaltet zus\u00e4tzlich weitere Projekte an wechselnden Orten. Wir verstehen uns [&hellip;]<\/p>\n","protected":false},"author":1,"featured_media":56,"parent":0,"menu_order":0,"comment_status":"closed","ping_status":"closed","template":"","meta":{"jetpack_post_was_ever_published":false,"footnotes":""},"class_list":["post-161","page","type-page","status-publish","has-post-thumbnail","hentry"],"jetpack_sharing_enabled":true,"jetpack_shortlink":"https:\/\/wp.me\/P7jCLD-2B","jetpack-related-posts":[],"jetpack_likes_enabled":true,"_links":{"self":[{"href":"http:\/\/ksroom.at\/info\/wp-json\/wp\/v2\/pages\/161"}],"collection":[{"href":"http:\/\/ksroom.at\/info\/wp-json\/wp\/v2\/pages"}],"about":[{"href":"http:\/\/ksroom.at\/info\/wp-json\/wp\/v2\/types\/page"}],"author":[{"embeddable":true,"href":"http:\/\/ksroom.at\/info\/wp-json\/wp\/v2\/users\/1"}],"replies":[{"embeddable":true,"href":"http:\/\/ksroom.at\/info\/wp-json\/wp\/v2\/comments?post=161"}],"version-history":[{"count":6,"href":"http:\/\/ksroom.at\/info\/wp-json\/wp\/v2\/pages\/161\/revisions"}],"predecessor-version":[{"id":1598,"href":"http:\/\/ksroom.at\/info\/wp-json\/wp\/v2\/pages\/161\/revisions\/1598"}],"wp:featuredmedia":[{"embeddable":true,"href":"http:\/\/ksroom.at\/info\/wp-json\/wp\/v2\/media\/56"}],"wp:attachment":[{"href":"http:\/\/ksroom.at\/info\/wp-json\/wp\/v2\/media?parent=161"}],"curies":[{"name":"wp","href":"https:\/\/api.w.org\/{rel}","templated":true}]}}