{"id":1460,"date":"2024-09-18T09:44:54","date_gmt":"2024-09-18T09:44:54","guid":{"rendered":"http:\/\/ksroom.at\/info\/?page_id=1460"},"modified":"2026-01-30T14:01:44","modified_gmt":"2026-01-30T14:01:44","slug":"1460-2","status":"publish","type":"page","link":"http:\/\/ksroom.at\/info\/archiv\/2024-2\/1460-2\/","title":{"rendered":"Material Mutants"},"content":{"rendered":"\n<div style=\"height:40px\" aria-hidden=\"true\" class=\"wp-block-spacer\"><\/div>\n\n\n\n<p class=\"has-text-align-left\"><em><strong>Sophia Gatzkan &amp; Julie Hayward<\/strong><\/em><\/p>\n\n\n\n<p class=\"has-text-align-left\">Curated by<strong> Lisa-Maria Schmidt<\/strong><\/p>\n\n\n\n<p class=\"has-text-align-left\">Opening 02.08.2025 <br><br><strong>02.08-25.08.2024<\/strong><br><br><br>KS Room<br>D\u00f6rfl 1<br>8333 Kornberg bei Riegersburg<\/p>\n\n\n\n<div style=\"height:61px\" aria-hidden=\"true\" class=\"wp-block-spacer\"><\/div>\n\n\n\n<p>DE<\/p>\n\n\n\n<p><em>Die Ausstellung \u201cMaterial Mutants\u201d sucht mit den zwei K\u00fcnstlerinnen Sophia Gatzkan und Julie Hayward nach dem Lebendigen in Materialien und der Materialit\u00e4t.<\/em><\/p>\n\n\n\n<p><em>Die gezeigten Kunstwerke erz\u00e4hlen Geschichten von K\u00f6rperlichkeit, die sich unserem menschlichen Blick ann\u00e4hern, um sich anschlie\u00dfend, diesem wieder bewusst zu entziehen.<\/em><\/p>\n\n\n\n<p><strong>EN<\/strong><\/p>\n\n\n\n<p><strong>With the two artists Sophia Gatzkan and Julie Hayward, the exhibition \u2018Material Mutants\u2019 searches for the living in materials and materiality.<\/strong><\/p>\n\n\n\n<p><strong>The artworks on display tell stories of physicality that approach our human gaze, only to then consciously withdraw from it again.<\/strong><\/p>\n\n\n\n<div style=\"height:61px\" aria-hidden=\"true\" class=\"wp-block-spacer\"><\/div>\n\n\n\n<figure class=\"wp-block-gallery has-nested-images columns-default is-cropped wp-block-gallery-1 is-layout-flex wp-block-gallery-is-layout-flex\">\n<figure class=\"wp-block-image size-large\"><img loading=\"lazy\" decoding=\"async\" width=\"898\" height=\"641\" data-attachment-id=\"1502\" data-permalink=\"http:\/\/ksroom.at\/info\/archiv\/2024-2\/1460-2\/mmweb-large\/\" data-orig-file=\"https:\/\/i0.wp.com\/ksroom.at\/info\/wp-content\/uploads\/2024\/09\/MMweb-Large.jpeg?fit=1280%2C914\" data-orig-size=\"1280,914\" data-comments-opened=\"0\" data-image-meta=\"{&quot;aperture&quot;:&quot;9.5&quot;,&quot;credit&quot;:&quot;&quot;,&quot;camera&quot;:&quot;ILCE-7M2&quot;,&quot;caption&quot;:&quot;&quot;,&quot;created_timestamp&quot;:&quot;1724166815&quot;,&quot;copyright&quot;:&quot;&quot;,&quot;focal_length&quot;:&quot;51&quot;,&quot;iso&quot;:&quot;100&quot;,&quot;shutter_speed&quot;:&quot;0.1&quot;,&quot;title&quot;:&quot;&quot;,&quot;orientation&quot;:&quot;1&quot;}\" data-image-title=\"MMweb Large\" data-image-description=\"\" data-image-caption=\"\" data-medium-file=\"https:\/\/i0.wp.com\/ksroom.at\/info\/wp-content\/uploads\/2024\/09\/MMweb-Large.jpeg?fit=300%2C214\" data-large-file=\"https:\/\/i0.wp.com\/ksroom.at\/info\/wp-content\/uploads\/2024\/09\/MMweb-Large.jpeg?fit=898%2C641\" data-id=\"1502\" src=\"https:\/\/i0.wp.com\/ksroom.at\/info\/wp-content\/uploads\/2024\/09\/MMweb-Large-898x641.jpeg?resize=898%2C641&#038;ssl=1\" alt=\"\" class=\"wp-image-1502\" srcset=\"https:\/\/i0.wp.com\/ksroom.at\/info\/wp-content\/uploads\/2024\/09\/MMweb-Large.jpeg?resize=898%2C641 898w, https:\/\/i0.wp.com\/ksroom.at\/info\/wp-content\/uploads\/2024\/09\/MMweb-Large.jpeg?resize=300%2C214 300w, https:\/\/i0.wp.com\/ksroom.at\/info\/wp-content\/uploads\/2024\/09\/MMweb-Large.jpeg?w=1280 1280w\" sizes=\"(max-width: 898px) 100vw, 898px\" data-recalc-dims=\"1\" \/><\/figure>\n\n\n\n<figure class=\"wp-block-image size-large\"><img loading=\"lazy\" decoding=\"async\" width=\"898\" height=\"641\" data-attachment-id=\"1504\" data-permalink=\"http:\/\/ksroom.at\/info\/archiv\/2024-2\/1460-2\/mmweb-11-large\/\" data-orig-file=\"https:\/\/i0.wp.com\/ksroom.at\/info\/wp-content\/uploads\/2024\/09\/MMweb-11-Large.jpeg?fit=1280%2C914\" data-orig-size=\"1280,914\" data-comments-opened=\"0\" data-image-meta=\"{&quot;aperture&quot;:&quot;9.5&quot;,&quot;credit&quot;:&quot;&quot;,&quot;camera&quot;:&quot;ILCE-7M2&quot;,&quot;caption&quot;:&quot;&quot;,&quot;created_timestamp&quot;:&quot;1724167133&quot;,&quot;copyright&quot;:&quot;&quot;,&quot;focal_length&quot;:&quot;57&quot;,&quot;iso&quot;:&quot;100&quot;,&quot;shutter_speed&quot;:&quot;0.1&quot;,&quot;title&quot;:&quot;&quot;,&quot;orientation&quot;:&quot;1&quot;}\" data-image-title=\"MMweb-11 Large\" data-image-description=\"\" data-image-caption=\"\" data-medium-file=\"https:\/\/i0.wp.com\/ksroom.at\/info\/wp-content\/uploads\/2024\/09\/MMweb-11-Large.jpeg?fit=300%2C214\" data-large-file=\"https:\/\/i0.wp.com\/ksroom.at\/info\/wp-content\/uploads\/2024\/09\/MMweb-11-Large.jpeg?fit=898%2C641\" data-id=\"1504\" src=\"https:\/\/i0.wp.com\/ksroom.at\/info\/wp-content\/uploads\/2024\/09\/MMweb-11-Large-898x641.jpeg?resize=898%2C641&#038;ssl=1\" alt=\"\" class=\"wp-image-1504\" srcset=\"https:\/\/i0.wp.com\/ksroom.at\/info\/wp-content\/uploads\/2024\/09\/MMweb-11-Large.jpeg?resize=898%2C641 898w, https:\/\/i0.wp.com\/ksroom.at\/info\/wp-content\/uploads\/2024\/09\/MMweb-11-Large.jpeg?resize=300%2C214 300w, https:\/\/i0.wp.com\/ksroom.at\/info\/wp-content\/uploads\/2024\/09\/MMweb-11-Large.jpeg?w=1280 1280w\" sizes=\"(max-width: 898px) 100vw, 898px\" data-recalc-dims=\"1\" \/><\/figure>\n\n\n\n<figure class=\"wp-block-image size-large\"><img loading=\"lazy\" decoding=\"async\" width=\"898\" height=\"641\" data-attachment-id=\"1505\" data-permalink=\"http:\/\/ksroom.at\/info\/archiv\/2024-2\/1460-2\/mmweb-16-large\/\" data-orig-file=\"https:\/\/i0.wp.com\/ksroom.at\/info\/wp-content\/uploads\/2024\/09\/MMweb-16-Large.jpeg?fit=1280%2C914\" data-orig-size=\"1280,914\" data-comments-opened=\"0\" data-image-meta=\"{&quot;aperture&quot;:&quot;11&quot;,&quot;credit&quot;:&quot;&quot;,&quot;camera&quot;:&quot;ILCE-7M2&quot;,&quot;caption&quot;:&quot;&quot;,&quot;created_timestamp&quot;:&quot;1724167337&quot;,&quot;copyright&quot;:&quot;&quot;,&quot;focal_length&quot;:&quot;43&quot;,&quot;iso&quot;:&quot;100&quot;,&quot;shutter_speed&quot;:&quot;0.16666666666667&quot;,&quot;title&quot;:&quot;&quot;,&quot;orientation&quot;:&quot;1&quot;}\" data-image-title=\"MMweb-16 Large\" data-image-description=\"\" data-image-caption=\"\" data-medium-file=\"https:\/\/i0.wp.com\/ksroom.at\/info\/wp-content\/uploads\/2024\/09\/MMweb-16-Large.jpeg?fit=300%2C214\" data-large-file=\"https:\/\/i0.wp.com\/ksroom.at\/info\/wp-content\/uploads\/2024\/09\/MMweb-16-Large.jpeg?fit=898%2C641\" data-id=\"1505\" src=\"https:\/\/i0.wp.com\/ksroom.at\/info\/wp-content\/uploads\/2024\/09\/MMweb-16-Large-898x641.jpeg?resize=898%2C641&#038;ssl=1\" alt=\"\" class=\"wp-image-1505\" srcset=\"https:\/\/i0.wp.com\/ksroom.at\/info\/wp-content\/uploads\/2024\/09\/MMweb-16-Large.jpeg?resize=898%2C641 898w, https:\/\/i0.wp.com\/ksroom.at\/info\/wp-content\/uploads\/2024\/09\/MMweb-16-Large.jpeg?resize=300%2C214 300w, https:\/\/i0.wp.com\/ksroom.at\/info\/wp-content\/uploads\/2024\/09\/MMweb-16-Large.jpeg?w=1280 1280w\" sizes=\"(max-width: 898px) 100vw, 898px\" data-recalc-dims=\"1\" \/><\/figure>\n\n\n\n<figure class=\"wp-block-image size-large\"><img loading=\"lazy\" decoding=\"async\" width=\"898\" height=\"641\" data-attachment-id=\"1506\" data-permalink=\"http:\/\/ksroom.at\/info\/archiv\/2024-2\/1460-2\/mmweb-21-large\/\" data-orig-file=\"https:\/\/i0.wp.com\/ksroom.at\/info\/wp-content\/uploads\/2024\/09\/MMweb-21-Large.jpeg?fit=1280%2C914\" data-orig-size=\"1280,914\" data-comments-opened=\"0\" data-image-meta=\"{&quot;aperture&quot;:&quot;11&quot;,&quot;credit&quot;:&quot;&quot;,&quot;camera&quot;:&quot;ILCE-7M2&quot;,&quot;caption&quot;:&quot;&quot;,&quot;created_timestamp&quot;:&quot;1724167550&quot;,&quot;copyright&quot;:&quot;&quot;,&quot;focal_length&quot;:&quot;41&quot;,&quot;iso&quot;:&quot;100&quot;,&quot;shutter_speed&quot;:&quot;0.16666666666667&quot;,&quot;title&quot;:&quot;&quot;,&quot;orientation&quot;:&quot;1&quot;}\" data-image-title=\"MMweb-21 Large\" data-image-description=\"\" data-image-caption=\"\" data-medium-file=\"https:\/\/i0.wp.com\/ksroom.at\/info\/wp-content\/uploads\/2024\/09\/MMweb-21-Large.jpeg?fit=300%2C214\" data-large-file=\"https:\/\/i0.wp.com\/ksroom.at\/info\/wp-content\/uploads\/2024\/09\/MMweb-21-Large.jpeg?fit=898%2C641\" data-id=\"1506\" src=\"https:\/\/i0.wp.com\/ksroom.at\/info\/wp-content\/uploads\/2024\/09\/MMweb-21-Large-898x641.jpeg?resize=898%2C641&#038;ssl=1\" alt=\"\" class=\"wp-image-1506\" srcset=\"https:\/\/i0.wp.com\/ksroom.at\/info\/wp-content\/uploads\/2024\/09\/MMweb-21-Large.jpeg?resize=898%2C641 898w, https:\/\/i0.wp.com\/ksroom.at\/info\/wp-content\/uploads\/2024\/09\/MMweb-21-Large.jpeg?resize=300%2C214 300w, https:\/\/i0.wp.com\/ksroom.at\/info\/wp-content\/uploads\/2024\/09\/MMweb-21-Large.jpeg?w=1280 1280w\" sizes=\"(max-width: 898px) 100vw, 898px\" data-recalc-dims=\"1\" \/><\/figure>\n\n\n\n<figure class=\"wp-block-image size-large\"><img loading=\"lazy\" decoding=\"async\" width=\"898\" height=\"641\" data-attachment-id=\"1507\" data-permalink=\"http:\/\/ksroom.at\/info\/archiv\/2024-2\/1460-2\/mmweb-24-large\/\" data-orig-file=\"https:\/\/i0.wp.com\/ksroom.at\/info\/wp-content\/uploads\/2024\/09\/MMweb-24-Large.jpeg?fit=1280%2C914\" data-orig-size=\"1280,914\" data-comments-opened=\"0\" data-image-meta=\"{&quot;aperture&quot;:&quot;11&quot;,&quot;credit&quot;:&quot;&quot;,&quot;camera&quot;:&quot;ILCE-7M2&quot;,&quot;caption&quot;:&quot;&quot;,&quot;created_timestamp&quot;:&quot;1724167685&quot;,&quot;copyright&quot;:&quot;&quot;,&quot;focal_length&quot;:&quot;28&quot;,&quot;iso&quot;:&quot;100&quot;,&quot;shutter_speed&quot;:&quot;0.16666666666667&quot;,&quot;title&quot;:&quot;&quot;,&quot;orientation&quot;:&quot;1&quot;}\" data-image-title=\"MMweb-24 Large\" data-image-description=\"\" data-image-caption=\"\" data-medium-file=\"https:\/\/i0.wp.com\/ksroom.at\/info\/wp-content\/uploads\/2024\/09\/MMweb-24-Large.jpeg?fit=300%2C214\" data-large-file=\"https:\/\/i0.wp.com\/ksroom.at\/info\/wp-content\/uploads\/2024\/09\/MMweb-24-Large.jpeg?fit=898%2C641\" data-id=\"1507\" src=\"https:\/\/i0.wp.com\/ksroom.at\/info\/wp-content\/uploads\/2024\/09\/MMweb-24-Large-898x641.jpeg?resize=898%2C641&#038;ssl=1\" alt=\"\" class=\"wp-image-1507\" srcset=\"https:\/\/i0.wp.com\/ksroom.at\/info\/wp-content\/uploads\/2024\/09\/MMweb-24-Large.jpeg?resize=898%2C641 898w, https:\/\/i0.wp.com\/ksroom.at\/info\/wp-content\/uploads\/2024\/09\/MMweb-24-Large.jpeg?resize=300%2C214 300w, https:\/\/i0.wp.com\/ksroom.at\/info\/wp-content\/uploads\/2024\/09\/MMweb-24-Large.jpeg?w=1280 1280w\" sizes=\"(max-width: 898px) 100vw, 898px\" data-recalc-dims=\"1\" \/><\/figure>\n\n\n\n<figure class=\"wp-block-image size-large\"><img loading=\"lazy\" decoding=\"async\" width=\"898\" height=\"641\" data-attachment-id=\"1508\" data-permalink=\"http:\/\/ksroom.at\/info\/archiv\/2024-2\/1460-2\/mmweb-26-large\/\" data-orig-file=\"https:\/\/i0.wp.com\/ksroom.at\/info\/wp-content\/uploads\/2024\/09\/MMweb-26-Large.jpeg?fit=1280%2C914\" data-orig-size=\"1280,914\" data-comments-opened=\"0\" data-image-meta=\"{&quot;aperture&quot;:&quot;13&quot;,&quot;credit&quot;:&quot;&quot;,&quot;camera&quot;:&quot;ILCE-7M2&quot;,&quot;caption&quot;:&quot;&quot;,&quot;created_timestamp&quot;:&quot;1724167982&quot;,&quot;copyright&quot;:&quot;&quot;,&quot;focal_length&quot;:&quot;28&quot;,&quot;iso&quot;:&quot;100&quot;,&quot;shutter_speed&quot;:&quot;0.33333333333333&quot;,&quot;title&quot;:&quot;&quot;,&quot;orientation&quot;:&quot;1&quot;}\" data-image-title=\"MMweb-26 Large\" data-image-description=\"\" data-image-caption=\"\" data-medium-file=\"https:\/\/i0.wp.com\/ksroom.at\/info\/wp-content\/uploads\/2024\/09\/MMweb-26-Large.jpeg?fit=300%2C214\" data-large-file=\"https:\/\/i0.wp.com\/ksroom.at\/info\/wp-content\/uploads\/2024\/09\/MMweb-26-Large.jpeg?fit=898%2C641\" data-id=\"1508\" src=\"https:\/\/i0.wp.com\/ksroom.at\/info\/wp-content\/uploads\/2024\/09\/MMweb-26-Large-898x641.jpeg?resize=898%2C641&#038;ssl=1\" alt=\"\" class=\"wp-image-1508\" srcset=\"https:\/\/i0.wp.com\/ksroom.at\/info\/wp-content\/uploads\/2024\/09\/MMweb-26-Large.jpeg?resize=898%2C641 898w, https:\/\/i0.wp.com\/ksroom.at\/info\/wp-content\/uploads\/2024\/09\/MMweb-26-Large.jpeg?resize=300%2C214 300w, https:\/\/i0.wp.com\/ksroom.at\/info\/wp-content\/uploads\/2024\/09\/MMweb-26-Large.jpeg?w=1280 1280w\" sizes=\"(max-width: 898px) 100vw, 898px\" data-recalc-dims=\"1\" \/><\/figure>\n\n\n\n<figure class=\"wp-block-image size-large\"><img loading=\"lazy\" decoding=\"async\" width=\"458\" height=\"641\" data-attachment-id=\"1509\" data-permalink=\"http:\/\/ksroom.at\/info\/archiv\/2024-2\/1460-2\/mmweb-61-large\/\" data-orig-file=\"https:\/\/i0.wp.com\/ksroom.at\/info\/wp-content\/uploads\/2024\/09\/MMweb-61-Large.jpeg?fit=914%2C1280\" data-orig-size=\"914,1280\" data-comments-opened=\"0\" data-image-meta=\"{&quot;aperture&quot;:&quot;8&quot;,&quot;credit&quot;:&quot;&quot;,&quot;camera&quot;:&quot;ILCE-7M2&quot;,&quot;caption&quot;:&quot;&quot;,&quot;created_timestamp&quot;:&quot;1724169602&quot;,&quot;copyright&quot;:&quot;&quot;,&quot;focal_length&quot;:&quot;44&quot;,&quot;iso&quot;:&quot;800&quot;,&quot;shutter_speed&quot;:&quot;0.016666666666667&quot;,&quot;title&quot;:&quot;&quot;,&quot;orientation&quot;:&quot;1&quot;}\" data-image-title=\"MMweb-61 Large\" data-image-description=\"\" data-image-caption=\"\" data-medium-file=\"https:\/\/i0.wp.com\/ksroom.at\/info\/wp-content\/uploads\/2024\/09\/MMweb-61-Large.jpeg?fit=214%2C300\" data-large-file=\"https:\/\/i0.wp.com\/ksroom.at\/info\/wp-content\/uploads\/2024\/09\/MMweb-61-Large.jpeg?fit=458%2C641\" data-id=\"1509\" src=\"https:\/\/i0.wp.com\/ksroom.at\/info\/wp-content\/uploads\/2024\/09\/MMweb-61-Large-458x641.jpeg?resize=458%2C641&#038;ssl=1\" alt=\"\" class=\"wp-image-1509\" srcset=\"https:\/\/i0.wp.com\/ksroom.at\/info\/wp-content\/uploads\/2024\/09\/MMweb-61-Large.jpeg?resize=458%2C641 458w, https:\/\/i0.wp.com\/ksroom.at\/info\/wp-content\/uploads\/2024\/09\/MMweb-61-Large.jpeg?resize=214%2C300 214w, https:\/\/i0.wp.com\/ksroom.at\/info\/wp-content\/uploads\/2024\/09\/MMweb-61-Large.jpeg?w=914 914w\" sizes=\"(max-width: 458px) 100vw, 458px\" data-recalc-dims=\"1\" \/><\/figure>\n\n\n\n<figure class=\"wp-block-image size-large\"><img loading=\"lazy\" decoding=\"async\" width=\"458\" height=\"641\" data-attachment-id=\"1510\" data-permalink=\"http:\/\/ksroom.at\/info\/archiv\/2024-2\/1460-2\/mmweb-53-large\/\" data-orig-file=\"https:\/\/i0.wp.com\/ksroom.at\/info\/wp-content\/uploads\/2024\/09\/MMweb-53-Large.jpeg?fit=914%2C1280\" data-orig-size=\"914,1280\" data-comments-opened=\"0\" data-image-meta=\"{&quot;aperture&quot;:&quot;8&quot;,&quot;credit&quot;:&quot;&quot;,&quot;camera&quot;:&quot;ILCE-7M2&quot;,&quot;caption&quot;:&quot;&quot;,&quot;created_timestamp&quot;:&quot;1724169354&quot;,&quot;copyright&quot;:&quot;&quot;,&quot;focal_length&quot;:&quot;44&quot;,&quot;iso&quot;:&quot;800&quot;,&quot;shutter_speed&quot;:&quot;0.016666666666667&quot;,&quot;title&quot;:&quot;&quot;,&quot;orientation&quot;:&quot;1&quot;}\" data-image-title=\"MMweb-53 Large\" data-image-description=\"\" data-image-caption=\"\" data-medium-file=\"https:\/\/i0.wp.com\/ksroom.at\/info\/wp-content\/uploads\/2024\/09\/MMweb-53-Large.jpeg?fit=214%2C300\" data-large-file=\"https:\/\/i0.wp.com\/ksroom.at\/info\/wp-content\/uploads\/2024\/09\/MMweb-53-Large.jpeg?fit=458%2C641\" data-id=\"1510\" src=\"https:\/\/i0.wp.com\/ksroom.at\/info\/wp-content\/uploads\/2024\/09\/MMweb-53-Large-458x641.jpeg?resize=458%2C641&#038;ssl=1\" alt=\"\" class=\"wp-image-1510\" srcset=\"https:\/\/i0.wp.com\/ksroom.at\/info\/wp-content\/uploads\/2024\/09\/MMweb-53-Large.jpeg?resize=458%2C641 458w, https:\/\/i0.wp.com\/ksroom.at\/info\/wp-content\/uploads\/2024\/09\/MMweb-53-Large.jpeg?resize=214%2C300 214w, https:\/\/i0.wp.com\/ksroom.at\/info\/wp-content\/uploads\/2024\/09\/MMweb-53-Large.jpeg?w=914 914w\" sizes=\"(max-width: 458px) 100vw, 458px\" data-recalc-dims=\"1\" \/><\/figure>\n\n\n\n<figure class=\"wp-block-image size-large\"><img loading=\"lazy\" decoding=\"async\" width=\"898\" height=\"641\" data-attachment-id=\"1511\" data-permalink=\"http:\/\/ksroom.at\/info\/archiv\/2024-2\/1460-2\/mmweb-48-large\/\" data-orig-file=\"https:\/\/i0.wp.com\/ksroom.at\/info\/wp-content\/uploads\/2024\/09\/MMweb-48-Large.jpeg?fit=1280%2C914\" data-orig-size=\"1280,914\" data-comments-opened=\"0\" data-image-meta=\"{&quot;aperture&quot;:&quot;8&quot;,&quot;credit&quot;:&quot;&quot;,&quot;camera&quot;:&quot;ILCE-7M2&quot;,&quot;caption&quot;:&quot;&quot;,&quot;created_timestamp&quot;:&quot;1724169251&quot;,&quot;copyright&quot;:&quot;&quot;,&quot;focal_length&quot;:&quot;70&quot;,&quot;iso&quot;:&quot;800&quot;,&quot;shutter_speed&quot;:&quot;0.011111111111111&quot;,&quot;title&quot;:&quot;&quot;,&quot;orientation&quot;:&quot;1&quot;}\" data-image-title=\"MMweb-48 Large\" data-image-description=\"\" data-image-caption=\"\" data-medium-file=\"https:\/\/i0.wp.com\/ksroom.at\/info\/wp-content\/uploads\/2024\/09\/MMweb-48-Large.jpeg?fit=300%2C214\" data-large-file=\"https:\/\/i0.wp.com\/ksroom.at\/info\/wp-content\/uploads\/2024\/09\/MMweb-48-Large.jpeg?fit=898%2C641\" data-id=\"1511\" src=\"https:\/\/i0.wp.com\/ksroom.at\/info\/wp-content\/uploads\/2024\/09\/MMweb-48-Large-898x641.jpeg?resize=898%2C641&#038;ssl=1\" alt=\"\" class=\"wp-image-1511\" srcset=\"https:\/\/i0.wp.com\/ksroom.at\/info\/wp-content\/uploads\/2024\/09\/MMweb-48-Large.jpeg?resize=898%2C641 898w, https:\/\/i0.wp.com\/ksroom.at\/info\/wp-content\/uploads\/2024\/09\/MMweb-48-Large.jpeg?resize=300%2C214 300w, https:\/\/i0.wp.com\/ksroom.at\/info\/wp-content\/uploads\/2024\/09\/MMweb-48-Large.jpeg?w=1280 1280w\" sizes=\"(max-width: 898px) 100vw, 898px\" data-recalc-dims=\"1\" \/><\/figure>\n\n\n\n<figure class=\"wp-block-image size-large\"><img loading=\"lazy\" decoding=\"async\" width=\"898\" height=\"641\" data-attachment-id=\"1512\" data-permalink=\"http:\/\/ksroom.at\/info\/archiv\/2024-2\/1460-2\/mmweb-36-large\/\" data-orig-file=\"https:\/\/i0.wp.com\/ksroom.at\/info\/wp-content\/uploads\/2024\/09\/MMweb-36-Large.jpeg?fit=1280%2C914\" data-orig-size=\"1280,914\" data-comments-opened=\"0\" data-image-meta=\"{&quot;aperture&quot;:&quot;16&quot;,&quot;credit&quot;:&quot;&quot;,&quot;camera&quot;:&quot;ILCE-7M2&quot;,&quot;caption&quot;:&quot;&quot;,&quot;created_timestamp&quot;:&quot;1724168556&quot;,&quot;copyright&quot;:&quot;&quot;,&quot;focal_length&quot;:&quot;28&quot;,&quot;iso&quot;:&quot;100&quot;,&quot;shutter_speed&quot;:&quot;0.33333333333333&quot;,&quot;title&quot;:&quot;&quot;,&quot;orientation&quot;:&quot;1&quot;}\" data-image-title=\"MMweb-36 Large\" data-image-description=\"\" data-image-caption=\"\" data-medium-file=\"https:\/\/i0.wp.com\/ksroom.at\/info\/wp-content\/uploads\/2024\/09\/MMweb-36-Large.jpeg?fit=300%2C214\" data-large-file=\"https:\/\/i0.wp.com\/ksroom.at\/info\/wp-content\/uploads\/2024\/09\/MMweb-36-Large.jpeg?fit=898%2C641\" data-id=\"1512\" src=\"https:\/\/i0.wp.com\/ksroom.at\/info\/wp-content\/uploads\/2024\/09\/MMweb-36-Large-898x641.jpeg?resize=898%2C641&#038;ssl=1\" alt=\"\" class=\"wp-image-1512\" srcset=\"https:\/\/i0.wp.com\/ksroom.at\/info\/wp-content\/uploads\/2024\/09\/MMweb-36-Large.jpeg?resize=898%2C641 898w, https:\/\/i0.wp.com\/ksroom.at\/info\/wp-content\/uploads\/2024\/09\/MMweb-36-Large.jpeg?resize=300%2C214 300w, https:\/\/i0.wp.com\/ksroom.at\/info\/wp-content\/uploads\/2024\/09\/MMweb-36-Large.jpeg?w=1280 1280w\" sizes=\"(max-width: 898px) 100vw, 898px\" data-recalc-dims=\"1\" \/><\/figure>\n\n\n\n<figure class=\"wp-block-image size-large\"><img loading=\"lazy\" decoding=\"async\" width=\"898\" height=\"641\" data-attachment-id=\"1513\" data-permalink=\"http:\/\/ksroom.at\/info\/archiv\/2024-2\/1460-2\/mmweb-34-large\/\" data-orig-file=\"https:\/\/i0.wp.com\/ksroom.at\/info\/wp-content\/uploads\/2024\/09\/MMweb-34-Large.jpeg?fit=1280%2C914\" data-orig-size=\"1280,914\" data-comments-opened=\"0\" data-image-meta=\"{&quot;aperture&quot;:&quot;9.5&quot;,&quot;credit&quot;:&quot;&quot;,&quot;camera&quot;:&quot;ILCE-7M2&quot;,&quot;caption&quot;:&quot;&quot;,&quot;created_timestamp&quot;:&quot;1724168369&quot;,&quot;copyright&quot;:&quot;&quot;,&quot;focal_length&quot;:&quot;28&quot;,&quot;iso&quot;:&quot;100&quot;,&quot;shutter_speed&quot;:&quot;0.1&quot;,&quot;title&quot;:&quot;&quot;,&quot;orientation&quot;:&quot;1&quot;}\" data-image-title=\"MMweb-34 Large\" data-image-description=\"\" data-image-caption=\"\" data-medium-file=\"https:\/\/i0.wp.com\/ksroom.at\/info\/wp-content\/uploads\/2024\/09\/MMweb-34-Large.jpeg?fit=300%2C214\" data-large-file=\"https:\/\/i0.wp.com\/ksroom.at\/info\/wp-content\/uploads\/2024\/09\/MMweb-34-Large.jpeg?fit=898%2C641\" data-id=\"1513\" src=\"https:\/\/i0.wp.com\/ksroom.at\/info\/wp-content\/uploads\/2024\/09\/MMweb-34-Large-898x641.jpeg?resize=898%2C641&#038;ssl=1\" alt=\"\" class=\"wp-image-1513\" srcset=\"https:\/\/i0.wp.com\/ksroom.at\/info\/wp-content\/uploads\/2024\/09\/MMweb-34-Large.jpeg?resize=898%2C641 898w, https:\/\/i0.wp.com\/ksroom.at\/info\/wp-content\/uploads\/2024\/09\/MMweb-34-Large.jpeg?resize=300%2C214 300w, https:\/\/i0.wp.com\/ksroom.at\/info\/wp-content\/uploads\/2024\/09\/MMweb-34-Large.jpeg?w=1280 1280w\" sizes=\"(max-width: 898px) 100vw, 898px\" data-recalc-dims=\"1\" \/><\/figure>\n<\/figure>\n\n\n\n<div style=\"height:40px\" aria-hidden=\"true\" class=\"wp-block-spacer\"><\/div>\n\n\n\n<figure class=\"wp-block-image size-large\"><img loading=\"lazy\" decoding=\"async\" width=\"909\" height=\"641\" data-attachment-id=\"1461\" data-permalink=\"http:\/\/ksroom.at\/info\/archiv\/2024-2\/1460-2\/2d52d2f7-cc41-8e70-0471-1c55a01fc30c\/\" data-orig-file=\"https:\/\/i0.wp.com\/ksroom.at\/info\/wp-content\/uploads\/2024\/09\/2d52d2f7-cc41-8e70-0471-1c55a01fc30c.jpg?fit=2480%2C1748\" data-orig-size=\"2480,1748\" data-comments-opened=\"0\" data-image-meta=\"{&quot;aperture&quot;:&quot;0&quot;,&quot;credit&quot;:&quot;&quot;,&quot;camera&quot;:&quot;&quot;,&quot;caption&quot;:&quot;&quot;,&quot;created_timestamp&quot;:&quot;0&quot;,&quot;copyright&quot;:&quot;&quot;,&quot;focal_length&quot;:&quot;0&quot;,&quot;iso&quot;:&quot;0&quot;,&quot;shutter_speed&quot;:&quot;0&quot;,&quot;title&quot;:&quot;&quot;,&quot;orientation&quot;:&quot;0&quot;}\" data-image-title=\"2d52d2f7-cc41-8e70-0471-1c55a01fc30c\" data-image-description=\"\" data-image-caption=\"\" data-medium-file=\"https:\/\/i0.wp.com\/ksroom.at\/info\/wp-content\/uploads\/2024\/09\/2d52d2f7-cc41-8e70-0471-1c55a01fc30c.jpg?fit=300%2C211\" data-large-file=\"https:\/\/i0.wp.com\/ksroom.at\/info\/wp-content\/uploads\/2024\/09\/2d52d2f7-cc41-8e70-0471-1c55a01fc30c.jpg?fit=909%2C641\" src=\"https:\/\/i0.wp.com\/ksroom.at\/info\/wp-content\/uploads\/2024\/09\/2d52d2f7-cc41-8e70-0471-1c55a01fc30c.jpg?resize=909%2C641\" alt=\"\" class=\"wp-image-1461\" srcset=\"https:\/\/i0.wp.com\/ksroom.at\/info\/wp-content\/uploads\/2024\/09\/2d52d2f7-cc41-8e70-0471-1c55a01fc30c.jpg?resize=909%2C641 909w, https:\/\/i0.wp.com\/ksroom.at\/info\/wp-content\/uploads\/2024\/09\/2d52d2f7-cc41-8e70-0471-1c55a01fc30c.jpg?resize=300%2C211 300w, https:\/\/i0.wp.com\/ksroom.at\/info\/wp-content\/uploads\/2024\/09\/2d52d2f7-cc41-8e70-0471-1c55a01fc30c.jpg?resize=1536%2C1083 1536w, https:\/\/i0.wp.com\/ksroom.at\/info\/wp-content\/uploads\/2024\/09\/2d52d2f7-cc41-8e70-0471-1c55a01fc30c.jpg?resize=2048%2C1444 2048w\" sizes=\"(max-width: 909px) 100vw, 909px\" data-recalc-dims=\"1\" \/><\/figure>\n\n\n\n<figure class=\"wp-block-image size-large\"><img loading=\"lazy\" decoding=\"async\" width=\"909\" height=\"641\" data-attachment-id=\"1462\" data-permalink=\"http:\/\/ksroom.at\/info\/archiv\/2024-2\/1460-2\/255e139b-664f-d81a-4ceb-3103218a98ed\/\" data-orig-file=\"https:\/\/i0.wp.com\/ksroom.at\/info\/wp-content\/uploads\/2024\/09\/255e139b-664f-d81a-4ceb-3103218a98ed.jpg?fit=2480%2C1748\" data-orig-size=\"2480,1748\" data-comments-opened=\"0\" data-image-meta=\"{&quot;aperture&quot;:&quot;0&quot;,&quot;credit&quot;:&quot;&quot;,&quot;camera&quot;:&quot;&quot;,&quot;caption&quot;:&quot;&quot;,&quot;created_timestamp&quot;:&quot;0&quot;,&quot;copyright&quot;:&quot;&quot;,&quot;focal_length&quot;:&quot;0&quot;,&quot;iso&quot;:&quot;0&quot;,&quot;shutter_speed&quot;:&quot;0&quot;,&quot;title&quot;:&quot;&quot;,&quot;orientation&quot;:&quot;0&quot;}\" data-image-title=\"255e139b-664f-d81a-4ceb-3103218a98ed\" data-image-description=\"\" data-image-caption=\"\" data-medium-file=\"https:\/\/i0.wp.com\/ksroom.at\/info\/wp-content\/uploads\/2024\/09\/255e139b-664f-d81a-4ceb-3103218a98ed.jpg?fit=300%2C211\" data-large-file=\"https:\/\/i0.wp.com\/ksroom.at\/info\/wp-content\/uploads\/2024\/09\/255e139b-664f-d81a-4ceb-3103218a98ed.jpg?fit=909%2C641\" src=\"https:\/\/i0.wp.com\/ksroom.at\/info\/wp-content\/uploads\/2024\/09\/255e139b-664f-d81a-4ceb-3103218a98ed.jpg?resize=909%2C641\" alt=\"\" class=\"wp-image-1462\" srcset=\"https:\/\/i0.wp.com\/ksroom.at\/info\/wp-content\/uploads\/2024\/09\/255e139b-664f-d81a-4ceb-3103218a98ed.jpg?resize=909%2C641 909w, https:\/\/i0.wp.com\/ksroom.at\/info\/wp-content\/uploads\/2024\/09\/255e139b-664f-d81a-4ceb-3103218a98ed.jpg?resize=300%2C211 300w, https:\/\/i0.wp.com\/ksroom.at\/info\/wp-content\/uploads\/2024\/09\/255e139b-664f-d81a-4ceb-3103218a98ed.jpg?resize=1536%2C1083 1536w, https:\/\/i0.wp.com\/ksroom.at\/info\/wp-content\/uploads\/2024\/09\/255e139b-664f-d81a-4ceb-3103218a98ed.jpg?resize=2048%2C1444 2048w\" sizes=\"(max-width: 909px) 100vw, 909px\" data-recalc-dims=\"1\" \/><\/figure>\n\n\n\n<div style=\"height:40px\" aria-hidden=\"true\" class=\"wp-block-spacer\"><\/div>\n","protected":false},"excerpt":{"rendered":"<p>Sophia Gatzkan &amp; Julie Hayward Curated by Lisa-Maria Schmidt Opening 02.08.2025 02.08-25.08.2024 KS RoomD\u00f6rfl 18333 Kornberg bei Riegersburg DE Die Ausstellung \u201cMaterial Mutants\u201d sucht mit den zwei K\u00fcnstlerinnen Sophia Gatzkan und Julie Hayward nach dem Lebendigen in Materialien und der Materialit\u00e4t. Die gezeigten Kunstwerke erz\u00e4hlen Geschichten von K\u00f6rperlichkeit, die sich unserem menschlichen Blick ann\u00e4hern, um [&hellip;]<\/p>\n","protected":false},"author":6,"featured_media":0,"parent":1154,"menu_order":0,"comment_status":"closed","ping_status":"closed","template":"","meta":{"jetpack_post_was_ever_published":false,"footnotes":""},"class_list":["post-1460","page","type-page","status-publish","hentry"],"jetpack_sharing_enabled":true,"jetpack_shortlink":"https:\/\/wp.me\/P7jCLD-ny","jetpack-related-posts":[],"jetpack_likes_enabled":true,"_links":{"self":[{"href":"http:\/\/ksroom.at\/info\/wp-json\/wp\/v2\/pages\/1460"}],"collection":[{"href":"http:\/\/ksroom.at\/info\/wp-json\/wp\/v2\/pages"}],"about":[{"href":"http:\/\/ksroom.at\/info\/wp-json\/wp\/v2\/types\/page"}],"author":[{"embeddable":true,"href":"http:\/\/ksroom.at\/info\/wp-json\/wp\/v2\/users\/6"}],"replies":[{"embeddable":true,"href":"http:\/\/ksroom.at\/info\/wp-json\/wp\/v2\/comments?post=1460"}],"version-history":[{"count":6,"href":"http:\/\/ksroom.at\/info\/wp-json\/wp\/v2\/pages\/1460\/revisions"}],"predecessor-version":[{"id":1847,"href":"http:\/\/ksroom.at\/info\/wp-json\/wp\/v2\/pages\/1460\/revisions\/1847"}],"up":[{"embeddable":true,"href":"http:\/\/ksroom.at\/info\/wp-json\/wp\/v2\/pages\/1154"}],"wp:attachment":[{"href":"http:\/\/ksroom.at\/info\/wp-json\/wp\/v2\/media?parent=1460"}],"curies":[{"name":"wp","href":"https:\/\/api.w.org\/{rel}","templated":true}]}}