{"id":1109,"date":"2022-08-05T14:24:24","date_gmt":"2022-08-05T14:24:24","guid":{"rendered":"http:\/\/ksroom.at\/info\/?page_id=1109"},"modified":"2026-02-19T16:08:52","modified_gmt":"2026-02-19T16:08:52","slug":"fear-of-missing-out","status":"publish","type":"page","link":"http:\/\/ksroom.at\/info\/archiv\/2022-2\/fear-of-missing-out\/","title":{"rendered":"FEAR OF MISSING OUT"},"content":{"rendered":"<p>FEAR OF MISSING OUT<br \/>NANA MANDL &amp; KARL KARNER<\/p>\n<p>opening + dinner: 07.06. \/ 7pm<\/p>\n<p>exhibition: 08. &#8211; 24.07.2022<\/p>\n<p>Karl Karner und Nana Mandl starten in ihrer dritten gro\u00dfen Kollaboration einen Versuch den status quo unserer Gesellschaft sichtbar und greifbar zu machen: Ein gro\u00dfes Unterfangen, das in die Bereiche Skulptur, Malerei, Installation und Performance vordringt und ethische wie \u00e4sthetische Fragen aufwirft.<br \/>Die Auseinandersetzung mit und m\u00f6gliche Verkn\u00fcpfung von unterschiedlichen Blickwinkeln sind zentrale Ankerpunkte dieses Projektes.<\/p>\n<p>Bei dieser Ausstellung wurde das gewohnte Terrain verlassen und der\/die Kollaborateur*in in die vertrauten Techniken des\/der anderen eingef\u00fchrt. So entstehen in abwechselnder Kooperation mehrere gro\u00dfformatige Malerein, die ein Zusammenspiel der Zeichnungen des Bildhauer Karl Karner und gegenst\u00e4ndliche Malerei Nana Mandls darstellen. Und umgekehrt erweitern unz\u00e4hlige von der Decke h\u00e4ngende, lackierte Metall-G\u00fcsse Nana Mandls, die sich wie Tr\u00e4nen still schwebend \u00fcber die Betrachter*innen ergie\u00dfen, die m\u00e4chtige und zugleich luftige Aluminium Skulptur Karl Karners, die mittig im Raum thront.<br \/>Zwischen den einzelnen Werken finden sich auch immer wieder sogenannte &#8222;Futtern\u00e4pfe&#8220; wieder, die im Laufe der Vernissage mit 12 verschiedenen G\u00e4ngen bef\u00fcllt werden und die Betrachter*innen unweigerlich in die Lage bringen den Kunstwerken greifbar nahe zu kommen.<\/p>\n<p>Die sonst so unterschiedlichen Herangehensweisen und Techniken lassen sich im Nachhinein kaum mehr von einander trennen: Abstrakte Malerei trifft auf zeichnerische Elemente, dann auf klare Motive um wieder in einem Schlammschicht zu verschwinden, und gleichzeitig durch die skulpturalen Elemente zu einer Gesamtinstallation zu wachsen. Es stellt sich die Frage was von dem Bestehenden noch sichtbar bleibt und wie es sich auf das Dar\u00fcbergelegte auswirkt. Dabei spielt die ausgew\u00e4hlte Bilderwelt eine wesentliche Rolle: ein Mix von Fotos aus dem Internet sowie dem eigenen Archiv greifen immer wieder die gro\u00dfen Themen auf mit denen sich das K\u00fcnstler*innen-Duo in dieser Ausstellung auseinandersetzt: Globalisierung, Zusammenleben, \u00d6konomie, Ausbeutung, Liebe, Moral&#8230;<\/p>\n\n\n<figure class=\"wp-block-gallery has-nested-images columns-default is-cropped is-style-rectangular wp-block-gallery-1 is-layout-flex wp-block-gallery-is-layout-flex\">\n<figure class=\"wp-block-image size-large\"><img loading=\"lazy\" decoding=\"async\" width=\"740\" height=\"641\" data-attachment-id=\"1105\" data-permalink=\"http:\/\/ksroom.at\/info\/archiv\/2022-2\/schla_symbols-of-seduction_plastisol-farbe-schlamm-acryl-o%cc%88lpastell-spru%cc%88hlack-und-aluminium-auf-leinwand-gerahmt_204x184cm_2022_web\/\" data-orig-file=\"https:\/\/i0.wp.com\/ksroom.at\/info\/wp-content\/uploads\/2022\/08\/Schla_symbols-of-seduction_Plastisol-Farbe-Schlamm-Acryl-O\u0308lpastell-Spru\u0308hlack-und-Aluminium-auf-Leinwand-gerahmt_204x184cm_2022_web.jpg?fit=1200%2C1040\" data-orig-size=\"1200,1040\" data-comments-opened=\"0\" data-image-meta=\"{&quot;aperture&quot;:&quot;0&quot;,&quot;credit&quot;:&quot;&quot;,&quot;camera&quot;:&quot;&quot;,&quot;caption&quot;:&quot;&quot;,&quot;created_timestamp&quot;:&quot;0&quot;,&quot;copyright&quot;:&quot;&quot;,&quot;focal_length&quot;:&quot;0&quot;,&quot;iso&quot;:&quot;0&quot;,&quot;shutter_speed&quot;:&quot;0&quot;,&quot;title&quot;:&quot;&quot;,&quot;orientation&quot;:&quot;0&quot;}\" data-image-title=\"schla_symbols-of-seduction_plastisol-farbe-schlamm-acryl-o%cc%88lpastell-spru%cc%88hlack-und-aluminium-auf-leinwand-gerahmt_204x184cm_2022_web\" data-image-description=\"\" data-image-caption=\"\" data-medium-file=\"https:\/\/i0.wp.com\/ksroom.at\/info\/wp-content\/uploads\/2022\/08\/Schla_symbols-of-seduction_Plastisol-Farbe-Schlamm-Acryl-O\u0308lpastell-Spru\u0308hlack-und-Aluminium-auf-Leinwand-gerahmt_204x184cm_2022_web.jpg?fit=300%2C260\" data-large-file=\"https:\/\/i0.wp.com\/ksroom.at\/info\/wp-content\/uploads\/2022\/08\/Schla_symbols-of-seduction_Plastisol-Farbe-Schlamm-Acryl-O\u0308lpastell-Spru\u0308hlack-und-Aluminium-auf-Leinwand-gerahmt_204x184cm_2022_web.jpg?fit=740%2C641\" data-id=\"1105\" src=\"https:\/\/i0.wp.com\/ksroom.at\/info\/wp-content\/uploads\/2022\/08\/Schla_symbols-of-seduction_Plastisol-Farbe-Schlamm-Acryl-O\u0308lpastell-Spru\u0308hlack-und-Aluminium-auf-Leinwand-gerahmt_204x184cm_2022_web-740x641.jpg?resize=740%2C641&#038;ssl=1\" alt=\"\" class=\"wp-image-1105\" srcset=\"https:\/\/i0.wp.com\/ksroom.at\/info\/wp-content\/uploads\/2022\/08\/Schla_symbols-of-seduction_Plastisol-Farbe-Schlamm-Acryl-O\u0308lpastell-Spru\u0308hlack-und-Aluminium-auf-Leinwand-gerahmt_204x184cm_2022_web.jpg?resize=740%2C641 740w, https:\/\/i0.wp.com\/ksroom.at\/info\/wp-content\/uploads\/2022\/08\/Schla_symbols-of-seduction_Plastisol-Farbe-Schlamm-Acryl-O\u0308lpastell-Spru\u0308hlack-und-Aluminium-auf-Leinwand-gerahmt_204x184cm_2022_web.jpg?resize=300%2C260 300w, https:\/\/i0.wp.com\/ksroom.at\/info\/wp-content\/uploads\/2022\/08\/Schla_symbols-of-seduction_Plastisol-Farbe-Schlamm-Acryl-O\u0308lpastell-Spru\u0308hlack-und-Aluminium-auf-Leinwand-gerahmt_204x184cm_2022_web.jpg?w=1200 1200w\" sizes=\"(max-width: 740px) 100vw, 740px\" data-recalc-dims=\"1\" \/><\/figure>\n\n\n\n<figure class=\"wp-block-image size-large\"><img loading=\"lazy\" decoding=\"async\" width=\"962\" height=\"641\" data-attachment-id=\"1095\" data-permalink=\"http:\/\/ksroom.at\/info\/archiv\/2022-2\/fomo_installation-view_2_web\/\" data-orig-file=\"https:\/\/i0.wp.com\/ksroom.at\/info\/wp-content\/uploads\/2022\/08\/fomo_installation-view_2_web.jpg?fit=1200%2C800\" data-orig-size=\"1200,800\" data-comments-opened=\"0\" data-image-meta=\"{&quot;aperture&quot;:&quot;0&quot;,&quot;credit&quot;:&quot;&quot;,&quot;camera&quot;:&quot;&quot;,&quot;caption&quot;:&quot;&quot;,&quot;created_timestamp&quot;:&quot;0&quot;,&quot;copyright&quot;:&quot;&quot;,&quot;focal_length&quot;:&quot;0&quot;,&quot;iso&quot;:&quot;0&quot;,&quot;shutter_speed&quot;:&quot;0&quot;,&quot;title&quot;:&quot;&quot;,&quot;orientation&quot;:&quot;0&quot;}\" data-image-title=\"fomo_installation-view_2_web\" data-image-description=\"\" data-image-caption=\"\" data-medium-file=\"https:\/\/i0.wp.com\/ksroom.at\/info\/wp-content\/uploads\/2022\/08\/fomo_installation-view_2_web.jpg?fit=300%2C200\" data-large-file=\"https:\/\/i0.wp.com\/ksroom.at\/info\/wp-content\/uploads\/2022\/08\/fomo_installation-view_2_web.jpg?fit=962%2C641\" data-id=\"1095\" src=\"https:\/\/i0.wp.com\/ksroom.at\/info\/wp-content\/uploads\/2022\/08\/fomo_installation-view_2_web-962x641.jpg?resize=962%2C641&#038;ssl=1\" alt=\"\" class=\"wp-image-1095\" srcset=\"https:\/\/i0.wp.com\/ksroom.at\/info\/wp-content\/uploads\/2022\/08\/fomo_installation-view_2_web.jpg?resize=962%2C641 962w, https:\/\/i0.wp.com\/ksroom.at\/info\/wp-content\/uploads\/2022\/08\/fomo_installation-view_2_web.jpg?resize=300%2C200 300w, https:\/\/i0.wp.com\/ksroom.at\/info\/wp-content\/uploads\/2022\/08\/fomo_installation-view_2_web.jpg?w=1200 1200w\" sizes=\"(max-width: 962px) 100vw, 962px\" data-recalc-dims=\"1\" \/><\/figure>\n\n\n\n<figure class=\"wp-block-image size-large\"><img loading=\"lazy\" decoding=\"async\" width=\"962\" height=\"641\" data-attachment-id=\"1096\" data-permalink=\"http:\/\/ksroom.at\/info\/archiv\/2022-2\/fomo_installation-view_6_wev\/\" data-orig-file=\"https:\/\/i0.wp.com\/ksroom.at\/info\/wp-content\/uploads\/2022\/08\/fomo_installation-view_6_wev.jpg?fit=1200%2C800\" data-orig-size=\"1200,800\" data-comments-opened=\"0\" data-image-meta=\"{&quot;aperture&quot;:&quot;0&quot;,&quot;credit&quot;:&quot;&quot;,&quot;camera&quot;:&quot;&quot;,&quot;caption&quot;:&quot;&quot;,&quot;created_timestamp&quot;:&quot;0&quot;,&quot;copyright&quot;:&quot;&quot;,&quot;focal_length&quot;:&quot;0&quot;,&quot;iso&quot;:&quot;0&quot;,&quot;shutter_speed&quot;:&quot;0&quot;,&quot;title&quot;:&quot;&quot;,&quot;orientation&quot;:&quot;0&quot;}\" data-image-title=\"fomo_installation-view_6_wev\" data-image-description=\"\" data-image-caption=\"\" data-medium-file=\"https:\/\/i0.wp.com\/ksroom.at\/info\/wp-content\/uploads\/2022\/08\/fomo_installation-view_6_wev.jpg?fit=300%2C200\" data-large-file=\"https:\/\/i0.wp.com\/ksroom.at\/info\/wp-content\/uploads\/2022\/08\/fomo_installation-view_6_wev.jpg?fit=962%2C641\" data-id=\"1096\" src=\"https:\/\/i0.wp.com\/ksroom.at\/info\/wp-content\/uploads\/2022\/08\/fomo_installation-view_6_wev-962x641.jpg?resize=962%2C641&#038;ssl=1\" alt=\"\" class=\"wp-image-1096\" srcset=\"https:\/\/i0.wp.com\/ksroom.at\/info\/wp-content\/uploads\/2022\/08\/fomo_installation-view_6_wev.jpg?resize=962%2C641 962w, https:\/\/i0.wp.com\/ksroom.at\/info\/wp-content\/uploads\/2022\/08\/fomo_installation-view_6_wev.jpg?resize=300%2C200 300w, https:\/\/i0.wp.com\/ksroom.at\/info\/wp-content\/uploads\/2022\/08\/fomo_installation-view_6_wev.jpg?w=1200 1200w\" sizes=\"(max-width: 962px) 100vw, 962px\" data-recalc-dims=\"1\" \/><\/figure>\n\n\n\n<figure class=\"wp-block-image size-large\"><img loading=\"lazy\" decoding=\"async\" width=\"427\" height=\"641\" data-attachment-id=\"1101\" data-permalink=\"http:\/\/ksroom.at\/info\/archiv\/2022-2\/fomo_installation-view_13_web\/\" data-orig-file=\"https:\/\/i0.wp.com\/ksroom.at\/info\/wp-content\/uploads\/2022\/08\/fomo_installation-view_13_web.jpg?fit=800%2C1200\" data-orig-size=\"800,1200\" data-comments-opened=\"0\" data-image-meta=\"{&quot;aperture&quot;:&quot;0&quot;,&quot;credit&quot;:&quot;&quot;,&quot;camera&quot;:&quot;&quot;,&quot;caption&quot;:&quot;&quot;,&quot;created_timestamp&quot;:&quot;0&quot;,&quot;copyright&quot;:&quot;&quot;,&quot;focal_length&quot;:&quot;0&quot;,&quot;iso&quot;:&quot;0&quot;,&quot;shutter_speed&quot;:&quot;0&quot;,&quot;title&quot;:&quot;&quot;,&quot;orientation&quot;:&quot;0&quot;}\" data-image-title=\"fomo_installation-view_13_web\" data-image-description=\"\" data-image-caption=\"\" data-medium-file=\"https:\/\/i0.wp.com\/ksroom.at\/info\/wp-content\/uploads\/2022\/08\/fomo_installation-view_13_web.jpg?fit=200%2C300\" data-large-file=\"https:\/\/i0.wp.com\/ksroom.at\/info\/wp-content\/uploads\/2022\/08\/fomo_installation-view_13_web.jpg?fit=427%2C641\" data-id=\"1101\" src=\"https:\/\/i0.wp.com\/ksroom.at\/info\/wp-content\/uploads\/2022\/08\/fomo_installation-view_13_web-427x641.jpg?resize=427%2C641&#038;ssl=1\" alt=\"\" class=\"wp-image-1101\" srcset=\"https:\/\/i0.wp.com\/ksroom.at\/info\/wp-content\/uploads\/2022\/08\/fomo_installation-view_13_web.jpg?resize=427%2C641 427w, https:\/\/i0.wp.com\/ksroom.at\/info\/wp-content\/uploads\/2022\/08\/fomo_installation-view_13_web.jpg?resize=200%2C300 200w, https:\/\/i0.wp.com\/ksroom.at\/info\/wp-content\/uploads\/2022\/08\/fomo_installation-view_13_web.jpg?w=800 800w\" sizes=\"(max-width: 427px) 100vw, 427px\" data-recalc-dims=\"1\" \/><\/figure>\n\n\n\n<figure class=\"wp-block-image size-large\"><img loading=\"lazy\" decoding=\"async\" width=\"351\" height=\"641\" data-attachment-id=\"1093\" data-permalink=\"http:\/\/ksroom.at\/info\/archiv\/2022-2\/emotion-modern_c-a-au_plastisol-farbe-schlamm-acryl-o%cc%88lpastell-spru%cc%88hlack-und-aluminium-auf-leinwand-gerahmt_134x324cm_2022_web\/\" data-orig-file=\"https:\/\/i0.wp.com\/ksroom.at\/info\/wp-content\/uploads\/2022\/08\/Emotion-Modern_C-A-Au_Plastisol-Farbe-Schlamm-Acryl-O\u0308lpastell-Spru\u0308hlack-und-Aluminium-auf-Leinwand-gerahmt_134x324cm_2022_web.jpg?fit=658%2C1200\" data-orig-size=\"658,1200\" data-comments-opened=\"0\" data-image-meta=\"{&quot;aperture&quot;:&quot;0&quot;,&quot;credit&quot;:&quot;&quot;,&quot;camera&quot;:&quot;&quot;,&quot;caption&quot;:&quot;&quot;,&quot;created_timestamp&quot;:&quot;0&quot;,&quot;copyright&quot;:&quot;&quot;,&quot;focal_length&quot;:&quot;0&quot;,&quot;iso&quot;:&quot;0&quot;,&quot;shutter_speed&quot;:&quot;0&quot;,&quot;title&quot;:&quot;&quot;,&quot;orientation&quot;:&quot;0&quot;}\" data-image-title=\"emotion-modern_c-a-au_plastisol-farbe-schlamm-acryl-o%cc%88lpastell-spru%cc%88hlack-und-aluminium-auf-leinwand-gerahmt_134x324cm_2022_web\" data-image-description=\"\" data-image-caption=\"\" data-medium-file=\"https:\/\/i0.wp.com\/ksroom.at\/info\/wp-content\/uploads\/2022\/08\/Emotion-Modern_C-A-Au_Plastisol-Farbe-Schlamm-Acryl-O\u0308lpastell-Spru\u0308hlack-und-Aluminium-auf-Leinwand-gerahmt_134x324cm_2022_web.jpg?fit=165%2C300\" data-large-file=\"https:\/\/i0.wp.com\/ksroom.at\/info\/wp-content\/uploads\/2022\/08\/Emotion-Modern_C-A-Au_Plastisol-Farbe-Schlamm-Acryl-O\u0308lpastell-Spru\u0308hlack-und-Aluminium-auf-Leinwand-gerahmt_134x324cm_2022_web.jpg?fit=351%2C641\" data-id=\"1093\" src=\"https:\/\/i0.wp.com\/ksroom.at\/info\/wp-content\/uploads\/2022\/08\/Emotion-Modern_C-A-Au_Plastisol-Farbe-Schlamm-Acryl-O\u0308lpastell-Spru\u0308hlack-und-Aluminium-auf-Leinwand-gerahmt_134x324cm_2022_web-351x641.jpg?resize=351%2C641&#038;ssl=1\" alt=\"\" class=\"wp-image-1093\" srcset=\"https:\/\/i0.wp.com\/ksroom.at\/info\/wp-content\/uploads\/2022\/08\/Emotion-Modern_C-A-Au_Plastisol-Farbe-Schlamm-Acryl-O\u0308lpastell-Spru\u0308hlack-und-Aluminium-auf-Leinwand-gerahmt_134x324cm_2022_web.jpg?resize=351%2C641 351w, https:\/\/i0.wp.com\/ksroom.at\/info\/wp-content\/uploads\/2022\/08\/Emotion-Modern_C-A-Au_Plastisol-Farbe-Schlamm-Acryl-O\u0308lpastell-Spru\u0308hlack-und-Aluminium-auf-Leinwand-gerahmt_134x324cm_2022_web.jpg?resize=165%2C300 165w, https:\/\/i0.wp.com\/ksroom.at\/info\/wp-content\/uploads\/2022\/08\/Emotion-Modern_C-A-Au_Plastisol-Farbe-Schlamm-Acryl-O\u0308lpastell-Spru\u0308hlack-und-Aluminium-auf-Leinwand-gerahmt_134x324cm_2022_web.jpg?w=658 658w\" sizes=\"(max-width: 351px) 100vw, 351px\" data-recalc-dims=\"1\" \/><\/figure>\n\n\n\n<figure class=\"wp-block-image size-large\"><img loading=\"lazy\" decoding=\"async\" width=\"427\" height=\"641\" data-attachment-id=\"1097\" data-permalink=\"http:\/\/ksroom.at\/info\/archiv\/2022-2\/fomo_installation-view_7_web\/\" data-orig-file=\"https:\/\/i0.wp.com\/ksroom.at\/info\/wp-content\/uploads\/2022\/08\/fomo_installation-view_7_web.jpg?fit=800%2C1200\" data-orig-size=\"800,1200\" data-comments-opened=\"0\" data-image-meta=\"{&quot;aperture&quot;:&quot;0&quot;,&quot;credit&quot;:&quot;&quot;,&quot;camera&quot;:&quot;&quot;,&quot;caption&quot;:&quot;&quot;,&quot;created_timestamp&quot;:&quot;0&quot;,&quot;copyright&quot;:&quot;&quot;,&quot;focal_length&quot;:&quot;0&quot;,&quot;iso&quot;:&quot;0&quot;,&quot;shutter_speed&quot;:&quot;0&quot;,&quot;title&quot;:&quot;&quot;,&quot;orientation&quot;:&quot;0&quot;}\" data-image-title=\"fomo_installation-view_7_web\" data-image-description=\"\" data-image-caption=\"\" data-medium-file=\"https:\/\/i0.wp.com\/ksroom.at\/info\/wp-content\/uploads\/2022\/08\/fomo_installation-view_7_web.jpg?fit=200%2C300\" data-large-file=\"https:\/\/i0.wp.com\/ksroom.at\/info\/wp-content\/uploads\/2022\/08\/fomo_installation-view_7_web.jpg?fit=427%2C641\" data-id=\"1097\" src=\"https:\/\/i0.wp.com\/ksroom.at\/info\/wp-content\/uploads\/2022\/08\/fomo_installation-view_7_web-427x641.jpg?resize=427%2C641&#038;ssl=1\" alt=\"\" class=\"wp-image-1097\" srcset=\"https:\/\/i0.wp.com\/ksroom.at\/info\/wp-content\/uploads\/2022\/08\/fomo_installation-view_7_web.jpg?resize=427%2C641 427w, https:\/\/i0.wp.com\/ksroom.at\/info\/wp-content\/uploads\/2022\/08\/fomo_installation-view_7_web.jpg?resize=200%2C300 200w, https:\/\/i0.wp.com\/ksroom.at\/info\/wp-content\/uploads\/2022\/08\/fomo_installation-view_7_web.jpg?w=800 800w\" sizes=\"(max-width: 427px) 100vw, 427px\" data-recalc-dims=\"1\" \/><\/figure>\n\n\n\n<figure class=\"wp-block-image size-large\"><img loading=\"lazy\" decoding=\"async\" width=\"427\" height=\"641\" data-attachment-id=\"1099\" data-permalink=\"http:\/\/ksroom.at\/info\/archiv\/2022-2\/fomo_installation-view_11_web\/\" data-orig-file=\"https:\/\/i0.wp.com\/ksroom.at\/info\/wp-content\/uploads\/2022\/08\/fomo_installation-view_11_web.jpg?fit=800%2C1200\" data-orig-size=\"800,1200\" data-comments-opened=\"0\" data-image-meta=\"{&quot;aperture&quot;:&quot;0&quot;,&quot;credit&quot;:&quot;&quot;,&quot;camera&quot;:&quot;&quot;,&quot;caption&quot;:&quot;&quot;,&quot;created_timestamp&quot;:&quot;0&quot;,&quot;copyright&quot;:&quot;&quot;,&quot;focal_length&quot;:&quot;0&quot;,&quot;iso&quot;:&quot;0&quot;,&quot;shutter_speed&quot;:&quot;0&quot;,&quot;title&quot;:&quot;&quot;,&quot;orientation&quot;:&quot;0&quot;}\" data-image-title=\"fomo_installation-view_11_web\" data-image-description=\"\" data-image-caption=\"\" data-medium-file=\"https:\/\/i0.wp.com\/ksroom.at\/info\/wp-content\/uploads\/2022\/08\/fomo_installation-view_11_web.jpg?fit=200%2C300\" data-large-file=\"https:\/\/i0.wp.com\/ksroom.at\/info\/wp-content\/uploads\/2022\/08\/fomo_installation-view_11_web.jpg?fit=427%2C641\" data-id=\"1099\" src=\"https:\/\/i0.wp.com\/ksroom.at\/info\/wp-content\/uploads\/2022\/08\/fomo_installation-view_11_web-427x641.jpg?resize=427%2C641&#038;ssl=1\" alt=\"\" class=\"wp-image-1099\" srcset=\"https:\/\/i0.wp.com\/ksroom.at\/info\/wp-content\/uploads\/2022\/08\/fomo_installation-view_11_web.jpg?resize=427%2C641 427w, https:\/\/i0.wp.com\/ksroom.at\/info\/wp-content\/uploads\/2022\/08\/fomo_installation-view_11_web.jpg?resize=200%2C300 200w, https:\/\/i0.wp.com\/ksroom.at\/info\/wp-content\/uploads\/2022\/08\/fomo_installation-view_11_web.jpg?w=800 800w\" sizes=\"(max-width: 427px) 100vw, 427px\" data-recalc-dims=\"1\" \/><\/figure>\n\n\n\n<figure class=\"wp-block-image size-large\"><img loading=\"lazy\" decoding=\"async\" width=\"1094\" height=\"641\" data-attachment-id=\"1092\" data-permalink=\"http:\/\/ksroom.at\/info\/archiv\/2022-2\/cool-cats-crazy-habits_walbild_plastisol-farbe-acryl-gouache-spru%cc%88hlack-und-kohle-auf-leinwand-gerahmt_379x194cm_2022_web\/\" data-orig-file=\"https:\/\/i0.wp.com\/ksroom.at\/info\/wp-content\/uploads\/2022\/08\/cool-cats-crazy-habits_Walbild_Plastisol-Farbe-Acryl-Gouache-Spru\u0308hlack-und-Kohle-auf-Leinwand-gerahmt_379x194cm_2022_web.jpg?fit=1200%2C703\" data-orig-size=\"1200,703\" data-comments-opened=\"0\" data-image-meta=\"{&quot;aperture&quot;:&quot;0&quot;,&quot;credit&quot;:&quot;&quot;,&quot;camera&quot;:&quot;&quot;,&quot;caption&quot;:&quot;&quot;,&quot;created_timestamp&quot;:&quot;0&quot;,&quot;copyright&quot;:&quot;&quot;,&quot;focal_length&quot;:&quot;0&quot;,&quot;iso&quot;:&quot;0&quot;,&quot;shutter_speed&quot;:&quot;0&quot;,&quot;title&quot;:&quot;&quot;,&quot;orientation&quot;:&quot;0&quot;}\" data-image-title=\"cool-cats-crazy-habits_walbild_plastisol-farbe-acryl-gouache-spru%cc%88hlack-und-kohle-auf-leinwand-gerahmt_379x194cm_2022_web\" data-image-description=\"\" data-image-caption=\"\" data-medium-file=\"https:\/\/i0.wp.com\/ksroom.at\/info\/wp-content\/uploads\/2022\/08\/cool-cats-crazy-habits_Walbild_Plastisol-Farbe-Acryl-Gouache-Spru\u0308hlack-und-Kohle-auf-Leinwand-gerahmt_379x194cm_2022_web.jpg?fit=300%2C176\" data-large-file=\"https:\/\/i0.wp.com\/ksroom.at\/info\/wp-content\/uploads\/2022\/08\/cool-cats-crazy-habits_Walbild_Plastisol-Farbe-Acryl-Gouache-Spru\u0308hlack-und-Kohle-auf-Leinwand-gerahmt_379x194cm_2022_web.jpg?fit=1094%2C641\" data-id=\"1092\" src=\"https:\/\/i0.wp.com\/ksroom.at\/info\/wp-content\/uploads\/2022\/08\/cool-cats-crazy-habits_Walbild_Plastisol-Farbe-Acryl-Gouache-Spru\u0308hlack-und-Kohle-auf-Leinwand-gerahmt_379x194cm_2022_web-1094x641.jpg?resize=1094%2C641&#038;ssl=1\" alt=\"\" class=\"wp-image-1092\" srcset=\"https:\/\/i0.wp.com\/ksroom.at\/info\/wp-content\/uploads\/2022\/08\/cool-cats-crazy-habits_Walbild_Plastisol-Farbe-Acryl-Gouache-Spru\u0308hlack-und-Kohle-auf-Leinwand-gerahmt_379x194cm_2022_web.jpg?resize=1094%2C641 1094w, https:\/\/i0.wp.com\/ksroom.at\/info\/wp-content\/uploads\/2022\/08\/cool-cats-crazy-habits_Walbild_Plastisol-Farbe-Acryl-Gouache-Spru\u0308hlack-und-Kohle-auf-Leinwand-gerahmt_379x194cm_2022_web.jpg?resize=300%2C176 300w, https:\/\/i0.wp.com\/ksroom.at\/info\/wp-content\/uploads\/2022\/08\/cool-cats-crazy-habits_Walbild_Plastisol-Farbe-Acryl-Gouache-Spru\u0308hlack-und-Kohle-auf-Leinwand-gerahmt_379x194cm_2022_web.jpg?w=1200 1200w\" sizes=\"(max-width: 1000px) 100vw, 1000px\" data-recalc-dims=\"1\" \/><\/figure>\n<\/figure>\n","protected":false},"excerpt":{"rendered":"<p>FEAR OF MISSING OUTNANA MANDL &amp; KARL KARNER opening + dinner: 07.06. \/ 7pm exhibition: 08. &#8211; 24.07.2022 Karl Karner und Nana Mandl starten in ihrer dritten gro\u00dfen Kollaboration einen Versuch den status quo unserer Gesellschaft sichtbar und greifbar zu machen: Ein gro\u00dfes Unterfangen, das in die Bereiche Skulptur, Malerei, Installation und Performance vordringt und [&hellip;]<\/p>\n","protected":false},"author":4,"featured_media":1095,"parent":1091,"menu_order":0,"comment_status":"closed","ping_status":"closed","template":"","meta":{"jetpack_post_was_ever_published":false,"footnotes":""},"class_list":["post-1109","page","type-page","status-publish","has-post-thumbnail","hentry"],"jetpack_sharing_enabled":true,"jetpack_shortlink":"https:\/\/wp.me\/P7jCLD-hT","jetpack-related-posts":[],"jetpack_likes_enabled":true,"_links":{"self":[{"href":"http:\/\/ksroom.at\/info\/wp-json\/wp\/v2\/pages\/1109"}],"collection":[{"href":"http:\/\/ksroom.at\/info\/wp-json\/wp\/v2\/pages"}],"about":[{"href":"http:\/\/ksroom.at\/info\/wp-json\/wp\/v2\/types\/page"}],"author":[{"embeddable":true,"href":"http:\/\/ksroom.at\/info\/wp-json\/wp\/v2\/users\/4"}],"replies":[{"embeddable":true,"href":"http:\/\/ksroom.at\/info\/wp-json\/wp\/v2\/comments?post=1109"}],"version-history":[{"count":5,"href":"http:\/\/ksroom.at\/info\/wp-json\/wp\/v2\/pages\/1109\/revisions"}],"predecessor-version":[{"id":1880,"href":"http:\/\/ksroom.at\/info\/wp-json\/wp\/v2\/pages\/1109\/revisions\/1880"}],"up":[{"embeddable":true,"href":"http:\/\/ksroom.at\/info\/wp-json\/wp\/v2\/pages\/1091"}],"wp:featuredmedia":[{"embeddable":true,"href":"http:\/\/ksroom.at\/info\/wp-json\/wp\/v2\/media\/1095"}],"wp:attachment":[{"href":"http:\/\/ksroom.at\/info\/wp-json\/wp\/v2\/media?parent=1109"}],"curies":[{"name":"wp","href":"https:\/\/api.w.org\/{rel}","templated":true}]}}